{"id":1095,"date":"2013-03-04T16:48:18","date_gmt":"2013-03-04T15:48:18","guid":{"rendered":"http:\/\/lhommevrai-diffusion.com\/OHV\/?page_id=1095"},"modified":"2019-10-20T10:15:00","modified_gmt":"2019-10-20T08:15:00","slug":"cryotherapie-corps-entier","status":"publish","type":"page","link":"https:\/\/lhommevrai-diffusion.com\/OHV\/solidarite\/cryotherapie-corps-entier\/","title":{"rendered":"Cryoth\u00e9rapie corps entier"},"content":{"rendered":"<h1>Pourquoi soutenons-nous cette th\u00e9rapie en particulier ?<\/h1>\n<ul>\n<li>En premier lieu parce que la Vie nous a permis d&#8217;apprendre son existence.<\/li>\n<li>Xavier Julien cofondateur de l&#8217;association l&#8217;a test\u00e9 en personne pour des douleurs li\u00e9es \u00e0 une spondylarthrite ankylosante.<\/li>\n<li>Les r\u00e9sultats sont spectaculaires.<\/li>\n<li>C&#8217;est une th\u00e9rapie naturelle sans effet secondaire.<\/li>\n<li>La cryoth\u00e9rapie corps entier est utilis\u00e9e depuis plus de 20 ans dans les pays europ\u00e9ens, m\u00eame rembours\u00e9e par la s\u00e9curit\u00e9 sociale en Pologne par exemple depuis plus de 10 ans. Les publications scientifiques \u00e9trang\u00e8res sont nombreuses et l&#8217;efficacit\u00e9 est prouv\u00e9e depuis longtemps.<\/li>\n<li>Le champ d&#8217;application de cette th\u00e9rapie est immense.<\/li>\n<li>Il y a un manque de communication sur le sujet en France.<\/li>\n<\/ul>\n<p>&nbsp;<\/p>\n<h1>Qu&#8217;est-ce que la cryoth\u00e9rapie corps entier ?<\/h1>\n<p>Une cure de cryoth\u00e9rapie corps entier se compose d&#8217;une s\u00e9rie d&#8217;expositions de courte dur\u00e9e (3 minutes) \u00e0 une temp\u00e9rature tr\u00e8s basse (-110]C) sur plusieurs jours (5 ou 10) \u00e0 raison de 2 s\u00e9ances par jour.<\/p>\n<p>C&#8217;est le corps en entier qui est expos\u00e9.<\/p>\n<p>Nous vous invitons \u00e0 visionner le reportage de TF1, Dr\u00f4les de m\u00e9decines diffus\u00e9 en 2009. <strong><em>Aller \u00e0 la 12eme minute !<\/em><\/strong><\/p>\n<p><iframe loading=\"lazy\" style=\"width: 560px; height: 315px;\" src=\"http:\/\/www.wat.tv\/embedframe\/192475chuPP3r2125231\" width=\"320\" height=\"240\" frameborder=\"0\"><\/iframe><\/p>\n<div class=\"watlinks\" style=\"width: WIDTHpx; font-size: 11px; background: #CCCCCC; padding: 2px 0 4px 0; text-align: center;\"><a class=\"waturl\" title=\"Vid\u00e9o Dr\u00f4les de m\u00e9decines sur wat.tv\" href=\"http:\/\/www.wat.tv\/video\/droles-medecines-19ju7_2fi53_.html\" target=\"_blank\" rel=\"noopener\"><strong>Dr\u00f4les de m\u00e9decines<\/strong><\/a> Vid\u00e9o <a class=\"waturl altuser\" title=\"Retrouvez toutes les vid\u00e9os TF1-Videos sur wat.tv\" href=\"http:\/\/www.wat.tv\/TF1-Videos\" target=\"_blank\" rel=\"noopener\">TF1-Videos<\/a> s\u00e9lectionn\u00e9e dans <a class=\"waturl alttheme\" title=\"Toutes les vid\u00e9os Replay TV sont sur wat.tv\" href=\"http:\/\/www.wat.tv\/guide\/tv\" target=\"_blank\" rel=\"noopener\">Replay TV<\/a><\/div>\n<p>&nbsp;<\/p>\n<p>Voir d&#8217;autres vid\u00e9os sur le blog cr\u00e9\u00e9 par Xavier pour faire connaitre cette th\u00e9rapie :\u00a0<a title=\"Vivire et Agir Avec la Spondylarthrite Ankylosante\" href=\"http:\/\/vaasa.overblog.com\/\" target=\"_blank\" rel=\"noopener\">http:\/\/vaasa.overblog.com\/<\/a><!--themify_builder_content-->\n<div id=\"themify_builder_content-1095\" data-postid=\"1095\" class=\"themify_builder_content themify_builder_content-1095 themify_builder tf_clear\">\n                    <div  data-lazy=\"1\" class=\"module_row themify_builder_row tb_5hh8051 tb_first tf_w\">\n                        <div class=\"row_inner col_align_top tb_col_count_1 tf_box tf_rel\">\n                        <div  data-lazy=\"1\" class=\"module_column tb-column col-full   tb_pvpt557 first\">\n                    <!-- module maps pro -->\n<div  id=\"tb_f8i9085\" class=\"module module-maps-pro tb_f8i9085  tf_lazy\" data-zoom=\"6\" data-type=\"ROADMAP\" data-address=\"11 av du tremblay, 75012 Paris\" data-scrollwheel=\"1\" data-draggable=\"enable\" data-disable_map_ui=\"\" data-polyline=\"\" data-geodesic=\"\" data-polylineStroke=\"2\" data-polylineColor=\"\" data-trigger=\"\" data-mapid=\"\" data-style_map=\"bentley\" data-legacymarkers=\"\" data-lazy=\"1\">\n\t<h3 class=\"module-title\">Liste des centres de cryoth\u00e9rapie corps entier en France - Chambre \u00e9lectrique<\/h3>\n\t\t\t<div class=\"maps-pro-canvas-container\">\n\t\t\t<div class=\"maps-pro-canvas\" style=\"width:100%;height:900px\"><\/div>\n\t\t<\/div>\n\t\t\t\t\t<template>\n\t\t\t\t\t\t\t\t\t<div data-address=\"48.833946,2.454637000000048\" data-image=\"\">\n\t\t\t\t\t\tINSEP 11 av du tremblay, 75012 Paris 01 41 74 42 52\nhttp:\/\/www.insep.fr\/FR\/activites\/Medical\/cryotherapie_corps_entier\/Pages\/cryotherapie_corps_entier.aspx\t\t\t\t\t<\/div>\n\t\t\t\t\t\t\t\t\t<div data-address=\"48.625196,-1.9841920000000073\" data-image=\"\">\n\t\t\t\t\t\tClinique de la C\u00f4te d'\u00c9meraude, Centre de cryoth\u00e9rapie Bretagne - 1 rue de la Maison Neuve\n\nBP 54 \u2013 35 404 SAINT-MALO\n\ncontact@cryotherapie-bretagne.com\n\nT\u00e9l\u00e9phone: 02.23.52.20.83 \nPortable: 06 59 26 48 82 - http:\/\/cryotherapie-bretagne.com\/\t\t\t\t\t<\/div>\n\t\t\t\t\t\t\t\t\t<div data-address=\"43.615325,3.868347999999969\" data-image=\"\">\n\t\t\t\t\t\tInstitut m\u00e9diterran\u00e9en de traumatologie du sport - 06 44 24 94 90 - http:\/\/www.imtsports.fr\/\t\t\t\t\t<\/div>\n\t\t\t\t\t\t\t\t\t<div data-address=\"43.625066,4.0149959999999965\" data-image=\"\">\n\t\t\t\t\t\tCryop\u00f4le Mauguio - 04 99 66 51 35 - http:\/\/cryopole.com\/\t\t\t\t\t<\/div>\n\t\t\t\t\t\t\t\t\t<div data-address=\"43.506663,5.3343569999999545\" data-image=\"\">\n\t\t\t\t\t\tLe 3CE - 04 42 91 86 58 - http:\/\/www.le3ce.com\/\t\t\t\t\t<\/div>\n\t\t\t\t\t\t\t\t\t<div data-address=\"43.700888,7.266065000000026\" data-image=\"\">\n\t\t\t\t\t\tCryoNice - 04 93 91 24 95 - http:\/\/cryonice.com\/\t\t\t\t\t<\/div>\n\t\t\t\t\t\t\t\t\t<div data-address=\"45.766327,4.8571190000000115\" data-image=\"\">\n\t\t\t\t\t\tCRYO BODY Lyon - 33 Boulevard des Brotteaux 69006 Lyon - 04 72 37 24 50 - http:\/\/cryobody.com\/\t\t\t\t\t<\/div>\n\t\t\t\t\t\t\t\t\t<div data-address=\"47.744736,7.333295000000021\" data-image=\"\">\n\t\t\t\t\t\tCryoCentre 6 rue des Rabbins\n 68100 Mulhouse 03 89 36 16 43  http:\/\/www.cryocentre.fr\/\t\t\t\t\t<\/div>\n\t\t\t\t\t\t\t\t\t<div data-address=\"48.155913,-1.7047440000000051\" data-image=\"\">\n\t\t\t\t\t\tkemijoki Route du meuble\n 18 rue Edison \u2013 zone de D\u00e9coparc  \u2013 35760 MONTGERMONT 02 30 21 04 20 http:\/\/www.kemijoki.fr\/\t\t\t\t\t<\/div>\n\t\t\t\t\t\t\t\t\t<div data-address=\"43.270451,5.414379999999937\" data-image=\"\">\n\t\t\t\t\t\tCRYOKINE - 9 rue Gaston Berger - Site de la R\u00e9sidence du parc\n13010 Marseille\n- 04 91 77 34 08 - http:\/\/www.cryotherapie-kinesitherapie.fr\/\t\t\t\t\t<\/div>\n\t\t\t\t\t\t\t\t\t<div data-address=\"43.720248,7.27370099999996\" data-image=\"\">\n\t\t\t\t\t\t73 Bd de Cimiez, Les Salons du R\u00e9gina, 06000 Nice\nTel:  04 97 08 18 18\nEmail:  contact@cryo-regina.com\nWeb: www.cryo-regina.com\t\t\t\t\t<\/div>\n\t\t\t\t\t\t\t\t\t<div data-address=\"43.609726,1.3909320000000207\" data-image=\"\">\n\t\t\t\t\t\tOXALYDE SANTE\n112 Chemin de la Flamb\u00e8re\n31300 TOULOUSE\ncontact@oxalyde-sante.com\n\t\t\t\t\t<\/div>\n\t\t\t\t\t\t\t\t\t<div data-address=\"43.700138,7.268180000000029\" data-image=\"\">\n\t\t\t\t\t\tCLUB START 19 av Jean M\u00e9decin\n06300 NICE\nTel : 04 93 85 75 82\nhttp:\/\/www.clubstart.fr\t\t\t\t\t<\/div>\n\t\t\t\t\t\t\t\t\t<div data-address=\"43.815496,4.356302000000028\" data-image=\"\">\n\t\t\t\t\t\tCryopole N\u00eemes \n480 avenue Saint Andr\u00e9 de Codols\nB\u00e2timent l\u2019Odyss\u00e9e\n30 900 N\u00eemes\n 04 66 29 41 09\nhttp:\/\/cryopole.com\/nimes\/\t\t\t\t\t<\/div>\n\t\t\t\t\t\t\t\t\t<div data-address=\"43.306004,3.1692809999999554\" data-image=\"\">\n\t\t\t\t\t\tCryo d'oc\nZAC de Viargues\n1 Rue de l'Industrie, 34440 Colombiers\n04 67 90 25 97\nhttp:\/\/cryo-doc.com\/\t\t\t\t\t<\/div>\n\t\t\t\t\t\t\t\t\t<div data-address=\"-20.9251929,55.338760500000035\" data-image=\"\">\n\t\t\t\t\t\tRUN Alti Cryo \n2, rue du Camp Magloire,\nR\u00e9sidence Lob\u00e9lie\n97419 La Possession\n02.62.34.09.89\nhttps:\/\/www.runalticryo.fr\/\t\t\t\t\t<\/div>\n\t\t\t\t\t\t\t\t\t<div data-address=\"-21.2725126,55.33540530000005\" data-image=\"\">\n\t\t\t\t\t\tCRYO SPORT SANT\u00c9\n4 bis, avenue de la Bretagne\n97427  L'\u00c9TANG SAL\u00c9 LES BAINS\nhttps:\/\/www.cryo-sport-sante-reunion.com\/\nt\u00e9l. 09 76 90 67 64\nou 06 92 00 19 58\t\t\t\t\t<\/div>\n\t\t\t\t\t\t\t<\/template>\n\t\t\t\t\n\t<\/div>\n<!-- \/module maps pro -->        <\/div>\n                        <\/div>\n        <\/div>\n                        <div  data-lazy=\"1\" class=\"module_row themify_builder_row tb_zhz9155 tf_w\">\n                        <div class=\"row_inner col_align_top tb_col_count_1 tf_box tf_rel\">\n                        <div  data-lazy=\"1\" class=\"module_column tb-column col-full   tb_57bm757 first\">\n                    <!-- module maps pro -->\n<div  id=\"tb_fi9v558\" class=\"module module-maps-pro tb_fi9v558  tf_lazy\" data-zoom=\"6\" data-type=\"ROADMAP\" data-address=\"11 av du tremblay, 75012 Paris\" data-scrollwheel=\"1\" data-draggable=\"enable\" data-disable_map_ui=\"\" data-polyline=\"\" data-geodesic=\"\" data-polylineStroke=\"2\" data-polylineColor=\"\" data-trigger=\"\" data-mapid=\"\" data-style_map=\"bentley\" data-legacymarkers=\"\" data-lazy=\"1\">\n\t<h3 class=\"module-title\">Liste des centres de cryoth\u00e9rapie corps entier en France - cryosauna (Azote)<\/h3>\n\t\t\t<div class=\"maps-pro-canvas-container\">\n\t\t\t<div class=\"maps-pro-canvas\" style=\"width:100%;height:900px\"><\/div>\n\t\t<\/div>\n\t\t\t\t\t<template>\n\t\t\t\t\t\t\t\t\t<div data-address=\"48.842182,2.3305910000000267\" data-image=\"\">\n\t\t\t\t\t\tCryotep - 01 71 60 97 36 - http:\/\/www.cryotep.com\/\t\t\t\t\t<\/div>\n\t\t\t\t\t\t\t\t\t<div data-address=\"48.873213,2.3031579999999394\" data-image=\"\">\n\t\t\t\t\t\tBioline Etoile - 01 42 89 65 55 - http:\/\/www.biolineinstitut.com\/\t\t\t\t\t<\/div>\n\t\t\t\t\t\t\t\t\t<div data-address=\"48.988894,2.2275939999999537\" data-image=\"\">\n\t\t\t\t\t\tCryocare - 07 82 24 83 00 - http:\/\/www.cryocare.info\/\t\t\t\t\t<\/div>\n\t\t\t\t\t\t\t\t\t<div data-address=\"50.468508,3.2431309999999485\" data-image=\"\">\n\t\t\t\t\t\tCRYO-SANTE - 03 20 84 72 68 - http:\/\/www.cryosante.com\/\t\t\t\t\t<\/div>\n\t\t\t\t\t\t\t\t\t<div data-address=\"50.428379,2.71114799999998\" data-image=\"\">\n\t\t\t\t\t\tSCM LE CADUCEE\u00a0- 03 20 45 50 00\t\t\t\t\t<\/div>\n\t\t\t\t\t\t\t\t\t<div data-address=\"49.51813,0.5331690000000435\" data-image=\"\">\n\t\t\t\t\t\tCRYO- LILLEBONNE - 02 32 75 85 97 - http:\/\/www.cryo-lillebonne.fr\/\t\t\t\t\t<\/div>\n\t\t\t\t\t\t\t\t\t<div data-address=\"49.494371,0.10505000000000564\" data-image=\"\">\n\t\t\t\t\t\tCryo-Equilibre - 02 77 00 09 05 - 06 03 38 42 85\t\t\t\t\t<\/div>\n\t\t\t\t\t\t\t\t\t<div data-address=\"48.144421,-1.6875420000000076\" data-image=\"\">\n\t\t\t\t\t\tC.H.P Saint-Gr\u00e9goire, Physio-R\u00e9cup - 02 99 23 36 17 - http:\/\/www.physio-recup.fr\/\t\t\t\t\t<\/div>\n\t\t\t\t\t\t\t\t\t<div data-address=\"47.381614,0.6773200000000088\" data-image=\"\">\n\t\t\t\t\t\tCryo-one - www.cryo-one.fr T\u00e9l : 06 19 24 39 35\t\t\t\t\t<\/div>\n\t\t\t\t\t\t\t\t\t<div data-address=\"45.168537,1.5686319999999796\" data-image=\"\">\n\t\t\t\t\t\tVithalia - 05 55 922 922 - http:\/\/www.vithalia.com\/\t\t\t\t\t<\/div>\n\t\t\t\t\t\t\t\t\t<div data-address=\"44.85343,-0.5099700000000666\" data-image=\"\">\n\t\t\t\t\t\tInnov'clinique - 05 56 30 90 29\t\t\t\t\t<\/div>\n\t\t\t\t\t\t\t\t\t<div data-address=\"44.838679,-0.6204549999999927\" data-image=\"\">\n\t\t\t\t\t\tCryosens - 06 19 03 21 80 - http:\/\/www.cryosens.fr\/\t\t\t\t\t<\/div>\n\t\t\t\t\t\t\t\t\t<div data-address=\"43.48175,-1.5536240000000134\" data-image=\"\">\n\t\t\t\t\t\tCryOst\u00e9oZen - 07 87 36 73 81 - http:\/\/www.centre-soins-cryosteozen.fr\/\t\t\t\t\t<\/div>\n\t\t\t\t\t\t\t\t\t<div data-address=\"43.611441,1.4139780000000428\" data-image=\"\">\n\t\t\t\t\t\tCRYOSUD Toulouse - 05 61 17 92 93 - http:\/\/cryosud-toulouse.com\/\t\t\t\t\t<\/div>\n\t\t\t\t\t\t\t\t\t<div data-address=\"43.627308,3.8099130000000514\" data-image=\"\">\n\t\t\t\t\t\tVichy Spa-Hotel - 04 67 410 420\t\t\t\t\t<\/div>\n\t\t\t\t\t\t\t\t\t<div data-address=\"43.615325,3.868347999999969\" data-image=\"\">\n\t\t\t\t\t\tInstitut m\u00e9diterran\u00e9en de traumatologie du sport - 06 44 24 94 90 - http:\/\/www.imtsports.fr\/\t\t\t\t\t<\/div>\n\t\t\t\t\t\t\t\t\t<div data-address=\"43.828001,4.33418400000005\" data-image=\"\">\n\t\t\t\t\t\tM\u00e9decin LABADIE - 04 66 04 01 01\t\t\t\t\t<\/div>\n\t\t\t\t\t\t\t\t\t<div data-address=\"43.506663,5.3343569999999545\" data-image=\"\">\n\t\t\t\t\t\tLe 3CE - 04 42 91 86 58 - http:\/\/www.le3ce.com\/\t\t\t\t\t<\/div>\n\t\t\t\t\t\t\t\t\t<div data-address=\"45.269934,4.675228000000061\" data-image=\"\">\n\t\t\t\t\t\tCRYO 07 - 06 60 12 00 07 - http:\/\/cry07.com\/\t\t\t\t\t<\/div>\n\t\t\t\t\t\t\t\t\t<div data-address=\"49.243064,6.129028999999946\" data-image=\"\">\n\t\t\t\t\t\tTHERMAPOLIS 03 87 70 99 43 http:\/\/www.thermapolis.com\/\t\t\t\t\t<\/div>\n\t\t\t\t\t\t\t\t\t<div data-address=\"50.620448,3.0592289999999593\" data-image=\"\">\n\t\t\t\t\t\tCRIONOR 0685316440 http:\/\/www.crionor.fr\/\t\t\t\t\t<\/div>\n\t\t\t\t\t\t\t\t\t<div data-address=\"51.039167,2.3797680000000128\" data-image=\"\">\n\t\t\t\t\t\tMK DE \n16 rue des arbres \n59140 Dunkerque\t\t\t\t\t<\/div>\n\t\t\t\t\t\t\t\t\t<div data-address=\"43.1881801,3.008932200000004\" data-image=\"\">\n\t\t\t\t\t\tCRYOSPHERE\n43 avenue Pierre Semard 11100 Narbonne\n06 58 11 73 91\nhttps:\/\/cryotherapie-narbonne.fr\/\t\t\t\t\t<\/div>\n\t\t\t\t\t\t\t<\/template>\n\t\t\t\t\n\t<\/div>\n<!-- \/module maps pro -->        <\/div>\n                        <\/div>\n        <\/div>\n                        <div  data-lazy=\"1\" class=\"module_row themify_builder_row tb_ngy3072 tf_w\">\n                        <div class=\"row_inner col_align_top tb_col_count_1 tf_box tf_rel\">\n                        <div  data-lazy=\"1\" class=\"module_column tb-column col-full   tb_jn0w550 first\">\n                    <!-- module text -->\n<div  class=\"module module-text tb_4zs1527   \" data-lazy=\"1\">\n        <div  class=\"tb_text_wrap\">\n        <h2>Une page facebook pour suivre l&#8217;actualit\u00e9 et \u00e9changer sur la cryoth\u00e9rapie corps entier<\/h2>    <\/div>\n<\/div>\n<!-- \/module text --><!-- module text -->\n<div  class=\"module module-text tb_e2hv055   \" data-lazy=\"1\">\n        <div  class=\"tb_text_wrap\">\n        <p>[efb_feed fanpage_url=&#8221;VivreAgirAvecSpondylarthriteAnkylosante&#8221; layout=&#8221;album&#8221; image_size=&#8221;normal&#8221; type=&#8221;page&#8221; post_by=&#8221;me&#8221; show_logo=&#8221;1&#8243; show_image=&#8221;1&#8243; show_like_box=&#8221;1&#8243; links_new_tab=&#8221;1&#8243; post_number=&#8221;6) post_limit=&#8221;30&#8243; cache_unit=&#8221;1&#8243; cache_duration=&#8221;hours&#8221;]<\/p>    <\/div>\n<\/div>\n<!-- \/module text -->        <\/div>\n                        <\/div>\n        <\/div>\n        <\/div>\n<!--\/themify_builder_content-->","protected":false},"excerpt":{"rendered":"<p>Pourquoi soutenons-nous cette th\u00e9rapie en particulier ? En premier lieu parce que la Vie nous a permis d&#8217;apprendre son existence. Xavier Julien cofondateur de l&#8217;association l&#8217;a test\u00e9 en personne pour des douleurs li\u00e9es \u00e0 une spondylarthrite ankylosante. Les r\u00e9sultats sont spectaculaires. C&#8217;est une th\u00e9rapie naturelle sans effet secondaire. La cryoth\u00e9rapie corps entier est utilis\u00e9e depuis [&hellip;]<\/p>\n","protected":false},"author":1,"featured_media":0,"parent":1090,"menu_order":0,"comment_status":"closed","ping_status":"closed","template":"","meta":{"_bbp_topic_count":0,"_bbp_reply_count":0,"_bbp_total_topic_count":0,"_bbp_total_reply_count":0,"_bbp_voice_count":0,"_bbp_anonymous_reply_count":0,"_bbp_topic_count_hidden":0,"_bbp_reply_count_hidden":0,"_bbp_forum_subforum_count":0,"jetpack_post_was_ever_published":false,"footnotes":""},"class_list":["post-1095","page","type-page","status-publish","hentry","has-post-title","has-post-date","has-post-category","has-post-tag","has-post-comment","has-post-author",""],"jetpack_shortlink":"https:\/\/wp.me\/P77fPY-hF","jetpack_sharing_enabled":true,"_links":{"self":[{"href":"https:\/\/lhommevrai-diffusion.com\/OHV\/wp-json\/wp\/v2\/pages\/1095","targetHints":{"allow":["GET"]}}],"collection":[{"href":"https:\/\/lhommevrai-diffusion.com\/OHV\/wp-json\/wp\/v2\/pages"}],"about":[{"href":"https:\/\/lhommevrai-diffusion.com\/OHV\/wp-json\/wp\/v2\/types\/page"}],"author":[{"embeddable":true,"href":"https:\/\/lhommevrai-diffusion.com\/OHV\/wp-json\/wp\/v2\/users\/1"}],"replies":[{"embeddable":true,"href":"https:\/\/lhommevrai-diffusion.com\/OHV\/wp-json\/wp\/v2\/comments?post=1095"}],"version-history":[{"count":12,"href":"https:\/\/lhommevrai-diffusion.com\/OHV\/wp-json\/wp\/v2\/pages\/1095\/revisions"}],"predecessor-version":[{"id":5267,"href":"https:\/\/lhommevrai-diffusion.com\/OHV\/wp-json\/wp\/v2\/pages\/1095\/revisions\/5267"}],"up":[{"embeddable":true,"href":"https:\/\/lhommevrai-diffusion.com\/OHV\/wp-json\/wp\/v2\/pages\/1090"}],"wp:attachment":[{"href":"https:\/\/lhommevrai-diffusion.com\/OHV\/wp-json\/wp\/v2\/media?parent=1095"}],"curies":[{"name":"wp","href":"https:\/\/api.w.org\/{rel}","templated":true}]}}