{"id":127,"date":"2012-01-20T19:29:35","date_gmt":"2012-01-20T18:29:35","guid":{"rendered":"http:\/\/lhommevrai-diffusion.com\/OHV\/?page_id=127"},"modified":"2014-06-10T19:25:47","modified_gmt":"2014-06-10T17:25:47","slug":"services","status":"publish","type":"page","link":"https:\/\/lhommevrai-diffusion.com\/OHV\/services\/","title":{"rendered":"Services"},"content":{"rendered":"<p>Nous proposons diff\u00e9rents services pour les particuliers<\/p>\n<ul>\n<li>S\u00e9minaires<\/li>\n<li>Ateliers<\/li>\n<li>Entretiens t\u00e9l\u00e9phoniques, consultations<\/li>\n<\/ul>\n","protected":false},"excerpt":{"rendered":"<p>Nous proposons diff\u00e9rents services pour les particuliers S\u00e9minaires Ateliers Entretiens t\u00e9l\u00e9phoniques, consultations<\/p>\n","protected":false},"author":1,"featured_media":0,"parent":0,"menu_order":0,"comment_status":"closed","ping_status":"open","template":"","meta":{"_bbp_topic_count":0,"_bbp_reply_count":0,"_bbp_total_topic_count":0,"_bbp_total_reply_count":0,"_bbp_voice_count":0,"_bbp_anonymous_reply_count":0,"_bbp_topic_count_hidden":0,"_bbp_reply_count_hidden":0,"_bbp_forum_subforum_count":0,"jetpack_post_was_ever_published":false,"footnotes":""},"class_list":["post-127","page","type-page","status-publish","hentry","has-post-title","has-post-date","has-post-category","has-post-tag","has-post-comment","has-post-author",""],"jetpack_shortlink":"https:\/\/wp.me\/P77fPY-23","jetpack_sharing_enabled":true,"_links":{"self":[{"href":"https:\/\/lhommevrai-diffusion.com\/OHV\/wp-json\/wp\/v2\/pages\/127","targetHints":{"allow":["GET"]}}],"collection":[{"href":"https:\/\/lhommevrai-diffusion.com\/OHV\/wp-json\/wp\/v2\/pages"}],"about":[{"href":"https:\/\/lhommevrai-diffusion.com\/OHV\/wp-json\/wp\/v2\/types\/page"}],"author":[{"embeddable":true,"href":"https:\/\/lhommevrai-diffusion.com\/OHV\/wp-json\/wp\/v2\/users\/1"}],"replies":[{"embeddable":true,"href":"https:\/\/lhommevrai-diffusion.com\/OHV\/wp-json\/wp\/v2\/comments?post=127"}],"version-history":[{"count":5,"href":"https:\/\/lhommevrai-diffusion.com\/OHV\/wp-json\/wp\/v2\/pages\/127\/revisions"}],"predecessor-version":[{"id":1675,"href":"https:\/\/lhommevrai-diffusion.com\/OHV\/wp-json\/wp\/v2\/pages\/127\/revisions\/1675"}],"wp:attachment":[{"href":"https:\/\/lhommevrai-diffusion.com\/OHV\/wp-json\/wp\/v2\/media?parent=127"}],"curies":[{"name":"wp","href":"https:\/\/api.w.org\/{rel}","templated":true}]}}