{"id":1777,"date":"2014-12-17T14:55:12","date_gmt":"2014-12-17T13:55:12","guid":{"rendered":"http:\/\/lhommevrai-diffusion.com\/OHV\/?page_id=1777"},"modified":"2015-04-27T18:23:52","modified_gmt":"2015-04-27T16:23:52","slug":"abonnement-conferences","status":"publish","type":"page","link":"https:\/\/lhommevrai-diffusion.com\/OHV\/services\/abonnement-conferences\/","title":{"rendered":"Abonnement conf\u00e9rences"},"content":{"rendered":"<p>&nbsp;<\/p>\n<figure id=\"attachment_2363\" aria-describedby=\"caption-attachment-2363\" style=\"width: 596px\" class=\"wp-caption alignnone\"><a href=\"https:\/\/i0.wp.com\/lhommevrai-diffusion.com\/OHV\/wp-content\/uploads\/2014\/12\/conference-telephonique.jpg\"><img data-recalc-dims=\"1\" loading=\"lazy\" decoding=\"async\" class=\"wp-image-2363\" src=\"https:\/\/i0.wp.com\/lhommevrai-diffusion.com\/OHV\/wp-content\/uploads\/2014\/12\/conference-telephonique.jpg?resize=596%2C397\" alt=\"conference telephonique\" width=\"596\" height=\"397\" srcset=\"https:\/\/i0.wp.com\/lhommevrai-diffusion.com\/OHV\/wp-content\/uploads\/2014\/12\/conference-telephonique.jpg?w=1024&amp;ssl=1 1024w, https:\/\/i0.wp.com\/lhommevrai-diffusion.com\/OHV\/wp-content\/uploads\/2014\/12\/conference-telephonique.jpg?resize=300%2C199&amp;ssl=1 300w, https:\/\/i0.wp.com\/lhommevrai-diffusion.com\/OHV\/wp-content\/uploads\/2014\/12\/conference-telephonique.jpg?resize=600%2C400&amp;ssl=1 600w, https:\/\/i0.wp.com\/lhommevrai-diffusion.com\/OHV\/wp-content\/uploads\/2014\/12\/conference-telephonique.jpg?resize=60%2C40&amp;ssl=1 60w, https:\/\/i0.wp.com\/lhommevrai-diffusion.com\/OHV\/wp-content\/uploads\/2014\/12\/conference-telephonique.jpg?resize=200%2C133&amp;ssl=1 200w, https:\/\/i0.wp.com\/lhommevrai-diffusion.com\/OHV\/wp-content\/uploads\/2014\/12\/conference-telephonique.jpg?resize=450%2C300&amp;ssl=1 450w, https:\/\/i0.wp.com\/lhommevrai-diffusion.com\/OHV\/wp-content\/uploads\/2014\/12\/conference-telephonique.jpg?resize=340%2C226&amp;ssl=1 340w, https:\/\/i0.wp.com\/lhommevrai-diffusion.com\/OHV\/wp-content\/uploads\/2014\/12\/conference-telephonique.jpg?resize=225%2C150&amp;ssl=1 225w, https:\/\/i0.wp.com\/lhommevrai-diffusion.com\/OHV\/wp-content\/uploads\/2014\/12\/conference-telephonique.jpg?resize=720%2C479&amp;ssl=1 720w\" sizes=\"auto, (max-width: 596px) 100vw, 596px\" \/><\/a><figcaption id=\"caption-attachment-2363\" class=\"wp-caption-text\">Conf\u00e9rences t\u00e9l\u00e9phoniques<\/figcaption><\/figure>\n<h2>Nouveau service en 2015<\/h2>\n<p style=\"text-align: justify;\">Vous avez \u00e9t\u00e9 nombreux \u00e0 nous redemander les conf\u00e9rences t\u00e9l\u00e9phoniques. Nous vous avons \u00e9cout\u00e9 et nous vous proposons un nouvel abonnement annuel qui regroupe les prestations suivantes :<\/p>\n<p style=\"text-align: justify;\">&#8211; 6 conf\u00e9rences t\u00e9l\u00e9phoniques (une tous les 2 mois). Vous pourrez assister \u00e0 la conf\u00e9rence en direct ou en diff\u00e9r\u00e9 gr\u00e2ce \u00e0 l&#8217;enregistrement mp3 qui est inclus pour tous les abonn\u00e9s.<\/p>\n<p style=\"text-align: justify;\">Les conf\u00e9rences t\u00e9l\u00e9phoniques sont accessibles depuis tous les t\u00e9l\u00e9phones (fixe et mobile) du monde entier. Le num\u00e9ro \u00e0 composer est un num\u00e9ro fixe en France m\u00e9tropole non surtax\u00e9 (gratuit si vous avez un forfait illimit\u00e9 vers les fixes).<\/p>\n<p style=\"text-align: justify;\">Les conf\u00e9rences auront lieu \u00e0 partir de f\u00e9vrier 2015, le\u00a0dernier samedi \u00e0 14h (heure France m\u00e9tropole) puis tous les 2 mois.<\/p>\n<p style=\"text-align: justify;\"><strong>Les th\u00e8mes sont choisis par les participants.<\/strong> Nous s\u00e9lectionnons les th\u00e8mes qui sont les plus demand\u00e9s.<\/p>\n<p style=\"text-align: justify;\">&#8211; Un livre (version papier) \u00e0 choisir dans le catalogue des \u00e9ditions de l&#8217;Homme vrai est inclus dans l&#8217;abonnement.<\/p>\n<p style=\"text-align: justify;\">&#8211; Une r\u00e9duction de 10% sur tout le catalogue des livres et conf\u00e9rences.<\/p>\n<p style=\"text-align: justify;\">Tarif : 10\u20ac\/mois sur un an.<\/p>\n<p style=\"text-align: justify;\"><a href=\"http:\/\/bit.ly\/cycle-6-conferences-2015\" target=\"_blank\" rel=\"noopener\">[themify_button link=&#8221;http:\/\/bit.ly\/cycle-6-conferences-2015&#8243; target=&#8221;_blank&#8221;\u00a0style=&#8221;large green outline rounded&#8221;] Inscription[\/themify_button]<br \/>\nS&#8217;inscrire<\/a> (paiement par ch\u00e8que ou carte bleue via Paypal)<\/p>\n<p style=\"text-align: justify;\">ou via la plateforme <a href=\"https:\/\/www.helloasso.com\/associations\/organisation-de-l-homme-vrai\/evenements\/abonnement-2015-cycle-de-conferences-telephoniques\" target=\"_blank\" rel=\"noopener\">Helloasso<\/a><\/p>\n<!--themify_builder_content-->\n<div id=\"themify_builder_content-1777\" data-postid=\"1777\" class=\"themify_builder_content themify_builder_content-1777 themify_builder tf_clear\">\n    <\/div>\n<!--\/themify_builder_content-->\n","protected":false},"excerpt":{"rendered":"<p>&nbsp; Nouveau service en 2015 Vous avez \u00e9t\u00e9 nombreux \u00e0 nous redemander les conf\u00e9rences t\u00e9l\u00e9phoniques. Nous vous avons \u00e9cout\u00e9 et nous vous proposons un nouvel abonnement annuel qui regroupe les prestations suivantes : &#8211; 6 conf\u00e9rences t\u00e9l\u00e9phoniques (une tous les 2 mois). Vous pourrez assister \u00e0 la conf\u00e9rence en direct ou en diff\u00e9r\u00e9 gr\u00e2ce \u00e0 [&hellip;]<\/p>\n","protected":false},"author":1,"featured_media":0,"parent":127,"menu_order":0,"comment_status":"open","ping_status":"open","template":"","meta":{"_bbp_topic_count":0,"_bbp_reply_count":0,"_bbp_total_topic_count":0,"_bbp_total_reply_count":0,"_bbp_voice_count":0,"_bbp_anonymous_reply_count":0,"_bbp_topic_count_hidden":0,"_bbp_reply_count_hidden":0,"_bbp_forum_subforum_count":0,"jetpack_post_was_ever_published":false,"footnotes":""},"class_list":["post-1777","page","type-page","status-publish","hentry","has-post-title","has-post-date","has-post-category","has-post-tag","has-post-comment","has-post-author",""],"jetpack_shortlink":"https:\/\/wp.me\/P77fPY-sF","jetpack_sharing_enabled":true,"_links":{"self":[{"href":"https:\/\/lhommevrai-diffusion.com\/OHV\/wp-json\/wp\/v2\/pages\/1777","targetHints":{"allow":["GET"]}}],"collection":[{"href":"https:\/\/lhommevrai-diffusion.com\/OHV\/wp-json\/wp\/v2\/pages"}],"about":[{"href":"https:\/\/lhommevrai-diffusion.com\/OHV\/wp-json\/wp\/v2\/types\/page"}],"author":[{"embeddable":true,"href":"https:\/\/lhommevrai-diffusion.com\/OHV\/wp-json\/wp\/v2\/users\/1"}],"replies":[{"embeddable":true,"href":"https:\/\/lhommevrai-diffusion.com\/OHV\/wp-json\/wp\/v2\/comments?post=1777"}],"version-history":[{"count":15,"href":"https:\/\/lhommevrai-diffusion.com\/OHV\/wp-json\/wp\/v2\/pages\/1777\/revisions"}],"predecessor-version":[{"id":2399,"href":"https:\/\/lhommevrai-diffusion.com\/OHV\/wp-json\/wp\/v2\/pages\/1777\/revisions\/2399"}],"up":[{"embeddable":true,"href":"https:\/\/lhommevrai-diffusion.com\/OHV\/wp-json\/wp\/v2\/pages\/127"}],"wp:attachment":[{"href":"https:\/\/lhommevrai-diffusion.com\/OHV\/wp-json\/wp\/v2\/media?parent=1777"}],"curies":[{"name":"wp","href":"https:\/\/api.w.org\/{rel}","templated":true}]}}