{"id":1800,"date":"2014-12-23T19:43:51","date_gmt":"2014-12-23T18:43:51","guid":{"rendered":"http:\/\/lhommevrai-diffusion.com\/OHV\/?page_id=1800"},"modified":"2016-10-31T11:27:04","modified_gmt":"2016-10-31T10:27:04","slug":"voyages-duo-intense","status":"publish","type":"page","link":"https:\/\/lhommevrai-diffusion.com\/OHV\/services\/voyages-duo-intense\/","title":{"rendered":"Voyages Duo Intense"},"content":{"rendered":"<h1 class=\"page-title\"><img data-recalc-dims=\"1\" loading=\"lazy\" decoding=\"async\" class=\"aligncenter wp-image-1801 size-full\" src=\"https:\/\/i0.wp.com\/lhommevrai-diffusion.com\/OHV\/wp-content\/uploads\/2014\/12\/1009846_la-reunion-ne-parvient-pas-a-enrayer-lessoufflement-du-tourisme-web-tete-0203544782636.jpg?resize=1000%2C533\" alt=\"la-reunion-Duo Intense\" width=\"1000\" height=\"533\" srcset=\"https:\/\/i0.wp.com\/lhommevrai-diffusion.com\/OHV\/wp-content\/uploads\/2014\/12\/1009846_la-reunion-ne-parvient-pas-a-enrayer-lessoufflement-du-tourisme-web-tete-0203544782636.jpg?w=1000&amp;ssl=1 1000w, https:\/\/i0.wp.com\/lhommevrai-diffusion.com\/OHV\/wp-content\/uploads\/2014\/12\/1009846_la-reunion-ne-parvient-pas-a-enrayer-lessoufflement-du-tourisme-web-tete-0203544782636.jpg?resize=300%2C160&amp;ssl=1 300w, https:\/\/i0.wp.com\/lhommevrai-diffusion.com\/OHV\/wp-content\/uploads\/2014\/12\/1009846_la-reunion-ne-parvient-pas-a-enrayer-lessoufflement-du-tourisme-web-tete-0203544782636.jpg?resize=60%2C32&amp;ssl=1 60w, https:\/\/i0.wp.com\/lhommevrai-diffusion.com\/OHV\/wp-content\/uploads\/2014\/12\/1009846_la-reunion-ne-parvient-pas-a-enrayer-lessoufflement-du-tourisme-web-tete-0203544782636.jpg?resize=200%2C107&amp;ssl=1 200w, https:\/\/i0.wp.com\/lhommevrai-diffusion.com\/OHV\/wp-content\/uploads\/2014\/12\/1009846_la-reunion-ne-parvient-pas-a-enrayer-lessoufflement-du-tourisme-web-tete-0203544782636.jpg?resize=450%2C240&amp;ssl=1 450w\" sizes=\"auto, (max-width: 1000px) 100vw, 1000px\" \/><\/h1>\n<div class=\"page-content entry-content\">\n<h5 style=\"text-align: justify;\">En partenariat avec Voyages et Tourisme du groupe Selectour Afat, nous proposons des voyages sur l\u2019\u00eele de la R\u00e9union. D\u2019une dur\u00e9e de 9 jours, ces voyages int\u00e8grent un circuit de 5 jours avec des visites et des ateliers.<\/h5>\n<p>Cette \u00eele en plein milieu de l\u2019oc\u00e9an indien offre un immense th\u00e9\u00e2tre \u00e0 ciel ouvert, propice \u00e0 l\u2019introspection. Sur ce terrain neutre se d\u00e9ploie une sc\u00e8ne luxuriante, enchanteresse, o\u00f9 vous oserez r\u00e9v\u00e9ler votre vraie nature port\u00e9e par la volont\u00e9 d\u2019entreprendre. En retrouvant votre \u00e9nergie, vous amorcerez le changement et red\u00e9finirez vos objectifs.<\/p>\n<p>Que vous ayez \u00e0 faire un choix professionnel ou personnel ou simplement sortir de la routine journali\u00e8re ce cocktail est fait pour vous.<\/p>\n<p>Duo Intense a pour mission de vous accompagner dans cette d\u00e9marche de changement. L\u2019association nature exotique et coach expert rempliront leur t\u00e2che au-del\u00e0 de vos esp\u00e9rances.<\/p>\n<h2><span style=\"color: #333333;\">Circuit de 5 jours<\/span><\/h2>\n<p style=\"text-align: justify;\"><span style=\"color: #000000;\"><strong>Premi\u00e8re journ\u00e9e : D\u00e9couverte du Grand Etang.<\/strong><\/span><\/p>\n<p style=\"text-align: justify;\"><span style=\"color: #000000;\"><strong>Deuxi\u00e8me journ\u00e9e :<\/strong><strong>\u00a0D\u00e9couverte du volcan et de la plaine des sables.\u00a0<\/strong><\/span><\/p>\n<p style=\"text-align: justify;\"><span style=\"color: #000000;\"><strong>Troisi\u00e8me journ\u00e9e :<\/strong><strong>\u00a0D\u00e9couverte du cirque de Mafate.<\/strong><\/span><\/p>\n<p style=\"text-align: justify;\"><span style=\"color: #000000;\"><strong>Quatri\u00e8me journ\u00e9e :<\/strong><strong>\u00a0D\u00e9couverte du bassin de la Paix.<\/strong><\/span><\/p>\n<p style=\"text-align: justify;\"><span style=\"color: #000000;\"><strong>Cinqui\u00e8me journ\u00e9e : \u00a0D\u00e9couverte de Grande-Anse.<\/strong><\/span><\/p>\n<p>&nbsp;<\/p>\n<h2>L\u2019\u00eele Intense<\/h2>\n<p><strong><em>Ce petit bout de France dans l\u2019Oc\u00e9an Indien est une terre volcanique, dans tous les sens du terme.<\/em><\/strong><\/p>\n<p><iframe loading=\"lazy\" src=\"http:\/\/www.youtube.com\/embed\/8BrTwa1Y8d8?rel=0&amp;autoplay=1\" width=\"640\" height=\"365\" frameborder=\"0\" allowfullscreen=\"allowfullscreen\"><\/iframe><\/p>\n<p style=\"text-align: justify;\">Vous d\u00e9couvrirez les mille et une facettes d\u2019une \u00eele o\u00f9 se m\u00ealent ethnies, cultures et paysages \u00e9poustouflants. Une heure de voiture et vous quittez la langueur de la plage pour la fra\u00eecheur des hauteurs, o\u00f9 d\u00e9j\u00e0, la vie est diff\u00e9rente. La R\u00e9union propose plus de 70 activit\u00e9s, sur terre, en mer ou dans les airs\u00a0! Randonn\u00e9es \u00e0 flanc de montagne, en pleine for\u00eat primaire, aux abords du volcan majestueux, plong\u00e9e sous-marine, p\u00eache sportive, survols en h\u00e9licopt\u00e8re et ULM, circuits \u00e0 v\u00e9lo ou en 4\u00d74\u2026la R\u00e9union, c\u2019est l\u2019\u00eele intense\u00a0!<\/p>\n<p style=\"text-align: justify;\">Une incursion dans Mafate isol\u00e9 du reste du monde, la luxuriance de Salazie, les remparts naturels de Cilaos, la plaine lunaire du volcan\u00a0: la R\u00e9union vous surprend \u00e0 chaque virage\u2026une richesse inscrite au Patrimoine Mondial de l\u2019Humanit\u00e9 de l\u2019UNESCO.<\/p>\n<h2 style=\"text-align: justify;\">Options<\/h2>\n<ul>\n<li style=\"text-align: justify;\">Vol en ULM.\u00a0Avec notre partenaire Papangue ULM , d\u00e9couvrez l\u2019\u00eele de La R\u00e9union hors des sentiers battus. A bord d\u2019appareil Ultra L\u00e9ger Motoris\u00e9 (ULM) de nouvelle g\u00e9n\u00e9ration, vous prendrez le temps d\u2019appr\u00e9cier la diversit\u00e9 des paysages que l\u2019\u00cele de la R\u00e9union vous offre. Votre pilote et guide vous fera partager sa connaissance de l\u2019espace dont il est fier et dans lequel il prend plaisir \u00e0 \u00e9voluer chaque jour.<\/li>\n<\/ul>\n<p><a href=\"https:\/\/i0.wp.com\/lhommevrai-diffusion.com\/OHV\/wp-content\/uploads\/2014\/12\/F-UL.jpg\"><img data-recalc-dims=\"1\" loading=\"lazy\" decoding=\"async\" class=\"alignnone wp-image-1816 \" src=\"https:\/\/i0.wp.com\/lhommevrai-diffusion.com\/OHV\/wp-content\/uploads\/2014\/12\/F-UL-1024x508.jpg?resize=822%2C408\" alt=\"ULM Duo Intense\" width=\"822\" height=\"408\" srcset=\"https:\/\/i0.wp.com\/lhommevrai-diffusion.com\/OHV\/wp-content\/uploads\/2014\/12\/F-UL.jpg?resize=1024%2C508&amp;ssl=1 1024w, https:\/\/i0.wp.com\/lhommevrai-diffusion.com\/OHV\/wp-content\/uploads\/2014\/12\/F-UL.jpg?resize=300%2C149&amp;ssl=1 300w, https:\/\/i0.wp.com\/lhommevrai-diffusion.com\/OHV\/wp-content\/uploads\/2014\/12\/F-UL.jpg?resize=60%2C30&amp;ssl=1 60w, https:\/\/i0.wp.com\/lhommevrai-diffusion.com\/OHV\/wp-content\/uploads\/2014\/12\/F-UL.jpg?resize=200%2C99&amp;ssl=1 200w, https:\/\/i0.wp.com\/lhommevrai-diffusion.com\/OHV\/wp-content\/uploads\/2014\/12\/F-UL.jpg?resize=450%2C223&amp;ssl=1 450w, https:\/\/i0.wp.com\/lhommevrai-diffusion.com\/OHV\/wp-content\/uploads\/2014\/12\/F-UL.jpg?w=1600&amp;ssl=1 1600w\" sizes=\"auto, (max-width: 822px) 100vw, 822px\" \/><\/a><\/p>\n<ul>\n<li style=\"text-align: justify;\">Consultation individuelle avec notre consultant Christophe Yann.<\/li>\n<\/ul>\n<h2>H\u00e9bergement<\/h2>\n<p><img data-recalc-dims=\"1\" loading=\"lazy\" decoding=\"async\" class=\"wp-image-4568 aligncenter\" src=\"https:\/\/i0.wp.com\/lhommevrai-diffusion.com\/OHV\/wp-content\/uploads\/2014\/12\/le-kiosque-ou-il-est.jpg?resize=634%2C845\" alt=\"le-kiosque-ou-il-est\" width=\"634\" height=\"845\" srcset=\"https:\/\/i0.wp.com\/lhommevrai-diffusion.com\/OHV\/wp-content\/uploads\/2014\/12\/le-kiosque-ou-il-est.jpg?w=1024&amp;ssl=1 1024w, https:\/\/i0.wp.com\/lhommevrai-diffusion.com\/OHV\/wp-content\/uploads\/2014\/12\/le-kiosque-ou-il-est.jpg?resize=225%2C300&amp;ssl=1 225w, https:\/\/i0.wp.com\/lhommevrai-diffusion.com\/OHV\/wp-content\/uploads\/2014\/12\/le-kiosque-ou-il-est.jpg?resize=768%2C1024&amp;ssl=1 768w, https:\/\/i0.wp.com\/lhommevrai-diffusion.com\/OHV\/wp-content\/uploads\/2014\/12\/le-kiosque-ou-il-est.jpg?resize=600%2C800&amp;ssl=1 600w, https:\/\/i0.wp.com\/lhommevrai-diffusion.com\/OHV\/wp-content\/uploads\/2014\/12\/le-kiosque-ou-il-est.jpg?resize=300%2C400&amp;ssl=1 300w, https:\/\/i0.wp.com\/lhommevrai-diffusion.com\/OHV\/wp-content\/uploads\/2014\/12\/le-kiosque-ou-il-est.jpg?resize=60%2C80&amp;ssl=1 60w, https:\/\/i0.wp.com\/lhommevrai-diffusion.com\/OHV\/wp-content\/uploads\/2014\/12\/le-kiosque-ou-il-est.jpg?resize=200%2C267&amp;ssl=1 200w, https:\/\/i0.wp.com\/lhommevrai-diffusion.com\/OHV\/wp-content\/uploads\/2014\/12\/le-kiosque-ou-il-est.jpg?resize=450%2C600&amp;ssl=1 450w\" sizes=\"auto, (max-width: 634px) 100vw, 634px\" \/><\/p>\n<p>Le Pharest vous accueille en bungalows touristiques avec piscine. Cet h\u00f4tel a \u00e9t\u00e9 s\u00e9lectionn\u00e9 pour son cadre, l\u2019accueil chaleureux et la qualit\u00e9 de sa restauration.<\/p>\n<p>Situ\u00e9 \u00e0 Sainte-Suzanne dans le nord-est de l\u2019\u00eele, \u00e0 15 minutes de Saint-Denis et 10 minutes de l\u2019a\u00e9roport Roland Garros, notre h\u00f4tel bungalows est le lieu id\u00e9al pour aborder les multiples facettes de notre \u00eele et explorer cette partie authentique et sauvage qu\u2019offrent les environs.<\/p>\n<h2 style=\"text-align: justify;\">Prestations et prix<\/h2>\n<p style=\"text-align: justify;\">Le prix comprend :<\/p>\n<ul>\n<li style=\"text-align: justify;\">Les transferts a\u00e9roport-h\u00f4tel-a\u00e9roport<\/li>\n<li style=\"text-align: justify;\">Circuit en 9 jours \/ 7 nuits en demi pension sauf jour 1, 8 et 9<\/li>\n<li style=\"text-align: justify;\">L\u2019h\u00e9bergement en base chambre double en h\u00f4tel\u00a0bungalow<\/li>\n<li style=\"text-align: justify;\">Les excursions mentionn\u00e9es au programme<\/li>\n<li style=\"text-align: justify;\">L\u2019encadrement et accompagnement de nos formateurs et personnel qualifi\u00e9<\/li>\n<li style=\"text-align: justify;\">Groupe maximum de 16 personnes.<\/li>\n<li style=\"text-align: justify;\">L\u2019assurance assistance \/ rapatriement<\/li>\n<li style=\"text-align: justify;\">Un livre offert<\/li>\n<li style=\"text-align: justify;\">Des moments inoubliables<\/li>\n<\/ul>\n<p style=\"text-align: justify;\">Le prix ne comprend pas :<\/p>\n<ul>\n<li style=\"text-align: justify;\">Le transport a\u00e9rien<\/li>\n<li style=\"text-align: justify;\">Les d\u00e9penses d\u2019ordre personnelles<\/li>\n<li style=\"text-align: justify;\">L\u2019assurance annulation (75 \u20ac)<\/li>\n<li style=\"text-align: justify;\">L\u2019assurance multirisque (101\u20ac)<\/li>\n<li style=\"text-align: justify;\">L&#8217;option ULM (de 80 \u00e0 190\u20ac)<\/li>\n<li style=\"text-align: justify;\">L&#8217;option consultation avec Christophe Yann (50\u20ac)<\/li>\n<\/ul>\n<table style=\"height: 103px;\" width=\"460\">\n<thead>\n<tr>\n<td width=\"163\"><strong>D\u00e9part le<\/strong><\/td>\n<td width=\"163\"><strong>Arriv\u00e9e le**<\/strong><\/td>\n<td width=\"163\"><strong>RDV sur place*<\/strong><\/td>\n<\/tr>\n<\/thead>\n<tbody>\n<tr>\n<td width=\"163\">9 septembre 2017<\/td>\n<td width=\"163\">17 septembre 2017<\/td>\n<td width=\"163\">1532\u00a0\u20ac<\/td>\n<\/tr>\n<tr>\n<td width=\"163\">8 septembre 2018<\/td>\n<td width=\"163\">16 septembre 2018<\/td>\n<td width=\"163\">1532\u00a0\u20ac<\/td>\n<\/tr>\n<\/tbody>\n<\/table>\n<p><span style=\"color: #ff0000;\"><strong><span style=\"color: #333333;\">* Tarif mentionn\u00e9 par personne.\u00a0Validit\u00e9 des prix soumise \u00e0 modification sous r\u00e9serve de disponibilit\u00e9<\/span><br \/>\n<span style=\"color: #333333;\">** Extension possible \u00e0 voir avec l\u2019agence<\/span><\/strong><\/span><\/p>\n<p>&nbsp;<\/p>\n<h2>Contacts<\/h2>\n<p><a href=\"https:\/\/i0.wp.com\/lhommevrai-diffusion.com\/OHV\/wp-content\/uploads\/2014\/12\/logo-selectour-voyages-et-tourisme2.png\"><img data-recalc-dims=\"1\" loading=\"lazy\" decoding=\"async\" class=\"alignleft size-medium wp-image-1804\" src=\"https:\/\/i0.wp.com\/lhommevrai-diffusion.com\/OHV\/wp-content\/uploads\/2014\/12\/logo-selectour-voyages-et-tourisme2-300x122.png?resize=300%2C122\" alt=\"logo selectour voyages et tourisme\" width=\"300\" height=\"122\" srcset=\"https:\/\/i0.wp.com\/lhommevrai-diffusion.com\/OHV\/wp-content\/uploads\/2014\/12\/logo-selectour-voyages-et-tourisme2.png?resize=300%2C122&amp;ssl=1 300w, https:\/\/i0.wp.com\/lhommevrai-diffusion.com\/OHV\/wp-content\/uploads\/2014\/12\/logo-selectour-voyages-et-tourisme2.png?resize=60%2C24&amp;ssl=1 60w, https:\/\/i0.wp.com\/lhommevrai-diffusion.com\/OHV\/wp-content\/uploads\/2014\/12\/logo-selectour-voyages-et-tourisme2.png?resize=200%2C81&amp;ssl=1 200w, https:\/\/i0.wp.com\/lhommevrai-diffusion.com\/OHV\/wp-content\/uploads\/2014\/12\/logo-selectour-voyages-et-tourisme2.png?resize=150%2C61&amp;ssl=1 150w, https:\/\/i0.wp.com\/lhommevrai-diffusion.com\/OHV\/wp-content\/uploads\/2014\/12\/logo-selectour-voyages-et-tourisme2.png?w=425&amp;ssl=1 425w\" sizes=\"auto, (max-width: 300px) 100vw, 300px\" \/><\/a><\/p>\n<p>&nbsp;<\/p>\n<p>&nbsp;<\/p>\n<p>&nbsp;<\/p>\n<p>&nbsp;<\/p>\n<p>Voyages et tourisme : 01 60 88 27 51<\/p>\n<p>Organisation de l&#8217;Homme vrai : 04 11 93 02 35<\/p>\n<p>&nbsp;<\/p>\n<\/div>\n","protected":false},"excerpt":{"rendered":"<p>En partenariat avec Voyages et Tourisme du groupe Selectour Afat, nous proposons des voyages sur l\u2019\u00eele de la R\u00e9union. D\u2019une dur\u00e9e de 9 jours, ces voyages int\u00e8grent un circuit de 5 jours avec des visites et des ateliers. Cette \u00eele en plein milieu de l\u2019oc\u00e9an indien offre un immense th\u00e9\u00e2tre \u00e0 ciel ouvert, propice \u00e0 [&hellip;]<\/p>\n","protected":false},"author":1,"featured_media":0,"parent":127,"menu_order":0,"comment_status":"closed","ping_status":"closed","template":"","meta":{"_bbp_topic_count":0,"_bbp_reply_count":0,"_bbp_total_topic_count":0,"_bbp_total_reply_count":0,"_bbp_voice_count":0,"_bbp_anonymous_reply_count":0,"_bbp_topic_count_hidden":0,"_bbp_reply_count_hidden":0,"_bbp_forum_subforum_count":0,"jetpack_post_was_ever_published":false,"footnotes":""},"class_list":["post-1800","page","type-page","status-publish","hentry","has-post-title","has-post-date","has-post-category","has-post-tag","has-post-comment","has-post-author",""],"jetpack_shortlink":"https:\/\/wp.me\/P77fPY-t2","jetpack_sharing_enabled":true,"_links":{"self":[{"href":"https:\/\/lhommevrai-diffusion.com\/OHV\/wp-json\/wp\/v2\/pages\/1800","targetHints":{"allow":["GET"]}}],"collection":[{"href":"https:\/\/lhommevrai-diffusion.com\/OHV\/wp-json\/wp\/v2\/pages"}],"about":[{"href":"https:\/\/lhommevrai-diffusion.com\/OHV\/wp-json\/wp\/v2\/types\/page"}],"author":[{"embeddable":true,"href":"https:\/\/lhommevrai-diffusion.com\/OHV\/wp-json\/wp\/v2\/users\/1"}],"replies":[{"embeddable":true,"href":"https:\/\/lhommevrai-diffusion.com\/OHV\/wp-json\/wp\/v2\/comments?post=1800"}],"version-history":[{"count":25,"href":"https:\/\/lhommevrai-diffusion.com\/OHV\/wp-json\/wp\/v2\/pages\/1800\/revisions"}],"predecessor-version":[{"id":5042,"href":"https:\/\/lhommevrai-diffusion.com\/OHV\/wp-json\/wp\/v2\/pages\/1800\/revisions\/5042"}],"up":[{"embeddable":true,"href":"https:\/\/lhommevrai-diffusion.com\/OHV\/wp-json\/wp\/v2\/pages\/127"}],"wp:attachment":[{"href":"https:\/\/lhommevrai-diffusion.com\/OHV\/wp-json\/wp\/v2\/media?parent=1800"}],"curies":[{"name":"wp","href":"https:\/\/api.w.org\/{rel}","templated":true}]}}