{"id":188,"date":"2012-01-23T20:29:39","date_gmt":"2012-01-23T19:29:39","guid":{"rendered":"http:\/\/lhommevrai-diffusion.com\/OHV\/?page_id=188"},"modified":"2014-04-11T17:46:44","modified_gmt":"2014-04-11T15:46:44","slug":"maison-dedition","status":"publish","type":"page","link":"https:\/\/lhommevrai-diffusion.com\/OHV\/maison-dedition\/","title":{"rendered":"Maison d&#8217;\u00e9dition"},"content":{"rendered":"<p>Les \u00e9ditions de l&#8217;Homme vrai publient des ouvrages et des conf\u00e9rences audio d&#8217;auteurs dont le message est issu de leur exp\u00e9rience de terrain. Autodidactes ou&#8221; artisan du coeur&#8221; ils d\u00e9livrent un message authentique qui incite les lecteurs et les auditeurs \u00e0 passer \u00e0 l&#8217;action.<\/p>\n<blockquote><p>L&#8217;intellect n&#8217;appr\u00e9hendera jamais ce que l&#8217;action r\u00e9v\u00e8le<\/p><\/blockquote>\n<p><a title=\"Livres\" href=\"http:\/\/lhommevrai-diffusion.com\/OHV\/maison-dedition\/livres\/\">Voir le catalogue des \u00e9ditions de l&#8217;Homme vrai<\/a><\/p>\n","protected":false},"excerpt":{"rendered":"<p>Les \u00e9ditions de l&#8217;Homme vrai publient des ouvrages et des conf\u00e9rences audio d&#8217;auteurs dont le message est issu de leur exp\u00e9rience de terrain. Autodidactes ou&#8221; artisan du coeur&#8221; ils d\u00e9livrent un message authentique qui incite les lecteurs et les auditeurs \u00e0 passer \u00e0 l&#8217;action. L&#8217;intellect n&#8217;appr\u00e9hendera jamais ce que l&#8217;action r\u00e9v\u00e8le Voir le catalogue des [&hellip;]<\/p>\n","protected":false},"author":1,"featured_media":0,"parent":0,"menu_order":0,"comment_status":"closed","ping_status":"open","template":"","meta":{"_bbp_topic_count":0,"_bbp_reply_count":0,"_bbp_total_topic_count":0,"_bbp_total_reply_count":0,"_bbp_voice_count":0,"_bbp_anonymous_reply_count":0,"_bbp_topic_count_hidden":0,"_bbp_reply_count_hidden":0,"_bbp_forum_subforum_count":0,"jetpack_post_was_ever_published":false,"footnotes":""},"class_list":["post-188","page","type-page","status-publish","hentry","has-post-title","has-post-date","has-post-category","has-post-tag","has-post-comment","has-post-author",""],"jetpack_shortlink":"https:\/\/wp.me\/P77fPY-32","jetpack_sharing_enabled":true,"_links":{"self":[{"href":"https:\/\/lhommevrai-diffusion.com\/OHV\/wp-json\/wp\/v2\/pages\/188","targetHints":{"allow":["GET"]}}],"collection":[{"href":"https:\/\/lhommevrai-diffusion.com\/OHV\/wp-json\/wp\/v2\/pages"}],"about":[{"href":"https:\/\/lhommevrai-diffusion.com\/OHV\/wp-json\/wp\/v2\/types\/page"}],"author":[{"embeddable":true,"href":"https:\/\/lhommevrai-diffusion.com\/OHV\/wp-json\/wp\/v2\/users\/1"}],"replies":[{"embeddable":true,"href":"https:\/\/lhommevrai-diffusion.com\/OHV\/wp-json\/wp\/v2\/comments?post=188"}],"version-history":[{"count":10,"href":"https:\/\/lhommevrai-diffusion.com\/OHV\/wp-json\/wp\/v2\/pages\/188\/revisions"}],"predecessor-version":[{"id":1609,"href":"https:\/\/lhommevrai-diffusion.com\/OHV\/wp-json\/wp\/v2\/pages\/188\/revisions\/1609"}],"wp:attachment":[{"href":"https:\/\/lhommevrai-diffusion.com\/OHV\/wp-json\/wp\/v2\/media?parent=188"}],"curies":[{"name":"wp","href":"https:\/\/api.w.org\/{rel}","templated":true}]}}