{"id":292,"date":"2012-01-27T11:05:55","date_gmt":"2012-01-27T10:05:55","guid":{"rendered":"http:\/\/lhommevrai-diffusion.com\/OHV\/?page_id=292"},"modified":"2012-01-27T11:07:59","modified_gmt":"2012-01-27T10:07:59","slug":"conditions-generales-de-vente-des-services","status":"publish","type":"page","link":"https:\/\/lhommevrai-diffusion.com\/OHV\/conditions-generales-de-vente-des-services\/","title":{"rendered":"Conditions g\u00e9n\u00e9rales de vente des services"},"content":{"rendered":"<p style=\"text-align: justify;\">Pr\u00e9ambule<br \/>\nLes pr\u00e9sentes Conditions G\u00e9n\u00e9rales de Vente (ci-apr\u00e8s les \u00ab Conditions \u00bb) s&#8217;appliquent aux relations actuelles et futures entre l&#8217;Organisation de l&#8217;Homme vrai (ci-apr\u00e8s \u00ab OHV \u00bb) -domicili\u00e9e au 53 chemin de l&#8217;\u00e9cole, Sainte-Suzanne (La r\u00e9union) , enregistr\u00e9e au RCS de Saint-Denis sous le num\u00e9ro SIRET 53362155300015 et l&#8217;auteur de la commande (ci-apr\u00e8s le \u00ab Client \u00bb) relativement aux services, (ci-apr\u00e8s \u00ab le(s) Service(s) \u00bb) propos\u00e9es par OHV sur le site www.homme-vrai.com ou www.lhommevrai-diffusion.com (ci-apr\u00e8s le \u00ab Site \u00bb).<br \/>\nToute prise de commande suppose l&#8217;acceptation sans r\u00e9serve des Conditions suivantes.<\/p>\n<p>Article 1 &#8211; Prix et conditions de paiement<br \/>\nLes prix des Services sont indiqu\u00e9s en euros toutes taxes comprises. OHV se r\u00e9serve le droit de modifier les prix \u00e0 tout moment sous r\u00e9serve de faire appara\u00eetre les modifications sur le Site. Les Services sont toujours factur\u00e9s en euros sur la base des tarifs en vigueur au moment de l&#8217;enregistrement de la commande.<\/p>\n<p style=\"text-align: justify;\">Conditions de paiement<br \/>\nLe r\u00e8glement des achats peut s&#8217;effectuer: -soit par ch\u00e8que -soit par carte bancaire via PAYPAL. Le paiement en ligne fait l&#8217;objet d&#8217;un syst\u00e8me de s\u00e9curisation. OHV a adopt\u00e9 un proc\u00e9d\u00e9 de cryptage conforme aux r\u00e9glementations interbancaires fran\u00e7aises et internationales. Lors de l&#8217;op\u00e9ration, un num\u00e9ro de contr\u00f4le est demand\u00e9: il s&#8217;agit de 3 chiffres (cryptogramme) figurant au dos de la carte bancaire du Client.<br \/>\nOHV n&#8217;est pas responsable d&#8217;un \u00e9ventuel dysfonctionnement survenant au moment du paiement et qui ne serait pas de son propre fait.<\/p>\n<p style=\"text-align: justify;\">Les frais de participation aux s\u00e9minaires<br \/>\nLes frais de participation au s\u00e9minaire n&#8217;incluent pas : les frais de transport pour venir sur le lieu du s\u00e9minaire, les frais de repas et les frais d&#8217;h\u00e9bergement.<\/p>\n<p>Prise en compte de l&#8217;inscription<br \/>\nSeul, le r\u00e8glement de l&#8217;acompte ou de l&#8217;int\u00e9gralit\u00e9 du prix d\u00e9clenche l&#8217;inscription aux Services.<\/p>\n<p style=\"text-align: justify;\">D\u00e9lai de r\u00e8glement<br \/>\n&#8211; Pour un r\u00e8glement par ch\u00e8que, le d\u00e9lai est de 45 jours avant la date du Service<br \/>\nPass\u00e9 ce d\u00e9lai, l&#8217;inscription et le r\u00e8glement seront retourn\u00e9s. Le cachet de la poste fera foi.<br \/>\n&#8211; Pour un r\u00e8glement par carte bancaire, le d\u00e9lai est r\u00e9duit, au plus tard, \u00e0 30 jours avant le Service.<\/p>\n<p style=\"text-align: justify;\">En cas d&#8217;absence de r\u00e8glement dans ces d\u00e9lais, le Client pr\u00e9-inscrit sera automatiquement mis en liste d&#8217;attente.<\/p>\n<p style=\"text-align: justify;\">Conditions d&#8217;annulation<br \/>\nL&#8217;absence le jour de l&#8217;entretien t\u00e9l\u00e9phonique n&#8217;entraine aucun remboursement. Le d\u00e9placement du rendez-vous sera propos\u00e9 sans frais suppl\u00e9mentaire.<br \/>\nL&#8217;annulation n&#8217;est possible qu&#8217;en cas de force majeure (maladie, d\u00e9c\u00e8s etc.) qui devra \u00eatre d\u00fbment justifi\u00e9.<\/p>\n<p style=\"text-align: justify;\">Article 2 &#8211; Confidentialit\u00e9<br \/>\nOHV traite toutes les informations concernant le Client avec la plus stricte confidentialit\u00e9, conform\u00e9ment \u00e0 la l\u00e9gislation en vigueur.<br \/>\nLors de la commande, seules sont demand\u00e9es les informations indispensables (nom, pr\u00e9nom, adresse, e-mail, t\u00e9l\u00e9phone) au traitement efficace et rapide de la commande. Ces donn\u00e9es saisies en ligne sont enregistr\u00e9es sur un serveur s\u00e9curis\u00e9 et sont imm\u00e9diatement crypt\u00e9es. Sauf consentement pr\u00e9alable du Client, OHV ne collectera ni n&#8217;utilisera de donn\u00e9es personnelles dans un but autre que celui de la commande. Conform\u00e9ment \u00e0 la loi \u00ab Informatique et Libert\u00e9s \u00bb du 6 janvier 1978, le Client dispose d&#8217;un droit d&#8217;acc\u00e8s et de rectification des donn\u00e9es le concernant, qu&#8217;il exerce en \u00e9crivant \u00e0 l&#8217;adresse: Organisation de l&#8217;Homme vrai 53 chemin de l&#8217;\u00e9cole 97440 Ste Suzanne ou \u00e0: hommevrai (at) gmail . com<\/p>\n<p style=\"text-align: justify;\">Article 3 &#8211; Modifications<br \/>\nOHV se r\u00e9serve le droit de modifier les pr\u00e9sentes Conditions sous r\u00e9serve d&#8217;afficher les modifications sur le Site. Les Conditions ainsi modifi\u00e9es remplacent toutes clauses et conditions g\u00e9n\u00e9rales de vente pr\u00e9c\u00e9dentes. Toute modification des Conditions par le Client ou toute condition d&#8217;achat n&#8217;auront aucune incidence sauf acceptation pr\u00e9alable et expresse de OHV.<\/p>\n<p>Article 4 &#8211; Service client\u00e8le<br \/>\nOrganisation de l&#8217;Homme vrai 53 chemin de l&#8217;\u00e9cole 97440 Ste Suzanne ou \u00e0: hommevrai (at) gmail . com<\/p>\n","protected":false},"excerpt":{"rendered":"<p>Pr\u00e9ambule Les pr\u00e9sentes Conditions G\u00e9n\u00e9rales de Vente (ci-apr\u00e8s les \u00ab Conditions \u00bb) s&#8217;appliquent aux relations actuelles et futures entre l&#8217;Organisation de l&#8217;Homme vrai (ci-apr\u00e8s \u00ab OHV \u00bb) -domicili\u00e9e au 53 chemin de l&#8217;\u00e9cole, Sainte-Suzanne (La r\u00e9union) , enregistr\u00e9e au RCS de Saint-Denis sous le num\u00e9ro SIRET 53362155300015 et l&#8217;auteur de la commande (ci-apr\u00e8s le \u00ab [&hellip;]<\/p>\n","protected":false},"author":1,"featured_media":0,"parent":0,"menu_order":0,"comment_status":"closed","ping_status":"open","template":"","meta":{"_bbp_topic_count":0,"_bbp_reply_count":0,"_bbp_total_topic_count":0,"_bbp_total_reply_count":0,"_bbp_voice_count":0,"_bbp_anonymous_reply_count":0,"_bbp_topic_count_hidden":0,"_bbp_reply_count_hidden":0,"_bbp_forum_subforum_count":0,"jetpack_post_was_ever_published":false,"footnotes":""},"class_list":["post-292","page","type-page","status-publish","hentry","has-post-title","has-post-date","has-post-category","has-post-tag","has-post-comment","has-post-author",""],"jetpack_shortlink":"https:\/\/wp.me\/P77fPY-4I","jetpack_sharing_enabled":true,"_links":{"self":[{"href":"https:\/\/lhommevrai-diffusion.com\/OHV\/wp-json\/wp\/v2\/pages\/292","targetHints":{"allow":["GET"]}}],"collection":[{"href":"https:\/\/lhommevrai-diffusion.com\/OHV\/wp-json\/wp\/v2\/pages"}],"about":[{"href":"https:\/\/lhommevrai-diffusion.com\/OHV\/wp-json\/wp\/v2\/types\/page"}],"author":[{"embeddable":true,"href":"https:\/\/lhommevrai-diffusion.com\/OHV\/wp-json\/wp\/v2\/users\/1"}],"replies":[{"embeddable":true,"href":"https:\/\/lhommevrai-diffusion.com\/OHV\/wp-json\/wp\/v2\/comments?post=292"}],"version-history":[{"count":3,"href":"https:\/\/lhommevrai-diffusion.com\/OHV\/wp-json\/wp\/v2\/pages\/292\/revisions"}],"predecessor-version":[{"id":294,"href":"https:\/\/lhommevrai-diffusion.com\/OHV\/wp-json\/wp\/v2\/pages\/292\/revisions\/294"}],"wp:attachment":[{"href":"https:\/\/lhommevrai-diffusion.com\/OHV\/wp-json\/wp\/v2\/media?parent=292"}],"curies":[{"name":"wp","href":"https:\/\/api.w.org\/{rel}","templated":true}]}}