{"id":426,"date":"2012-02-03T14:25:34","date_gmt":"2012-02-03T13:25:34","guid":{"rendered":"http:\/\/lhommevrai-diffusion.com\/OHV\/?page_id=426"},"modified":"2025-10-30T20:39:14","modified_gmt":"2025-10-30T19:39:14","slug":"diffusion","status":"publish","type":"page","link":"https:\/\/lhommevrai-diffusion.com\/OHV\/maison-dedition\/diffusion\/","title":{"rendered":"Diffusion &#8211; Distribution"},"content":{"rendered":"<!--themify_builder_content-->\n<div id=\"themify_builder_content-426\" data-postid=\"426\" class=\"themify_builder_content themify_builder_content-426 themify_builder tf_clear\">\n                    <div  data-lazy=\"1\" class=\"module_row themify_builder_row tb_ffi0048 tb_first tf_w\">\n                        <div class=\"row_inner col_align_top tb_col_count_1 tf_box tf_rel\">\n                        <div  data-lazy=\"1\" class=\"module_column tb-column col-full tb_ncki010 first\">\n                            <div  data-lazy=\"1\" class=\"module_subrow themify_builder_sub_row tf_w col_align_top tb_col_count_3 tb_jmay005\">\n                <div  data-lazy=\"1\" class=\"module_column sub_column col3-1 tb_o442440 first\">\n                    <!-- module text -->\n<div  class=\"module module-text tb_7p8d400   \" data-lazy=\"1\">\n        <div  class=\"tb_text_wrap\">\n        <h4>En France les ouvrages sont auto diffus\u00e9s et distribu\u00e9s par :<\/h4><ul><li><h4>Les \u00e9ditions de l\u2019Homme vrai<\/h4><\/li><\/ul>    <\/div>\n<\/div>\n<!-- \/module text -->        <\/div>\n                    <div  data-lazy=\"1\" class=\"module_column sub_column col3-1 tb_eq13440\">\n                    <!-- module image -->\n<div  class=\"module module-image tb_1hey420 image-top rounded  tf_mw\" data-lazy=\"1\">\n        <div class=\"image-wrap tf_rel tf_mw\">\n            <img data-recalc-dims=\"1\" loading=\"lazy\" decoding=\"async\" src=\"https:\/\/i0.wp.com\/lhommevrai-diffusion.com\/OHV\/wp-content\/uploads\/2015\/05\/Imprim-vert.jpg?resize=300%2C300&#038;ssl=1\" width=\"300\" height=\"300\" class=\"wp-post-image wp-image-2422\" title=\"Imprim vert\" alt=\"Imprim vert\" srcset=\"https:\/\/i0.wp.com\/lhommevrai-diffusion.com\/OHV\/wp-content\/uploads\/2015\/05\/Imprim-vert.jpg?resize=300%2C300&amp;ssl=1 300w, https:\/\/i0.wp.com\/lhommevrai-diffusion.com\/OHV\/wp-content\/uploads\/2015\/05\/Imprim-vert.jpg?resize=150%2C150&amp;ssl=1 150w, https:\/\/i0.wp.com\/lhommevrai-diffusion.com\/OHV\/wp-content\/uploads\/2015\/05\/Imprim-vert.jpg?resize=600%2C597&amp;ssl=1 600w, https:\/\/i0.wp.com\/lhommevrai-diffusion.com\/OHV\/wp-content\/uploads\/2015\/05\/Imprim-vert.jpg?resize=60%2C60&amp;ssl=1 60w, https:\/\/i0.wp.com\/lhommevrai-diffusion.com\/OHV\/wp-content\/uploads\/2015\/05\/Imprim-vert.jpg?resize=200%2C199&amp;ssl=1 200w\" sizes=\"auto, (max-width: 300px) 100vw, 300px\" \/>    \n        <\/div>\n    <!-- \/image-wrap -->\n    \n        <\/div>\n<!-- \/module image -->        <\/div>\n                    <div  data-lazy=\"1\" class=\"module_column sub_column col3-1 tb_ta4i040 last\">\n                    <!-- module image -->\n<div  class=\"module module-image tb_v632407 image-top rounded  tf_mw\" data-lazy=\"1\">\n        <div class=\"image-wrap tf_rel tf_mw\">\n            <img data-recalc-dims=\"1\" loading=\"lazy\" decoding=\"async\" src=\"https:\/\/i0.wp.com\/lhommevrai-diffusion.com\/OHV\/wp-content\/uploads\/2015\/05\/logo-imprime-france.jpg?resize=300%2C300&#038;ssl=1\" width=\"300\" height=\"300\" class=\"wp-post-image wp-image-2423\" title=\"logo imprime france\" alt=\"logo imprime france\" srcset=\"https:\/\/i0.wp.com\/lhommevrai-diffusion.com\/OHV\/wp-content\/uploads\/2015\/05\/logo-imprime-france.jpg?resize=300%2C300&amp;ssl=1 300w, https:\/\/i0.wp.com\/lhommevrai-diffusion.com\/OHV\/wp-content\/uploads\/2015\/05\/logo-imprime-france.jpg?resize=150%2C150&amp;ssl=1 150w, https:\/\/i0.wp.com\/lhommevrai-diffusion.com\/OHV\/wp-content\/uploads\/2015\/05\/logo-imprime-france.jpg?resize=60%2C60&amp;ssl=1 60w, https:\/\/i0.wp.com\/lhommevrai-diffusion.com\/OHV\/wp-content\/uploads\/2015\/05\/logo-imprime-france.jpg?resize=200%2C199&amp;ssl=1 200w, https:\/\/i0.wp.com\/lhommevrai-diffusion.com\/OHV\/wp-content\/uploads\/2015\/05\/logo-imprime-france.jpg?w=337&amp;ssl=1 337w\" sizes=\"auto, (max-width: 300px) 100vw, 300px\" \/>    \n        <\/div>\n    <!-- \/image-wrap -->\n    \n        <\/div>\n<!-- \/module image -->        <\/div>\n                    <\/div>\n                <\/div>\n                        <\/div>\n        <\/div>\n                        <div  data-lazy=\"1\" class=\"module_row themify_builder_row tb_rzkf330 tf_w\">\n                        <div class=\"row_inner col_align_top tb_col_count_1 tf_box tf_rel\">\n                        <div  data-lazy=\"1\" class=\"module_column tb-column col-full tb_sy7x443 first\">\n                    <!-- module text -->\n<div  class=\"module module-text tb_jq3x043   \" data-lazy=\"1\">\n    <h3 class=\"module-title\">Livraisons<\/h3>    <div  class=\"tb_text_wrap\">\n        <h3>Distribution : Editions de l&#8217;Homme vrai &#8211;\u00a0 hommevrai at gmail.com<\/h3>    <\/div>\n<\/div>\n<!-- \/module text -->        <div  data-lazy=\"1\" class=\"module_subrow themify_builder_sub_row tf_w col_align_top tb_col_count_2 tb_sifj044\">\n                <div  data-lazy=\"1\" class=\"module_column sub_column col4-2 tb_lfy1344 first\">\n                    <!-- module text -->\n<div  class=\"module module-text tb_b5d6606   \" data-lazy=\"1\">\n    <h3 class=\"module-title\">Librairies<\/h3>    <div  class=\"tb_text_wrap\">\n        <p><img data-recalc-dims=\"1\" loading=\"lazy\" decoding=\"async\" class=\"alignleft wp-image-2418 size-full\" src=\"https:\/\/i0.wp.com\/lhommevrai-diffusion.com\/OHV\/wp-content\/uploads\/2015\/05\/logo_prisme_bleu.png?resize=233%2C77&#038;ssl=1\" alt=\"logo_prisme_bleu\" width=\"233\" height=\"77\" srcset=\"https:\/\/i0.wp.com\/lhommevrai-diffusion.com\/OHV\/wp-content\/uploads\/2015\/05\/logo_prisme_bleu.png?w=233&amp;ssl=1 233w, https:\/\/i0.wp.com\/lhommevrai-diffusion.com\/OHV\/wp-content\/uploads\/2015\/05\/logo_prisme_bleu.png?resize=60%2C20&amp;ssl=1 60w, https:\/\/i0.wp.com\/lhommevrai-diffusion.com\/OHV\/wp-content\/uploads\/2015\/05\/logo_prisme_bleu.png?resize=200%2C66&amp;ssl=1 200w\" sizes=\"auto, (max-width: 233px) 100vw, 233px\" \/><\/p>    <\/div>\n<\/div>\n<!-- \/module text -->        <\/div>\n                    <div  data-lazy=\"1\" class=\"module_column sub_column col4-2 tb_rk9f994 last\">\n                    <!-- module text -->\n<div  class=\"module module-text tb_s4aq420   \" data-lazy=\"1\">\n    <h3 class=\"module-title\">Magasins bio et autres<\/h3>    <div  class=\"tb_text_wrap\">\n        <p><img data-recalc-dims=\"1\" loading=\"lazy\" decoding=\"async\" class=\"alignleft wp-image-2419 size-full\" src=\"https:\/\/i0.wp.com\/lhommevrai-diffusion.com\/OHV\/wp-content\/uploads\/2015\/05\/logo-la-poste.jpg?resize=200%2C81&#038;ssl=1\" alt=\"logo la poste\" width=\"200\" height=\"81\" srcset=\"https:\/\/i0.wp.com\/lhommevrai-diffusion.com\/OHV\/wp-content\/uploads\/2015\/05\/logo-la-poste.jpg?w=200&amp;ssl=1 200w, https:\/\/i0.wp.com\/lhommevrai-diffusion.com\/OHV\/wp-content\/uploads\/2015\/05\/logo-la-poste.jpg?resize=60%2C24&amp;ssl=1 60w\" sizes=\"auto, (max-width: 200px) 100vw, 200px\" \/><\/p>    <\/div>\n<\/div>\n<!-- \/module text -->        <\/div>\n                    <\/div>\n                <\/div>\n                        <\/div>\n        <\/div>\n        <\/div>\n<!--\/themify_builder_content-->","protected":false},"excerpt":{"rendered":"<p>En France les ouvrages sont auto diffus\u00e9s et distribu\u00e9s par : Les \u00e9ditions de l\u2019Homme vrai Livraisons Distribution : Editions de l&#8217;Homme vrai &#8211;\u00a0 hommevrai at gmail.com Librairies Magasins bio et autres<\/p>\n","protected":false},"author":1,"featured_media":0,"parent":188,"menu_order":0,"comment_status":"closed","ping_status":"open","template":"","meta":{"_bbp_topic_count":0,"_bbp_reply_count":0,"_bbp_total_topic_count":0,"_bbp_total_reply_count":0,"_bbp_voice_count":0,"_bbp_anonymous_reply_count":0,"_bbp_topic_count_hidden":0,"_bbp_reply_count_hidden":0,"_bbp_forum_subforum_count":0,"jetpack_post_was_ever_published":false,"footnotes":""},"class_list":["post-426","page","type-page","status-publish","hentry","has-post-title","has-post-date","has-post-category","has-post-tag","has-post-comment","has-post-author",""],"jetpack_shortlink":"https:\/\/wp.me\/P77fPY-6S","jetpack_sharing_enabled":true,"_links":{"self":[{"href":"https:\/\/lhommevrai-diffusion.com\/OHV\/wp-json\/wp\/v2\/pages\/426","targetHints":{"allow":["GET"]}}],"collection":[{"href":"https:\/\/lhommevrai-diffusion.com\/OHV\/wp-json\/wp\/v2\/pages"}],"about":[{"href":"https:\/\/lhommevrai-diffusion.com\/OHV\/wp-json\/wp\/v2\/types\/page"}],"author":[{"embeddable":true,"href":"https:\/\/lhommevrai-diffusion.com\/OHV\/wp-json\/wp\/v2\/users\/1"}],"replies":[{"embeddable":true,"href":"https:\/\/lhommevrai-diffusion.com\/OHV\/wp-json\/wp\/v2\/comments?post=426"}],"version-history":[{"count":20,"href":"https:\/\/lhommevrai-diffusion.com\/OHV\/wp-json\/wp\/v2\/pages\/426\/revisions"}],"predecessor-version":[{"id":13597,"href":"https:\/\/lhommevrai-diffusion.com\/OHV\/wp-json\/wp\/v2\/pages\/426\/revisions\/13597"}],"up":[{"embeddable":true,"href":"https:\/\/lhommevrai-diffusion.com\/OHV\/wp-json\/wp\/v2\/pages\/188"}],"wp:attachment":[{"href":"https:\/\/lhommevrai-diffusion.com\/OHV\/wp-json\/wp\/v2\/media?parent=426"}],"curies":[{"name":"wp","href":"https:\/\/api.w.org\/{rel}","templated":true}]}}