{"id":4433,"date":"2015-11-30T19:34:10","date_gmt":"2015-11-30T18:34:10","guid":{"rendered":"http:\/\/lhommevrai-diffusion.com\/OHV\/?page_id=4433"},"modified":"2015-12-01T11:21:55","modified_gmt":"2015-12-01T10:21:55","slug":"live-book","status":"publish","type":"page","link":"https:\/\/lhommevrai-diffusion.com\/OHV\/maison-dedition\/live-book\/","title":{"rendered":"Live Book"},"content":{"rendered":"<p>Les \u00e9ditions de l&#8217;Homme vrai accompagnent les auteurs en auto \u00e9dition avec le label \u00e9ditorial Live Book.<\/p>\n<p><a href=\"http:\/\/live-book.eu\/\" target=\"_blank\" rel=\"noopener\"><img data-recalc-dims=\"1\" loading=\"lazy\" decoding=\"async\" class=\"alignleft wp-image-4437\" src=\"https:\/\/i0.wp.com\/lhommevrai-diffusion.com\/OHV\/wp-content\/uploads\/2015\/11\/logo-live-book.jpg?resize=114%2C93\" alt=\"logo live book\" width=\"114\" height=\"93\" srcset=\"https:\/\/i0.wp.com\/lhommevrai-diffusion.com\/OHV\/wp-content\/uploads\/2015\/11\/logo-live-book.jpg?w=288&amp;ssl=1 288w, https:\/\/i0.wp.com\/lhommevrai-diffusion.com\/OHV\/wp-content\/uploads\/2015\/11\/logo-live-book.jpg?resize=60%2C49&amp;ssl=1 60w, https:\/\/i0.wp.com\/lhommevrai-diffusion.com\/OHV\/wp-content\/uploads\/2015\/11\/logo-live-book.jpg?resize=200%2C164&amp;ssl=1 200w\" sizes=\"auto, (max-width: 114px) 100vw, 114px\" \/><\/a><\/p>\n<p>Les livres publi\u00e9s avec Live Book b\u00e9n\u00e9ficient du m\u00eame service d&#8217;impression \u00e0 la demande que pour les livres des\u00a0\u00e9ditions de l&#8217;Homme vrai.<\/p>\n<p>Les auteurs ont \u00e9galement la possibilit\u00e9 de joindre le programme de diffusion <strong>Carte O Livre<\/strong>, une\u00a0innovation favorisant l&#8217;\u00e9conomie locale cr\u00e9\u00e9e par les \u00e9ditions de l&#8217;Homme vrai.<\/p>\n<p style=\"text-align: center;\"><a href=\"http:\/\/live-book.eu\/carte-o-livre\/\" target=\"_blank\" rel=\"noopener\"><img data-recalc-dims=\"1\" loading=\"lazy\" decoding=\"async\" class=\"aligncenter wp-image-4436\" src=\"https:\/\/i0.wp.com\/lhommevrai-diffusion.com\/OHV\/wp-content\/uploads\/2015\/11\/logo-CARTE-O-LIVRE-2.jpg?resize=354%2C69\" alt=\"logo CARTE O LIVRE\" width=\"354\" height=\"69\" srcset=\"https:\/\/i0.wp.com\/lhommevrai-diffusion.com\/OHV\/wp-content\/uploads\/2015\/11\/logo-CARTE-O-LIVRE-2.jpg?w=704&amp;ssl=1 704w, https:\/\/i0.wp.com\/lhommevrai-diffusion.com\/OHV\/wp-content\/uploads\/2015\/11\/logo-CARTE-O-LIVRE-2.jpg?resize=300%2C58&amp;ssl=1 300w, https:\/\/i0.wp.com\/lhommevrai-diffusion.com\/OHV\/wp-content\/uploads\/2015\/11\/logo-CARTE-O-LIVRE-2.jpg?resize=600%2C117&amp;ssl=1 600w, https:\/\/i0.wp.com\/lhommevrai-diffusion.com\/OHV\/wp-content\/uploads\/2015\/11\/logo-CARTE-O-LIVRE-2.jpg?resize=60%2C12&amp;ssl=1 60w, https:\/\/i0.wp.com\/lhommevrai-diffusion.com\/OHV\/wp-content\/uploads\/2015\/11\/logo-CARTE-O-LIVRE-2.jpg?resize=200%2C39&amp;ssl=1 200w, https:\/\/i0.wp.com\/lhommevrai-diffusion.com\/OHV\/wp-content\/uploads\/2015\/11\/logo-CARTE-O-LIVRE-2.jpg?resize=450%2C88&amp;ssl=1 450w\" sizes=\"auto, (max-width: 354px) 100vw, 354px\" \/><\/a><\/p>\n<p>D\u00e9couvrir le catalogue Live Book :\u00a0<a href=\"http:\/\/live-book.eu\/boutique\/\" target=\"_blank\" rel=\"noopener\">http:\/\/live-book.eu\/boutique\/<\/a><\/p>\n<p style=\"text-align: center;\">\n","protected":false},"excerpt":{"rendered":"<p>Les \u00e9ditions de l&#8217;Homme vrai accompagnent les auteurs en auto \u00e9dition avec le label \u00e9ditorial Live Book. Les livres publi\u00e9s avec Live Book b\u00e9n\u00e9ficient du m\u00eame service d&#8217;impression \u00e0 la demande que pour les livres des\u00a0\u00e9ditions de l&#8217;Homme vrai. Les auteurs ont \u00e9galement la possibilit\u00e9 de joindre le programme de diffusion Carte O Livre, une\u00a0innovation [&hellip;]<\/p>\n","protected":false},"author":1,"featured_media":0,"parent":188,"menu_order":0,"comment_status":"closed","ping_status":"closed","template":"","meta":{"_bbp_topic_count":0,"_bbp_reply_count":0,"_bbp_total_topic_count":0,"_bbp_total_reply_count":0,"_bbp_voice_count":0,"_bbp_anonymous_reply_count":0,"_bbp_topic_count_hidden":0,"_bbp_reply_count_hidden":0,"_bbp_forum_subforum_count":0,"jetpack_post_was_ever_published":false,"footnotes":""},"class_list":["post-4433","page","type-page","status-publish","hentry","has-post-title","has-post-date","has-post-category","has-post-tag","has-post-comment","has-post-author",""],"jetpack_shortlink":"https:\/\/wp.me\/P77fPY-19v","jetpack_sharing_enabled":true,"_links":{"self":[{"href":"https:\/\/lhommevrai-diffusion.com\/OHV\/wp-json\/wp\/v2\/pages\/4433","targetHints":{"allow":["GET"]}}],"collection":[{"href":"https:\/\/lhommevrai-diffusion.com\/OHV\/wp-json\/wp\/v2\/pages"}],"about":[{"href":"https:\/\/lhommevrai-diffusion.com\/OHV\/wp-json\/wp\/v2\/types\/page"}],"author":[{"embeddable":true,"href":"https:\/\/lhommevrai-diffusion.com\/OHV\/wp-json\/wp\/v2\/users\/1"}],"replies":[{"embeddable":true,"href":"https:\/\/lhommevrai-diffusion.com\/OHV\/wp-json\/wp\/v2\/comments?post=4433"}],"version-history":[{"count":4,"href":"https:\/\/lhommevrai-diffusion.com\/OHV\/wp-json\/wp\/v2\/pages\/4433\/revisions"}],"predecessor-version":[{"id":4439,"href":"https:\/\/lhommevrai-diffusion.com\/OHV\/wp-json\/wp\/v2\/pages\/4433\/revisions\/4439"}],"up":[{"embeddable":true,"href":"https:\/\/lhommevrai-diffusion.com\/OHV\/wp-json\/wp\/v2\/pages\/188"}],"wp:attachment":[{"href":"https:\/\/lhommevrai-diffusion.com\/OHV\/wp-json\/wp\/v2\/media?parent=4433"}],"curies":[{"name":"wp","href":"https:\/\/api.w.org\/{rel}","templated":true}]}}