{"id":4456,"date":"2015-12-21T12:23:53","date_gmt":"2015-12-21T11:23:53","guid":{"rendered":"http:\/\/lhommevrai-diffusion.com\/OHV\/services\/abonnement-conferences-copy\/"},"modified":"2020-11-20T13:09:02","modified_gmt":"2020-11-20T12:09:02","slug":"conferences-telephoniques","status":"publish","type":"page","link":"https:\/\/lhommevrai-diffusion.com\/OHV\/services\/conferences-telephoniques\/","title":{"rendered":"Conf\u00e9rences t\u00e9l\u00e9phoniques"},"content":{"rendered":"<!--themify_builder_content-->\n<div id=\"themify_builder_content-4456\" data-postid=\"4456\" class=\"themify_builder_content themify_builder_content-4456 themify_builder tf_clear\">\n                    <div  data-lazy=\"1\" class=\"module_row themify_builder_row tb_98bcd2e tb_first tf_w\">\n                        <div class=\"row_inner col_align_top tb_col_count_1 tf_box tf_rel\">\n                        <div  data-lazy=\"1\" class=\"module_column tb-column col-full tb_1972695 first\">\n                            <div  data-lazy=\"1\" class=\"module_subrow themify_builder_sub_row tf_w col_align_top tb_col_count_2 tb_dd311a9\">\n                <div  data-lazy=\"1\" class=\"module_column sub_column col3-1 tb_34ef79e first\">\n                    <!-- module image -->\n<div  class=\"module module-image tb_0883fbc image-center circle  tf_mw\" data-lazy=\"1\">\n        <div class=\"image-wrap tf_rel tf_mw\">\n            <img data-recalc-dims=\"1\" loading=\"lazy\" decoding=\"async\" src=\"https:\/\/i0.wp.com\/lhommevrai-diffusion.com\/OHV\/wp-content\/uploads\/2015\/11\/Christophe-Yann-C-1024x959.jpg?resize=250%2C234&#038;ssl=1\" width=\"250\" height=\"234\" class=\"wp-post-image wp-image-4430\" title=\"Christophe Yann C\" alt=\"Christophe Yann C\" srcset=\"https:\/\/i0.wp.com\/lhommevrai-diffusion.com\/OHV\/wp-content\/uploads\/2015\/11\/Christophe-Yann-C.jpg?resize=250%2C234&amp;ssl=1 250w, https:\/\/i0.wp.com\/lhommevrai-diffusion.com\/OHV\/wp-content\/uploads\/2015\/11\/Christophe-Yann-C.jpg?resize=300%2C280&amp;ssl=1 300w, https:\/\/i0.wp.com\/lhommevrai-diffusion.com\/OHV\/wp-content\/uploads\/2015\/11\/Christophe-Yann-C.jpg?resize=1024%2C959&amp;ssl=1 1024w, https:\/\/i0.wp.com\/lhommevrai-diffusion.com\/OHV\/wp-content\/uploads\/2015\/11\/Christophe-Yann-C.jpg?resize=600%2C562&amp;ssl=1 600w, https:\/\/i0.wp.com\/lhommevrai-diffusion.com\/OHV\/wp-content\/uploads\/2015\/11\/Christophe-Yann-C.jpg?resize=60%2C56&amp;ssl=1 60w, https:\/\/i0.wp.com\/lhommevrai-diffusion.com\/OHV\/wp-content\/uploads\/2015\/11\/Christophe-Yann-C.jpg?resize=200%2C187&amp;ssl=1 200w, https:\/\/i0.wp.com\/lhommevrai-diffusion.com\/OHV\/wp-content\/uploads\/2015\/11\/Christophe-Yann-C.jpg?resize=450%2C421&amp;ssl=1 450w, https:\/\/i0.wp.com\/lhommevrai-diffusion.com\/OHV\/wp-content\/uploads\/2015\/11\/Christophe-Yann-C.jpg?resize=352%2C329&amp;ssl=1 352w, https:\/\/i0.wp.com\/lhommevrai-diffusion.com\/OHV\/wp-content\/uploads\/2015\/11\/Christophe-Yann-C.jpg?w=1068&amp;ssl=1 1068w\" sizes=\"auto, (max-width: 250px) 100vw, 250px\" \/>    \n        <\/div>\n    <!-- \/image-wrap -->\n    \n        <\/div>\n<!-- \/module image -->        <\/div>\n                    <div  data-lazy=\"1\" class=\"module_column sub_column col3-2 tb_492f62e last\">\n                    <!-- module image -->\n<div  class=\"module module-image tb_4a233c1 image-top   auto_fullwidth tf_mw\" data-lazy=\"1\">\n        <div class=\"image-wrap tf_rel tf_mw\">\n            <img data-recalc-dims=\"1\" loading=\"lazy\" decoding=\"async\" width=\"800\" height=\"602\" src=\"https:\/\/i0.wp.com\/lhommevrai-diffusion.com\/OHV\/wp-content\/uploads\/2016\/11\/CONFERENCES-TELEPHONIQUES.jpg?resize=800%2C602&#038;ssl=1\" class=\"wp-post-image wp-image-5118\" title=\"CONFERENCES TELEPHONIQUES\" alt=\"CONFERENCES TELEPHONIQUES\" srcset=\"https:\/\/i0.wp.com\/lhommevrai-diffusion.com\/OHV\/wp-content\/uploads\/2016\/11\/CONFERENCES-TELEPHONIQUES.jpg?w=800&amp;ssl=1 800w, https:\/\/i0.wp.com\/lhommevrai-diffusion.com\/OHV\/wp-content\/uploads\/2016\/11\/CONFERENCES-TELEPHONIQUES.jpg?resize=300%2C226&amp;ssl=1 300w, https:\/\/i0.wp.com\/lhommevrai-diffusion.com\/OHV\/wp-content\/uploads\/2016\/11\/CONFERENCES-TELEPHONIQUES.jpg?resize=768%2C578&amp;ssl=1 768w, https:\/\/i0.wp.com\/lhommevrai-diffusion.com\/OHV\/wp-content\/uploads\/2016\/11\/CONFERENCES-TELEPHONIQUES.jpg?resize=600%2C452&amp;ssl=1 600w, https:\/\/i0.wp.com\/lhommevrai-diffusion.com\/OHV\/wp-content\/uploads\/2016\/11\/CONFERENCES-TELEPHONIQUES.jpg?resize=60%2C45&amp;ssl=1 60w, https:\/\/i0.wp.com\/lhommevrai-diffusion.com\/OHV\/wp-content\/uploads\/2016\/11\/CONFERENCES-TELEPHONIQUES.jpg?resize=200%2C151&amp;ssl=1 200w, https:\/\/i0.wp.com\/lhommevrai-diffusion.com\/OHV\/wp-content\/uploads\/2016\/11\/CONFERENCES-TELEPHONIQUES.jpg?resize=450%2C339&amp;ssl=1 450w\" sizes=\"auto, (max-width: 800px) 100vw, 800px\" \/>    \n        <\/div>\n    <!-- \/image-wrap -->\n    \n        <\/div>\n<!-- \/module image --><!-- module text -->\n<div  class=\"module module-text tb_d20cd9a   \" data-lazy=\"1\">\n        <div  class=\"tb_text_wrap\">\n        <h3 style=\"text-align: justify;\">Cr\u00e9\u00e9es en 2011, les conf\u00e9rences t\u00e9l\u00e9phoniques anim\u00e9es par Christophe Yann sont devenues un prolongement des livres et des ateliers. Elles offrent un espace d&#8217;\u00e9change et d&#8217;approfondissement sur des th\u00e8mes choisis par les participants.<\/h3><p>\u00a0<\/p>    <\/div>\n<\/div>\n<!-- \/module text -->        <\/div>\n                    <\/div>\n                <\/div>\n                        <\/div>\n        <\/div>\n                        <div  data-lazy=\"1\" class=\"module_row themify_builder_row tb_de39410 tf_w\">\n                        <div class=\"row_inner col_align_top tb_col_count_1 tf_box tf_rel\">\n                        <div  data-lazy=\"1\" class=\"module_column tb-column col-full tb_70fac7a first\">\n                            <div  data-lazy=\"1\" class=\"module_subrow themify_builder_sub_row tf_w col_align_top tb_col_count_2 tb_5047441\">\n                <div  data-lazy=\"1\" class=\"module_column sub_column col4-2 tb_7ffabeb first\">\n                    <!-- module image -->\n<div  class=\"module module-image tb_94a8637 image-top   auto_fullwidth tf_mw\" data-lazy=\"1\">\n        <div class=\"image-wrap tf_rel tf_mw\">\n            <img data-recalc-dims=\"1\" loading=\"lazy\" decoding=\"async\" width=\"561\" height=\"794\" src=\"https:\/\/i0.wp.com\/lhommevrai-diffusion.com\/OHV\/wp-content\/uploads\/2016\/01\/Dans-les-yeux-de-yann-1-cover.jpg?resize=561%2C794&#038;ssl=1\" class=\"wp-post-image wp-image-4534\" title=\"Dans les yeux de yann 1 cover\" alt=\"Dans les yeux de yann 1 cover\" srcset=\"https:\/\/i0.wp.com\/lhommevrai-diffusion.com\/OHV\/wp-content\/uploads\/2016\/01\/Dans-les-yeux-de-yann-1-cover.jpg?w=561&amp;ssl=1 561w, https:\/\/i0.wp.com\/lhommevrai-diffusion.com\/OHV\/wp-content\/uploads\/2016\/01\/Dans-les-yeux-de-yann-1-cover.jpg?resize=212%2C300&amp;ssl=1 212w, https:\/\/i0.wp.com\/lhommevrai-diffusion.com\/OHV\/wp-content\/uploads\/2016\/01\/Dans-les-yeux-de-yann-1-cover.jpg?resize=300%2C424&amp;ssl=1 300w, https:\/\/i0.wp.com\/lhommevrai-diffusion.com\/OHV\/wp-content\/uploads\/2016\/01\/Dans-les-yeux-de-yann-1-cover.jpg?resize=60%2C85&amp;ssl=1 60w, https:\/\/i0.wp.com\/lhommevrai-diffusion.com\/OHV\/wp-content\/uploads\/2016\/01\/Dans-les-yeux-de-yann-1-cover.jpg?resize=200%2C283&amp;ssl=1 200w, https:\/\/i0.wp.com\/lhommevrai-diffusion.com\/OHV\/wp-content\/uploads\/2016\/01\/Dans-les-yeux-de-yann-1-cover.jpg?resize=450%2C637&amp;ssl=1 450w, https:\/\/i0.wp.com\/lhommevrai-diffusion.com\/OHV\/wp-content\/uploads\/2016\/01\/Dans-les-yeux-de-yann-1-cover.jpg?resize=350%2C495&amp;ssl=1 350w, https:\/\/i0.wp.com\/lhommevrai-diffusion.com\/OHV\/wp-content\/uploads\/2016\/01\/Dans-les-yeux-de-yann-1-cover.jpg?resize=500%2C707&amp;ssl=1 500w, https:\/\/i0.wp.com\/lhommevrai-diffusion.com\/OHV\/wp-content\/uploads\/2016\/01\/Dans-les-yeux-de-yann-1-cover.jpg?resize=400%2C566&amp;ssl=1 400w, https:\/\/i0.wp.com\/lhommevrai-diffusion.com\/OHV\/wp-content\/uploads\/2016\/01\/Dans-les-yeux-de-yann-1-cover.jpg?resize=270%2C382&amp;ssl=1 270w, https:\/\/i0.wp.com\/lhommevrai-diffusion.com\/OHV\/wp-content\/uploads\/2016\/01\/Dans-les-yeux-de-yann-1-cover.jpg?resize=978%2C1384&amp;ssl=1 978w, https:\/\/i0.wp.com\/lhommevrai-diffusion.com\/OHV\/wp-content\/uploads\/2016\/01\/Dans-les-yeux-de-yann-1-cover.jpg?resize=260%2C367&amp;ssl=1 260w\" sizes=\"auto, (max-width: 561px) 100vw, 561px\" \/>    \n        <\/div>\n    <!-- \/image-wrap -->\n    \n        <\/div>\n<!-- \/module image -->        <\/div>\n                    <div  data-lazy=\"1\" class=\"module_column sub_column col4-2 tb_cb77164 last\">\n                    <!-- module text -->\n<div  class=\"module module-text tb_23aef2f   \" data-lazy=\"1\">\n        <div  class=\"tb_text_wrap\">\n        <h5>\u00c0 leur cr\u00e9ation en 2011, les conf\u00e9rences t\u00e9l\u00e9phoniques r\u00e9pondaient au besoin de garder le contact avec les lecteurs et ceux qui avaient rencontr\u00e9 Christophe Yann lors d\u2019un s\u00e9minaire.<\/h5>\n<h5>Tr\u00e8s vite elles sont devenues bien plus que cela, offrant un espace d\u2019\u00e9changes mais aussi de transmission de messages pratiques. <br \/>Un v\u00e9ritable lieu de dynamisation diront certains participants.<\/h5>\n<h5>Ce livre regroupe les retranscriptions de certaines conf\u00e9rences et ateliers anim\u00e9s par l\u2019auteur au fil des ann\u00e9es.<\/h5>\n<h5>C\u2019est une vision du monde issue de son v\u00e9cu qu\u2019il vous offre au travers d\u2019explications simples et applicables.<\/h5>\n<h5>Mis en action cela change une vie.<\/h5>    <\/div>\n<\/div>\n<!-- \/module text --><!-- module callout -->\n<div  class=\"module ui module-callout tb_33dc6fb button-right light-blue  \" data-lazy=\"1\">\n    \n    <div class=\"callout-inner\">\n    <div class=\"callout-content tf_left\">\n        <h3 class=\"callout-heading\">Dans les yeux de Yann - Vol 1<\/h3>\n        <div class=\"tb_text_wrap\">\n            4 conf\u00e9rences audio incluses dont une in\u00e9dite        <\/div>\n    <\/div>\n    <!-- \/callout-content -->\n                    <div class=\"callout-button tf_right tf_textr\">\n            <a href=\"https:\/\/lhommevrai-diffusion.com\/OHV\/dans-les-yeux-de-yann\/\" class=\"ui builder_button  green\" rel=\"noopener\" target=\"_blank\">\n                <span class=\"tb_callout_text\">Voir le livre<\/span>\n            <\/a>\n        <\/div>\n            <\/div>\n    <!-- \/callout-content -->\n<\/div>\n<!-- \/module callout -->\n        <\/div>\n                    <\/div>\n                <\/div>\n                        <\/div>\n        <\/div>\n                        <div  data-lazy=\"1\" class=\"module_row themify_builder_row tb_3d38364 tf_w\">\n                        <div class=\"row_inner col_align_top tb_col_count_1 tf_box tf_rel\">\n                        <div  data-lazy=\"1\" class=\"module_column tb-column col-full tb_80a0512 first\">\n                    <!-- module text -->\n<div  class=\"module module-text tb_9cbe707  repeat \" data-lazy=\"1\">\n    <h3 class=\"module-title\">D\u00e9couvrez les cycles de conf\u00e9rences<\/h3>    <div  class=\"tb_text_wrap\">\n        <div id=\"ld-course-list-content-a7b90a0d88c0d3a971365b209025d682\" class=\"ld-course-list-content\" data-shortcode-atts=\"{&quot;show_content&quot;:&quot;false&quot;,&quot;col&quot;:&quot;4&quot;}\">\n\t\t\t<div class=\"ld-course-list-items row\">\n\t<!-- LearnDash Course Grid v1 --><div class=\"ld_course_grid col-sm-6 col-md-3 \">\n\t<article id=\"post-6008\" class=\" learndash-not-available learndash-incomplete thumbnail course post-6008 sfwd-courses type-sfwd-courses status-publish has-post-thumbnail hentry ld_course_category-conference has-post-title has-post-date has-post-category has-post-tag has-post-comment has-post-author\">\n\t\t\t\t\t\t\t\t<div class=\"ld_course_grid_price price_\u20ac\">\n\t\t\t\t\u20ac97\t\t\t<\/div>\n\t\t\t\n\t\t\t\t\t\t<a href=\"https:\/\/lhommevrai-diffusion.com\/OHV\/courses\/cycle-de-conferences-2015\/\" rel=\"bookmark\">\n\t\t\t\t<img data-recalc-dims=\"1\" loading=\"lazy\" decoding=\"async\" width=\"1165\" height=\"1221\" src=\"https:\/\/i0.wp.com\/lhommevrai-diffusion.com\/OHV\/wp-content\/uploads\/2018\/02\/Conferences-telephoniques-2015.jpg?resize=1165%2C1221&#038;ssl=1\" class=\"attachment-course-thumb size-course-thumb wp-post-image\" alt=\"\" srcset=\"https:\/\/i0.wp.com\/lhommevrai-diffusion.com\/OHV\/wp-content\/uploads\/2018\/02\/Conferences-telephoniques-2015.jpg?w=1257&amp;ssl=1 1257w, https:\/\/i0.wp.com\/lhommevrai-diffusion.com\/OHV\/wp-content\/uploads\/2018\/02\/Conferences-telephoniques-2015.jpg?resize=286%2C300&amp;ssl=1 286w, https:\/\/i0.wp.com\/lhommevrai-diffusion.com\/OHV\/wp-content\/uploads\/2018\/02\/Conferences-telephoniques-2015.jpg?resize=768%2C805&amp;ssl=1 768w, https:\/\/i0.wp.com\/lhommevrai-diffusion.com\/OHV\/wp-content\/uploads\/2018\/02\/Conferences-telephoniques-2015.jpg?resize=977%2C1024&amp;ssl=1 977w, https:\/\/i0.wp.com\/lhommevrai-diffusion.com\/OHV\/wp-content\/uploads\/2018\/02\/Conferences-telephoniques-2015.jpg?resize=600%2C629&amp;ssl=1 600w, https:\/\/i0.wp.com\/lhommevrai-diffusion.com\/OHV\/wp-content\/uploads\/2018\/02\/Conferences-telephoniques-2015.jpg?resize=300%2C314&amp;ssl=1 300w, https:\/\/i0.wp.com\/lhommevrai-diffusion.com\/OHV\/wp-content\/uploads\/2018\/02\/Conferences-telephoniques-2015.jpg?resize=450%2C471&amp;ssl=1 450w, https:\/\/i0.wp.com\/lhommevrai-diffusion.com\/OHV\/wp-content\/uploads\/2018\/02\/Conferences-telephoniques-2015.jpg?resize=978%2C1024&amp;ssl=1 978w, https:\/\/i0.wp.com\/lhommevrai-diffusion.com\/OHV\/wp-content\/uploads\/2018\/02\/Conferences-telephoniques-2015.jpg?resize=47%2C48&amp;ssl=1 47w\" sizes=\"auto, (max-width: 1165px) 100vw, 1165px\" \/>\t\t\t<\/a>\n\t\t\t\t\t\n\t\t\t<\/article><!-- #post-## -->\n<\/div><!-- .ld_course_grid -->\n<!-- LearnDash Course Grid v1 --><div class=\"ld_course_grid col-sm-6 col-md-3 \">\n\t<article id=\"post-5834\" class=\" learndash-not-available learndash-incomplete thumbnail course post-5834 sfwd-courses type-sfwd-courses status-publish has-post-thumbnail hentry ld_course_category-conference has-post-title has-post-date has-post-category has-post-tag has-post-comment has-post-author\">\n\t\t\t\t\t\t\t\t<div class=\"ld_course_grid_price price_\u20ac\">\n\t\t\t\t\u20ac77\t\t\t<\/div>\n\t\t\t\n\t\t\t\t\t\t<a href=\"https:\/\/lhommevrai-diffusion.com\/OHV\/courses\/cycle-de-conferences-2016\/\" rel=\"bookmark\">\n\t\t\t\t<img data-recalc-dims=\"1\" loading=\"lazy\" decoding=\"async\" width=\"1165\" height=\"1165\" src=\"https:\/\/i0.wp.com\/lhommevrai-diffusion.com\/OHV\/wp-content\/uploads\/2018\/02\/CONFERENCES-2016.jpg?resize=1165%2C1165&#038;ssl=1\" class=\"attachment-course-thumb size-course-thumb wp-post-image\" alt=\"\" srcset=\"https:\/\/i0.wp.com\/lhommevrai-diffusion.com\/OHV\/wp-content\/uploads\/2018\/02\/CONFERENCES-2016.jpg?w=1275&amp;ssl=1 1275w, https:\/\/i0.wp.com\/lhommevrai-diffusion.com\/OHV\/wp-content\/uploads\/2018\/02\/CONFERENCES-2016.jpg?resize=150%2C150&amp;ssl=1 150w, https:\/\/i0.wp.com\/lhommevrai-diffusion.com\/OHV\/wp-content\/uploads\/2018\/02\/CONFERENCES-2016.jpg?resize=300%2C300&amp;ssl=1 300w, https:\/\/i0.wp.com\/lhommevrai-diffusion.com\/OHV\/wp-content\/uploads\/2018\/02\/CONFERENCES-2016.jpg?resize=768%2C768&amp;ssl=1 768w, https:\/\/i0.wp.com\/lhommevrai-diffusion.com\/OHV\/wp-content\/uploads\/2018\/02\/CONFERENCES-2016.jpg?resize=1024%2C1024&amp;ssl=1 1024w, https:\/\/i0.wp.com\/lhommevrai-diffusion.com\/OHV\/wp-content\/uploads\/2018\/02\/CONFERENCES-2016.jpg?resize=600%2C600&amp;ssl=1 600w, https:\/\/i0.wp.com\/lhommevrai-diffusion.com\/OHV\/wp-content\/uploads\/2018\/02\/CONFERENCES-2016.jpg?resize=200%2C200&amp;ssl=1 200w, https:\/\/i0.wp.com\/lhommevrai-diffusion.com\/OHV\/wp-content\/uploads\/2018\/02\/CONFERENCES-2016.jpg?resize=450%2C450&amp;ssl=1 450w, https:\/\/i0.wp.com\/lhommevrai-diffusion.com\/OHV\/wp-content\/uploads\/2018\/02\/CONFERENCES-2016.jpg?resize=100%2C100&amp;ssl=1 100w, https:\/\/i0.wp.com\/lhommevrai-diffusion.com\/OHV\/wp-content\/uploads\/2018\/02\/CONFERENCES-2016.jpg?resize=47%2C48&amp;ssl=1 47w\" sizes=\"auto, (max-width: 1165px) 100vw, 1165px\" \/>\t\t\t<\/a>\n\t\t\t\t\t\n\t\t\t<\/article><!-- #post-## -->\n<\/div><!-- .ld_course_grid -->\n<!-- LearnDash Course Grid v1 --><div class=\"ld_course_grid col-sm-6 col-md-3 \">\n\t<article id=\"post-5752\" class=\" learndash-not-available learndash-incomplete thumbnail course post-5752 sfwd-courses type-sfwd-courses status-publish has-post-thumbnail hentry ld_course_category-consultation-collaborative has-post-title has-post-date has-post-category has-post-tag has-post-comment has-post-author\">\n\t\t\t\t\t\t\t\t<div class=\"ld_course_grid_price price_\u20ac\">\n\t\t\t\t\u20ac117\t\t\t<\/div>\n\t\t\t\n\t\t\t\t\t\t<a href=\"https:\/\/lhommevrai-diffusion.com\/OHV\/courses\/9-conferences-consultations-collaboratives-2016\/\" rel=\"bookmark\">\n\t\t\t\t<img data-recalc-dims=\"1\" loading=\"lazy\" decoding=\"async\" width=\"1165\" height=\"1169\" src=\"https:\/\/i0.wp.com\/lhommevrai-diffusion.com\/OHV\/wp-content\/uploads\/2018\/02\/consultations-collaboratives-2016.jpg?resize=1165%2C1169&#038;ssl=1\" class=\"attachment-course-thumb size-course-thumb wp-post-image\" alt=\"\" srcset=\"https:\/\/i0.wp.com\/lhommevrai-diffusion.com\/OHV\/wp-content\/uploads\/2018\/02\/consultations-collaboratives-2016.jpg?w=2555&amp;ssl=1 2555w, https:\/\/i0.wp.com\/lhommevrai-diffusion.com\/OHV\/wp-content\/uploads\/2018\/02\/consultations-collaboratives-2016.jpg?resize=150%2C150&amp;ssl=1 150w, https:\/\/i0.wp.com\/lhommevrai-diffusion.com\/OHV\/wp-content\/uploads\/2018\/02\/consultations-collaboratives-2016.jpg?resize=300%2C301&amp;ssl=1 300w, https:\/\/i0.wp.com\/lhommevrai-diffusion.com\/OHV\/wp-content\/uploads\/2018\/02\/consultations-collaboratives-2016.jpg?resize=768%2C770&amp;ssl=1 768w, https:\/\/i0.wp.com\/lhommevrai-diffusion.com\/OHV\/wp-content\/uploads\/2018\/02\/consultations-collaboratives-2016.jpg?resize=1021%2C1024&amp;ssl=1 1021w, https:\/\/i0.wp.com\/lhommevrai-diffusion.com\/OHV\/wp-content\/uploads\/2018\/02\/consultations-collaboratives-2016.jpg?resize=600%2C602&amp;ssl=1 600w, https:\/\/i0.wp.com\/lhommevrai-diffusion.com\/OHV\/wp-content\/uploads\/2018\/02\/consultations-collaboratives-2016.jpg?resize=200%2C200&amp;ssl=1 200w, https:\/\/i0.wp.com\/lhommevrai-diffusion.com\/OHV\/wp-content\/uploads\/2018\/02\/consultations-collaboratives-2016.jpg?resize=450%2C451&amp;ssl=1 450w, https:\/\/i0.wp.com\/lhommevrai-diffusion.com\/OHV\/wp-content\/uploads\/2018\/02\/consultations-collaboratives-2016.jpg?resize=100%2C100&amp;ssl=1 100w, https:\/\/i0.wp.com\/lhommevrai-diffusion.com\/OHV\/wp-content\/uploads\/2018\/02\/consultations-collaboratives-2016.jpg?resize=47%2C48&amp;ssl=1 47w, https:\/\/i0.wp.com\/lhommevrai-diffusion.com\/OHV\/wp-content\/uploads\/2018\/02\/consultations-collaboratives-2016.jpg?w=2330&amp;ssl=1 2330w\" sizes=\"auto, (max-width: 1165px) 100vw, 1165px\" \/>\t\t\t<\/a>\n\t\t\t\t\t\n\t\t\t<\/article><!-- #post-## -->\n<\/div><!-- .ld_course_grid -->\n<!-- LearnDash Course Grid v1 --><div class=\"ld_course_grid col-sm-6 col-md-3 \">\n\t<article id=\"post-5621\" class=\" learndash-not-available learndash-incomplete thumbnail course post-5621 sfwd-courses type-sfwd-courses status-publish has-post-thumbnail hentry category-conference-telephonique ld_course_category-conference has-post-title has-post-date has-post-category has-post-tag has-post-comment has-post-author\">\n\t\t\t\t\t\t\t\t<div class=\"ld_course_grid_price price_\u20ac\">\n\t\t\t\t117 \u20ac\t\t\t<\/div>\n\t\t\t\n\t\t\t\t\t\t<a href=\"https:\/\/lhommevrai-diffusion.com\/OHV\/courses\/cycle-de-conferences-place-a-laction-2017\/\" rel=\"bookmark\">\n\t\t\t\t<img data-recalc-dims=\"1\" loading=\"lazy\" decoding=\"async\" width=\"1165\" height=\"1167\" src=\"https:\/\/i0.wp.com\/lhommevrai-diffusion.com\/OHV\/wp-content\/uploads\/2018\/02\/Conf%C3%A9rences-t%C3%A9l%C3%A9phoniques-2017-Place-%C3%A0-laction.jpg?resize=1165%2C1167&#038;ssl=1\" class=\"attachment-course-thumb size-course-thumb wp-post-image\" alt=\"\" srcset=\"https:\/\/i0.wp.com\/lhommevrai-diffusion.com\/OHV\/wp-content\/uploads\/2018\/02\/Conf%C3%A9rences-t%C3%A9l%C3%A9phoniques-2017-Place-%C3%A0-laction.jpg?w=1803&amp;ssl=1 1803w, https:\/\/i0.wp.com\/lhommevrai-diffusion.com\/OHV\/wp-content\/uploads\/2018\/02\/Conf%C3%A9rences-t%C3%A9l%C3%A9phoniques-2017-Place-%C3%A0-laction.jpg?resize=150%2C150&amp;ssl=1 150w, https:\/\/i0.wp.com\/lhommevrai-diffusion.com\/OHV\/wp-content\/uploads\/2018\/02\/Conf%C3%A9rences-t%C3%A9l%C3%A9phoniques-2017-Place-%C3%A0-laction.jpg?resize=300%2C300&amp;ssl=1 300w, https:\/\/i0.wp.com\/lhommevrai-diffusion.com\/OHV\/wp-content\/uploads\/2018\/02\/Conf%C3%A9rences-t%C3%A9l%C3%A9phoniques-2017-Place-%C3%A0-laction.jpg?resize=768%2C769&amp;ssl=1 768w, https:\/\/i0.wp.com\/lhommevrai-diffusion.com\/OHV\/wp-content\/uploads\/2018\/02\/Conf%C3%A9rences-t%C3%A9l%C3%A9phoniques-2017-Place-%C3%A0-laction.jpg?resize=1022%2C1024&amp;ssl=1 1022w, https:\/\/i0.wp.com\/lhommevrai-diffusion.com\/OHV\/wp-content\/uploads\/2018\/02\/Conf%C3%A9rences-t%C3%A9l%C3%A9phoniques-2017-Place-%C3%A0-laction.jpg?resize=600%2C600&amp;ssl=1 600w, https:\/\/i0.wp.com\/lhommevrai-diffusion.com\/OHV\/wp-content\/uploads\/2018\/02\/Conf%C3%A9rences-t%C3%A9l%C3%A9phoniques-2017-Place-%C3%A0-laction.jpg?resize=200%2C200&amp;ssl=1 200w, https:\/\/i0.wp.com\/lhommevrai-diffusion.com\/OHV\/wp-content\/uploads\/2018\/02\/Conf%C3%A9rences-t%C3%A9l%C3%A9phoniques-2017-Place-%C3%A0-laction.jpg?resize=450%2C451&amp;ssl=1 450w, https:\/\/i0.wp.com\/lhommevrai-diffusion.com\/OHV\/wp-content\/uploads\/2018\/02\/Conf%C3%A9rences-t%C3%A9l%C3%A9phoniques-2017-Place-%C3%A0-laction.jpg?resize=100%2C100&amp;ssl=1 100w, https:\/\/i0.wp.com\/lhommevrai-diffusion.com\/OHV\/wp-content\/uploads\/2018\/02\/Conf%C3%A9rences-t%C3%A9l%C3%A9phoniques-2017-Place-%C3%A0-laction.jpg?resize=500%2C500&amp;ssl=1 500w, https:\/\/i0.wp.com\/lhommevrai-diffusion.com\/OHV\/wp-content\/uploads\/2018\/02\/Conf%C3%A9rences-t%C3%A9l%C3%A9phoniques-2017-Place-%C3%A0-laction.jpg?resize=47%2C48&amp;ssl=1 47w\" sizes=\"auto, (max-width: 1165px) 100vw, 1165px\" \/>\t\t\t<\/a>\n\t\t\t\t\t\n\t\t\t<\/article><!-- #post-## -->\n<\/div><!-- .ld_course_grid -->\n\t<\/div>\n\t\t\t<\/div>\n\t\t    <\/div>\n<\/div>\n<!-- \/module text -->        <div  data-lazy=\"1\" class=\"module_subrow themify_builder_sub_row tf_w col_align_top tb_col_count_1 tb_mthf320\">\n                <div  data-lazy=\"1\" class=\"module_column sub_column col-full tb_oxui323 first\">\n                    <!-- module image -->\n<div  class=\"module module-image tb_7n0k60 image-top   tf_mw\" data-lazy=\"1\">\n        <div class=\"image-wrap tf_rel tf_mw\">\n            <img data-recalc-dims=\"1\" loading=\"lazy\" decoding=\"async\" width=\"220\" height=\"51\" src=\"https:\/\/i0.wp.com\/lhommevrai-diffusion.com\/OHV\/wp-content\/uploads\/2016\/09\/helloasso-logo.png?resize=220%2C51&#038;ssl=1\" class=\"wp-post-image wp-image-4892\" title=\"helloasso\" alt=\"helloasso\" srcset=\"https:\/\/i0.wp.com\/lhommevrai-diffusion.com\/OHV\/wp-content\/uploads\/2016\/09\/helloasso-logo.png?w=220&amp;ssl=1 220w, https:\/\/i0.wp.com\/lhommevrai-diffusion.com\/OHV\/wp-content\/uploads\/2016\/09\/helloasso-logo.png?resize=60%2C14&amp;ssl=1 60w, https:\/\/i0.wp.com\/lhommevrai-diffusion.com\/OHV\/wp-content\/uploads\/2016\/09\/helloasso-logo.png?resize=200%2C46&amp;ssl=1 200w\" sizes=\"auto, (max-width: 220px) 100vw, 220px\" \/>    \n        <\/div>\n    <!-- \/image-wrap -->\n    \n        <\/div>\n<!-- \/module image --><!-- module text -->\n<div  class=\"module module-text tb_x88j941   \" data-lazy=\"1\">\n        <div  class=\"tb_text_wrap\">\n        <p>Paiement par carte bleue sur helloasso. Plateforme de paiement 100% s\u00e9curis\u00e9 qui soutient les associations.<\/p>    <\/div>\n<\/div>\n<!-- \/module text -->        <\/div>\n                    <\/div>\n                <\/div>\n                        <\/div>\n        <\/div>\n        <\/div>\n<!--\/themify_builder_content-->","protected":false},"excerpt":{"rendered":"<p>Cr\u00e9\u00e9es en 2011, les conf\u00e9rences t\u00e9l\u00e9phoniques anim\u00e9es par Christophe Yann sont devenues un prolongement des livres et des ateliers. Elles offrent un espace d&#8217;\u00e9change et d&#8217;approfondissement sur des th\u00e8mes choisis par les participants. \u00a0 \u00c0 leur cr\u00e9ation en 2011, les conf\u00e9rences t\u00e9l\u00e9phoniques r\u00e9pondaient au besoin de garder le contact avec les lecteurs et ceux qui [&hellip;]<\/p>\n","protected":false},"author":1,"featured_media":0,"parent":127,"menu_order":0,"comment_status":"closed","ping_status":"closed","template":"","meta":{"_bbp_topic_count":0,"_bbp_reply_count":0,"_bbp_total_topic_count":0,"_bbp_total_reply_count":0,"_bbp_voice_count":0,"_bbp_anonymous_reply_count":0,"_bbp_topic_count_hidden":0,"_bbp_reply_count_hidden":0,"_bbp_forum_subforum_count":0,"jetpack_post_was_ever_published":false,"footnotes":""},"class_list":["post-4456","page","type-page","status-publish","hentry","has-post-title","has-post-date","has-post-category","has-post-tag","has-post-comment","has-post-author",""],"jetpack_shortlink":"https:\/\/wp.me\/P77fPY-19S","jetpack_sharing_enabled":true,"_links":{"self":[{"href":"https:\/\/lhommevrai-diffusion.com\/OHV\/wp-json\/wp\/v2\/pages\/4456","targetHints":{"allow":["GET"]}}],"collection":[{"href":"https:\/\/lhommevrai-diffusion.com\/OHV\/wp-json\/wp\/v2\/pages"}],"about":[{"href":"https:\/\/lhommevrai-diffusion.com\/OHV\/wp-json\/wp\/v2\/types\/page"}],"author":[{"embeddable":true,"href":"https:\/\/lhommevrai-diffusion.com\/OHV\/wp-json\/wp\/v2\/users\/1"}],"replies":[{"embeddable":true,"href":"https:\/\/lhommevrai-diffusion.com\/OHV\/wp-json\/wp\/v2\/comments?post=4456"}],"version-history":[{"count":111,"href":"https:\/\/lhommevrai-diffusion.com\/OHV\/wp-json\/wp\/v2\/pages\/4456\/revisions"}],"predecessor-version":[{"id":13489,"href":"https:\/\/lhommevrai-diffusion.com\/OHV\/wp-json\/wp\/v2\/pages\/4456\/revisions\/13489"}],"up":[{"embeddable":true,"href":"https:\/\/lhommevrai-diffusion.com\/OHV\/wp-json\/wp\/v2\/pages\/127"}],"wp:attachment":[{"href":"https:\/\/lhommevrai-diffusion.com\/OHV\/wp-json\/wp\/v2\/media?parent=4456"}],"curies":[{"name":"wp","href":"https:\/\/api.w.org\/{rel}","templated":true}]}}