{"id":4491,"date":"2015-12-23T12:20:34","date_gmt":"2015-12-23T11:20:34","guid":{"rendered":"http:\/\/lhommevrai-diffusion.com\/OHV\/?page_id=4491"},"modified":"2018-02-24T15:29:12","modified_gmt":"2018-02-24T14:29:12","slug":"acces-conferences-telephoniques-2015","status":"publish","type":"page","link":"https:\/\/lhommevrai-diffusion.com\/OHV\/acces-conferences-telephoniques-2015\/","title":{"rendered":"Acc\u00e8s conf\u00e9rences t\u00e9l\u00e9phoniques 2015"},"content":{"rendered":"<!--themify_builder_content-->\n<div id=\"themify_builder_content-4491\" data-postid=\"4491\" class=\"themify_builder_content themify_builder_content-4491 themify_builder tf_clear\">\n                    <div  data-lazy=\"1\" class=\"module_row themify_builder_row tb_b2ki977 tb_first tf_w\">\n                        <div class=\"row_inner col_align_top tb_col_count_1 tf_box tf_rel\">\n                        <div  data-lazy=\"1\" class=\"module_column tb-column col-full tb_6q0d740 first\">\n                    <!-- module text -->\n<div  class=\"module module-text tb_6hqy750   \" data-lazy=\"1\">\n        <div  class=\"tb_text_wrap\">\n        <h4 style=\\\"text-align: justify;\\\">Pour acc\u00e9der \u00e0 la page de (r\u00e9) \u00e9coute des conf\u00e9rences t\u00e9l\u00e9phoniques de 2015, veuillez saisir votre nom d\\&#8217;utilisateur et votre mot de passe qui vous ont \u00e9t\u00e9 envoy\u00e9s par email.<\/h4><h4>Vous n\\&#8217;\u00eates pas encore inscrits ? <a href=\\\"http:\/\/lhommevrai-diffusion.com\/OHV\/services\/conferences-telephoniques\/\\\" data-wplink-edit=\\\"true\\\">C\\&#8217;est par ici<\/a><\/h4><p style=\\\"text-align: center;\\\">Un probl\u00e8me, merci de nous contacter \u00e0 <a href=\\\"mailto:hommevrai@gmail.com\\\" target=\\\"_blank\\\">hommevrai@gmail.com<\/a><\/p>    <\/div>\n<\/div>\n<!-- \/module text -->        <\/div>\n                        <\/div>\n        <\/div>\n        <\/div>\n<!--\/themify_builder_content-->","protected":false},"excerpt":{"rendered":"<p>Pour acc\u00e9der \u00e0 la page de (r\u00e9) \u00e9coute des conf\u00e9rences t\u00e9l\u00e9phoniques de 2015, veuillez saisir votre nom d&rsquo;utilisateur et votre mot de passe qui vous ont \u00e9t\u00e9 envoy\u00e9s par email. Vous n&rsquo;\u00eates pas encore inscrits ? C&rsquo;est par ici Un probl\u00e8me, merci de nous contacter \u00e0 hommevrai@gmail.com<\/p>\n","protected":false},"author":1,"featured_media":0,"parent":0,"menu_order":0,"comment_status":"closed","ping_status":"closed","template":"","meta":{"_bbp_topic_count":0,"_bbp_reply_count":0,"_bbp_total_topic_count":0,"_bbp_total_reply_count":0,"_bbp_voice_count":0,"_bbp_anonymous_reply_count":0,"_bbp_topic_count_hidden":0,"_bbp_reply_count_hidden":0,"_bbp_forum_subforum_count":0,"jetpack_post_was_ever_published":false,"footnotes":""},"class_list":["post-4491","page","type-page","status-publish","hentry","has-post-title","has-post-date","has-post-category","has-post-tag","has-post-comment","has-post-author",""],"jetpack_shortlink":"https:\/\/wp.me\/P77fPY-1ar","jetpack_sharing_enabled":true,"_links":{"self":[{"href":"https:\/\/lhommevrai-diffusion.com\/OHV\/wp-json\/wp\/v2\/pages\/4491","targetHints":{"allow":["GET"]}}],"collection":[{"href":"https:\/\/lhommevrai-diffusion.com\/OHV\/wp-json\/wp\/v2\/pages"}],"about":[{"href":"https:\/\/lhommevrai-diffusion.com\/OHV\/wp-json\/wp\/v2\/types\/page"}],"author":[{"embeddable":true,"href":"https:\/\/lhommevrai-diffusion.com\/OHV\/wp-json\/wp\/v2\/users\/1"}],"replies":[{"embeddable":true,"href":"https:\/\/lhommevrai-diffusion.com\/OHV\/wp-json\/wp\/v2\/comments?post=4491"}],"version-history":[{"count":7,"href":"https:\/\/lhommevrai-diffusion.com\/OHV\/wp-json\/wp\/v2\/pages\/4491\/revisions"}],"predecessor-version":[{"id":6003,"href":"https:\/\/lhommevrai-diffusion.com\/OHV\/wp-json\/wp\/v2\/pages\/4491\/revisions\/6003"}],"wp:attachment":[{"href":"https:\/\/lhommevrai-diffusion.com\/OHV\/wp-json\/wp\/v2\/media?parent=4491"}],"curies":[{"name":"wp","href":"https:\/\/api.w.org\/{rel}","templated":true}]}}