{"id":4556,"date":"2016-01-30T16:55:50","date_gmt":"2016-01-30T15:55:50","guid":{"rendered":"http:\/\/lhommevrai-diffusion.com\/OHV\/?page_id=4556"},"modified":"2019-10-24T01:32:40","modified_gmt":"2019-10-23T23:32:40","slug":"la-meilleure-facon-dintegrer-a-sa-vie-le-developpement-personnel-et-la-spiritualite","status":"publish","type":"page","link":"https:\/\/lhommevrai-diffusion.com\/OHV\/la-meilleure-facon-dintegrer-a-sa-vie-le-developpement-personnel-et-la-spiritualite\/","title":{"rendered":"La meilleure fa\u00e7on d&#8217;int\u00e9grer \u00e0 sa vie le d\u00e9veloppement personnel et la spiritualit\u00e9"},"content":{"rendered":"<!--themify_builder_content-->\n<div id=\"themify_builder_content-4556\" data-postid=\"4556\" class=\"themify_builder_content themify_builder_content-4556 themify_builder tf_clear\">\n                    <div  data-lazy=\"1\" class=\"module_row themify_builder_row tb_9xfe740 tb_first tf_w\">\n                        <div class=\"row_inner col_align_top tb_col_count_1 tf_box tf_rel\">\n                        <div  data-lazy=\"1\" class=\"module_column tb-column col-full tb_vbnn072 first\">\n                    <!-- module text -->\n<div  class=\"module module-text tb_bjdb113  fullcover \" data-lazy=\"1\">\n        <div  class=\"tb_text_wrap\">\n        <h2 style=\"text-align: center;\">La meilleure fa\u00e7on d&#8217;int\u00e9grer \u00e0 sa vie le d\u00e9veloppement personnel et la spiritualit\u00e9<\/h2><h3 style=\"text-align: center;\">Conf\u00e9rence t\u00e9l\u00e9phonique anim\u00e9e par Christophe Yann le 30 janvier 2016<\/h3><p>\u00a0<\/p><h4 style=\"text-align: center;\">Pour acc\u00e9der \u00e0 l&#8217;enregistrement de la conf\u00e9rence ci-dessous, veuillez vous inscrire.<br \/> Vous recevrez le mot de passe par email. Merci<\/h4>    <\/div>\n<\/div>\n<!-- \/module text -->        <div  data-lazy=\"1\" class=\"module_subrow themify_builder_sub_row tf_w col_align_top tb_col_count_3 tb_tr5s870\">\n                <div  data-lazy=\"1\" class=\"module_column sub_column col3-1 tb_zovf200 first\">\n                            <\/div>\n                    <div  data-lazy=\"1\" class=\"module_column sub_column col3-1 tb_ptwh450\">\n                    <!-- module buttons -->\n<div  class=\"module module-buttons tb_o04r409 buttons-horizontal squared  xlarge squared\" data-lazy=\"1\">\n        <div class=\"module-buttons-item tf_in_flx\">\n                        <a href=\"http:\/\/eepurl.com\/c-4wxT\" class=\"ui builder_button tf_in_flx green\" target=\"_blank\" rel=\"noopener\">\n                                                INSCRIPTION                                        <\/a>\n                <\/div>\n            <\/div>\n<!-- \/module buttons -->\n        <\/div>\n                    <div  data-lazy=\"1\" class=\"module_column sub_column col3-1 tb_kred350 last\">\n                            <\/div>\n                    <\/div>\n                <\/div>\n                        <\/div>\n        <\/div>\n                        <div  data-lazy=\"1\" class=\"module_row themify_builder_row tb_7k12505 tf_w\">\n                        <div class=\"row_inner col_align_top tb_col_count_1 tf_box tf_rel\">\n                        <div  data-lazy=\"1\" class=\"module_column tb-column col-full tb_swmn004 first\">\n                    <!-- module post -->\n<div  class=\"module module-post tb_q964415 \">\n    <div  class=\"builder-posts-wrap loops-wrapper list-post classic tf_clear tf_clearfix\" data-lazy=\"1\">\n    <article id=\"post-4560\" class=\"post tf_clearfix post-4560 type-post status-publish format-standard post-password-required hentry category-conference-30-janvier-2016 no-post-title no-post-date has-post-category has-post-tag has-post-comment has-post-author \">\n\t    \n\t\t<div class=\"post-content\">\n\t\t<div class=\"post-content-inner\">\n\n\t\t\t\n\t\t\t\n\t\t\t\n\t\t\t\n\t\t\t        <div class=\"entry-content\">\n\n                                        <form action=\"https:\/\/lhommevrai-diffusion.com\/OHV\/wp-login.php?action=postpass\" class=\"post-password-form\" method=\"post\"><input type=\"hidden\" name=\"redirect_to\" value=\"https:\/\/lhommevrai-diffusion.com\/OHV\/conference-30-janvier-2016\/\" \/><\/p>\n<p>Cet article est prot\u00e9g\u00e9 par un mot de passe. Pour le lire, veuillez saisir votre mot de passe ci-dessous\u00a0:<\/p>\n<p><label for=\"pwbox-4560\">Mot de passe\u00a0: <input name=\"post_password\" id=\"pwbox-4560\" type=\"password\" spellcheck=\"false\" required size=\"20\" \/><\/label> <input type=\"submit\" name=\"Submit\" value=\"Valider\" \/><\/p>\n<\/form>\n\n            \n        <\/div><!-- \/.entry-content -->\n        \n\t\t<\/div>\n\t\t<!-- \/.post-content-inner -->\n\t<\/div>\n\t<!-- \/.post-content -->\n\t\n<\/article>\n<!-- \/.post -->\n    <\/div><!-- .builder-posts-wrap -->\n            <\/div>\n<!-- \/module post -->\n            <\/div>\n                        <\/div>\n        <\/div>\n        <\/div>\n<!--\/themify_builder_content-->","protected":false},"excerpt":{"rendered":"<p>La meilleure fa\u00e7on d&#8217;int\u00e9grer \u00e0 sa vie le d\u00e9veloppement personnel et la spiritualit\u00e9 Conf\u00e9rence t\u00e9l\u00e9phonique anim\u00e9e par Christophe Yann le 30 janvier 2016 \u00a0 Pour acc\u00e9der \u00e0 l&#8217;enregistrement de la conf\u00e9rence ci-dessous, veuillez vous inscrire. Vous recevrez le mot de passe par email. Merci INSCRIPTION<\/p>\n","protected":false},"author":1,"featured_media":0,"parent":0,"menu_order":0,"comment_status":"closed","ping_status":"closed","template":"","meta":{"_bbp_topic_count":0,"_bbp_reply_count":0,"_bbp_total_topic_count":0,"_bbp_total_reply_count":0,"_bbp_voice_count":0,"_bbp_anonymous_reply_count":0,"_bbp_topic_count_hidden":0,"_bbp_reply_count_hidden":0,"_bbp_forum_subforum_count":0,"jetpack_post_was_ever_published":false,"footnotes":""},"class_list":["post-4556","page","type-page","status-publish","hentry","has-post-title","has-post-date","has-post-category","has-post-tag","has-post-comment","has-post-author",""],"jetpack_shortlink":"https:\/\/wp.me\/P77fPY-1bu","jetpack_sharing_enabled":true,"_links":{"self":[{"href":"https:\/\/lhommevrai-diffusion.com\/OHV\/wp-json\/wp\/v2\/pages\/4556","targetHints":{"allow":["GET"]}}],"collection":[{"href":"https:\/\/lhommevrai-diffusion.com\/OHV\/wp-json\/wp\/v2\/pages"}],"about":[{"href":"https:\/\/lhommevrai-diffusion.com\/OHV\/wp-json\/wp\/v2\/types\/page"}],"author":[{"embeddable":true,"href":"https:\/\/lhommevrai-diffusion.com\/OHV\/wp-json\/wp\/v2\/users\/1"}],"replies":[{"embeddable":true,"href":"https:\/\/lhommevrai-diffusion.com\/OHV\/wp-json\/wp\/v2\/comments?post=4556"}],"version-history":[{"count":7,"href":"https:\/\/lhommevrai-diffusion.com\/OHV\/wp-json\/wp\/v2\/pages\/4556\/revisions"}],"predecessor-version":[{"id":5346,"href":"https:\/\/lhommevrai-diffusion.com\/OHV\/wp-json\/wp\/v2\/pages\/4556\/revisions\/5346"}],"wp:attachment":[{"href":"https:\/\/lhommevrai-diffusion.com\/OHV\/wp-json\/wp\/v2\/media?parent=4556"}],"curies":[{"name":"wp","href":"https:\/\/api.w.org\/{rel}","templated":true}]}}