{"id":4563,"date":"2016-01-31T17:48:06","date_gmt":"2016-01-31T16:48:06","guid":{"rendered":"http:\/\/lhommevrai-diffusion.com\/OHV\/services\/conference-telephonique-la-meilleure-facon-dintegrer-a-sa-vie-le-developpement-personnel-et-la-spiritualite-copy\/"},"modified":"2020-04-07T20:31:02","modified_gmt":"2020-04-07T18:31:02","slug":"conference-telephonique-gratuite-janvier-2016-2","status":"publish","type":"page","link":"https:\/\/lhommevrai-diffusion.com\/OHV\/services\/conference-telephonique-gratuite-janvier-2016-2\/","title":{"rendered":"Conf\u00e9rence t\u00e9l\u00e9phonique : La meilleure fa\u00e7on d&#8217;int\u00e9grer \u00e0 sa vie le d\u00e9veloppement personnel et la spiritualit\u00e9 Copy"},"content":{"rendered":"<!--themify_builder_content-->\n<div id=\"themify_builder_content-4563\" data-postid=\"4563\" class=\"themify_builder_content themify_builder_content-4563 themify_builder tf_clear\">\n                    <div  data-lazy=\"1\" class=\"module_row themify_builder_row tb_ijbr409 tb_first tf_w\">\n                        <div class=\"row_inner col_align_top tb_col_count_1 tf_box tf_rel\">\n                        <div  data-lazy=\"1\" class=\"module_column tb-column col-full  tb_kc8p690 first\">\n                    <!-- module text -->\n<div  class=\"module module-text tb_szly910   \" data-lazy=\"1\">\n    <h3 class=\"module-title\">Conf\u00e9rence t\u00e9l\u00e9phonique gratuite<\/h3>    <div  class=\"tb_text_wrap\">\n        <h2><strong>La meilleure fa\u00e7on d&#8217;int\u00e9grer \u00e0 sa vie<br \/>le d\u00e9veloppement personnel et la spiritualit\u00e9<\/strong><\/h2>    <\/div>\n<\/div>\n<!-- \/module text --><!-- module text -->\n<div  class=\"module module-text tb_24u5008   \" data-lazy=\"1\">\n        <div  class=\"tb_text_wrap\">\n        <h2>Samedi 30 janvier 2016 \u00e0 15h (heure France m\u00e9tropole)<\/h2>    <\/div>\n<\/div>\n<!-- \/module text -->        <div  data-lazy=\"1\" class=\"module_subrow themify_builder_sub_row tf_w col_align_top tb_col_count_2 tb_hdhr000\">\n                <div  data-lazy=\"1\" class=\"module_column sub_column col3-1  tb_meju099 first\">\n                    <!-- module image -->\n<div  class=\"module module-image tb_5hmg006 image-center circle  tf_mw\" data-lazy=\"1\">\n        <div class=\"image-wrap tf_rel tf_mw\">\n            <img data-recalc-dims=\"1\" decoding=\"async\" src=\"https:\/\/i0.wp.com\/lhommevrai-diffusion.com\/OHV\/wp-content\/uploads\/2015\/11\/Christophe-Yann-C.jpg?w=250\"  title=\"Conf\u00e9rence t\u00e9l\u00e9phonique : La meilleure fa\u00e7on d&#8217;int\u00e9grer \u00e0 sa vie le d\u00e9veloppement personnel et la spiritualit\u00e9 Copy\" alt=\"Conf\u00e9rence t\u00e9l\u00e9phonique : La meilleure fa\u00e7on d&#8217;int\u00e9grer \u00e0 sa vie le d\u00e9veloppement personnel et la spiritualit\u00e9 Copy\">    \n        <\/div>\n    <!-- \/image-wrap -->\n    \n        <\/div>\n<!-- \/module image --><!-- module text -->\n<div  class=\"module module-text tb_pmc3090   \" data-lazy=\"1\">\n        <div  class=\"tb_text_wrap\">\n        <p style=\"text-align: center;\"><div class=\"widget_wysija_cont shortcode_wysija\"><div id=\"msg-form-wysija-shortcode69ece09245c46-8\" class=\"wysija-msg ajax\"><\/div><form id=\"form-wysija-shortcode69ece09245c46-8\" method=\"post\" action=\"#wysija\" class=\"widget_wysija shortcode_wysija\">\n<p class=\"wysija-paragraph\">\n    <label>Pr\u00e9nom <span class=\"wysija-required\">*<\/span><\/label>\n    \n    \t<input type=\"text\" name=\"wysija[user][firstname]\" class=\"wysija-input validate[required]\" title=\"Pr\u00e9nom\"  value=\"\" \/>\n    \n    \n    \n    <span class=\"abs-req\">\n        <input type=\"text\" name=\"wysija[user][abs][firstname]\" class=\"wysija-input validated[abs][firstname]\" value=\"\" \/>\n    <\/span>\n    \n<\/p>\n<p class=\"wysija-paragraph\">\n    <label>Nom <span class=\"wysija-required\">*<\/span><\/label>\n    \n    \t<input type=\"text\" name=\"wysija[user][lastname]\" class=\"wysija-input validate[required]\" title=\"Nom\"  value=\"\" \/>\n    \n    \n    \n    <span class=\"abs-req\">\n        <input type=\"text\" name=\"wysija[user][abs][lastname]\" class=\"wysija-input validated[abs][lastname]\" value=\"\" \/>\n    <\/span>\n    \n<\/p>\n<p class=\"wysija-paragraph\">\n    <label>E-mail <span class=\"wysija-required\">*<\/span><\/label>\n    \n    \t<input type=\"text\" name=\"wysija[user][email]\" class=\"wysija-input validate[required,custom[email]]\" title=\"E-mail\"  value=\"\" \/>\n    \n    \n    \n    <span class=\"abs-req\">\n        <input type=\"text\" name=\"wysija[user][abs][email]\" class=\"wysija-input validated[abs][email]\" value=\"\" \/>\n    <\/span>\n    \n<\/p>\n\r\n<input class=\"wysija-submit wysija-submit-field\" type=\"submit\" value=\"Je m&#039;inscris !\" \/>\n\n    <input type=\"hidden\" name=\"form_id\" value=\"8\" \/>\n    <input type=\"hidden\" name=\"action\" value=\"save\" \/>\n    <input type=\"hidden\" name=\"controller\" value=\"subscribers\" \/>\n    <input type=\"hidden\" value=\"1\" name=\"wysija-page\" \/>\n\n    \n        <input type=\"hidden\" name=\"wysija[user_list][list_ids]\" value=\"6\" \/>\n    \n <\/form><\/div><\/p>    <\/div>\n<\/div>\n<!-- \/module text -->        <\/div>\n                    <div  data-lazy=\"1\" class=\"module_column sub_column col3-2  tb_sa1t000 last\">\n                    <!-- module text -->\n<div  class=\"module module-text tb_d0xl061   \" data-lazy=\"1\">\n        <div  class=\"tb_text_wrap\">\n        <h3 style=\"text-align: justify;\">Cela fait des dizaines d&#8217;ann\u00e9es que l&#8217;offre en solutions pour le bien \u00eatre int\u00e9rieur ne cesse d&#8217;augmenter. Des personnes reconnues estiment que leur plus grande d\u00e9couverte est la n\u00e9cessit\u00e9, pour une vie pleine et accomplie, de se tourner t\u00f4t ou tard vers les m\u00e9thodes de d\u00e9veloppement personnelle et les pratiques spirituelles.<\/h3><h3 style=\"text-align: justify;\">Les hommes vrais, ceux qui ont les yeux qui brillent, qui profitent de chaque instant, alors qu&#8217;ils n&#8217;ont pour vivre que le strict minimum, auraient-ils encore quelque chose \u00e0 nous apprendre ? Ils n&#8217;ont pas eu toutes ces connaissances, pourtant ils semblent avoir une vie pleine et accomplie.<\/h3><h3 style=\"text-align: justify;\">Serions-nous pass\u00e9s \u00e0 c\u00f4t\u00e9 de quelque chose ? Les m\u00e9thodes de d\u00e9veloppement personnel, les pratiques spirituelles seraient-elles sur le point d&#8217;entrer dans l&#8217;histoire\u2026 ancienne ? Y aurait-il une vision plus simple pour laisser l&#8217;invisible entrer dans nos vies de mani\u00e8re directe, sans d\u00e9tour ?<\/h3><h3 style=\"text-align: justify;\">Les \u00e9ditions de l&#8217;Homme vrai vous invitent \u00e0 d\u00e9couvrir la meilleure fa\u00e7on d&#8217;int\u00e9grer dans vos vies ce qui est d\u00e9sormais une urgence dans ce monde qui change. Nous apporterons des r\u00e9ponses qui ont fait leur preuve pour tous ceux qui ont d\u00e9cid\u00e9 de ne pas les laisser dans un coin de leur cerveau, perdus dans l&#8217;immensit\u00e9 d&#8217;un intellect insatiable.<\/h3><h3 style=\"text-align: justify;\">Rendez-vous avec <a href=\"http:\/\/lhommevrai-diffusion.com\/OHV\/maison-dedition\/auteurs\/christophe-yann\/\" target=\"_blank\">Christophe Yann<\/a>, auteur, formateur<\/h3>    <\/div>\n<\/div>\n<!-- \/module text -->        <\/div>\n                    <\/div>\n                <\/div>\n                        <\/div>\n        <\/div>\n                        <div  data-css_id=\"aob0000\" data-lazy=\"1\" class=\"module_row themify_builder_row fullwidth_row_container tb_aob0000 tf_w\">\n            <span  class=\"builder_row_cover tf_abs\" data-lazy=\"1\"><\/span>            <div class=\"row_inner col_align_top tb_col_count_1 tf_box tf_rel\">\n                        <div  data-lazy=\"1\" class=\"module_column tb-column col-full  tb_cuwi100 first\">\n                            <div  data-lazy=\"1\" class=\"module_subrow themify_builder_sub_row tf_w col_align_top tb_col_count_2 tb_hpeb210\">\n                <div  data-lazy=\"1\" class=\"module_column sub_column col4-2  tb_pugf060 first\">\n                    <!-- module feature -->\n<div  class=\"module module-feature tb_qnnc020 no-chart layout-icon-left size-large \" data-layout-mobile=\"icon-top\" data-layout-desktop=\"icon-left\" data-lazy=\"1\">\n        <div class=\"module-feature-image tf_textc tf_rel\">\n                            <span class=\"module-feature-chart-html5 tf_box tf_rel tf_inline_b\">\n                                <span class=\"chart-html5-circle tf_w tf_h\">\n                                            <em class=\"module-feature-icon tf_rel\"><svg  class=\"tf_fa tf-fas-globe\" aria-hidden=\"true\"><use href=\"#tf-fas-globe\"><\/use><\/svg><\/em>\n                                    <\/span>\n\n                \n            <\/span>\n                <\/div>\n    <div class=\"module-feature-content tf_textc\">\n                <div class=\"tb_text_wrap\">\n            <h4>\u00a0<\/h4><h4>Conf\u00e9rence t\u00e9l\u00e9phonique gratuite accessible par t\u00e9l\u00e9phone fixe ou mobile depuis le monde entier<\/h4>        <\/div>\n    <\/div>\n<\/div>\n<!-- \/module feature -->\n        <\/div>\n                    <div  data-lazy=\"1\" class=\"module_column sub_column col4-2  tb_8lyy002 last\">\n                    <!-- module feature -->\n<div  class=\"module module-feature tb_t8ny300 no-chart layout-icon-left size-large \" data-layout-mobile=\"icon-top\" data-layout-desktop=\"icon-left\" data-lazy=\"1\">\n        <div class=\"module-feature-image tf_textc tf_rel\">\n                            <span class=\"module-feature-chart-html5 tf_box tf_rel tf_inline_b\">\n                                <span class=\"chart-html5-circle tf_w tf_h\">\n                                            <em class=\"module-feature-icon tf_rel\"><svg  class=\"tf_fa tf-fas-phone\" aria-hidden=\"true\"><use href=\"#tf-fas-phone\"><\/use><\/svg><\/em>\n                                    <\/span>\n\n                \n            <\/span>\n                <\/div>\n    <div class=\"module-feature-content tf_textc\">\n                <div class=\"tb_text_wrap\">\n            <h4>\u00a0<\/h4><h4>L&#8217;appel se fait sur un num\u00e9ro fixe en France m\u00e9tropole non surtax\u00e9. Gratuit si vous poss\u00e9dez un abonnement vers les fixes.<\/h4>        <\/div>\n    <\/div>\n<\/div>\n<!-- \/module feature -->\n        <\/div>\n                    <\/div>\n                <div  data-lazy=\"1\" class=\"module_subrow themify_builder_sub_row tf_w col_align_top tb_col_count_2 tb_a098000\">\n                <div  data-lazy=\"1\" class=\"module_column sub_column col3-2  tb_fzgg020 first\">\n                    <!-- module text -->\n<div  class=\"module module-text tb_al16104   \" data-lazy=\"1\">\n        <div  class=\"tb_text_wrap\">\n        <h2><strong>Contenu disponible en ligne<\/strong><\/h2><h3 style=\"text-align: justify;\">La\u00a0conf\u00e9rence est enregistr\u00e9e et disponible en ligne ou au t\u00e9l\u00e9chargement (mp3).<\/h3><h4><span style=\"color: #000000;\">Inscrivez-vous m\u00eame si vous ne pouvez pas y assister pour recevoir l&#8217;enregistrement.<\/span><\/h4>    <\/div>\n<\/div>\n<!-- \/module text -->        <\/div>\n                    <div  data-lazy=\"1\" class=\"module_column sub_column col3-1  tb_nqt8000 last\">\n                    <!-- module image -->\n<div  class=\"module module-image tb_lj22200 image-center    tf_mw\" data-lazy=\"1\">\n        <div class=\"image-wrap tf_rel tf_mw\">\n            <img data-recalc-dims=\"1\" decoding=\"async\" src=\"https:\/\/i0.wp.com\/lhommevrai-diffusion.com\/OHV\/wp-content\/uploads\/2015\/12\/casque-coeur.png?w=100\"  title=\"Conf\u00e9rence t\u00e9l\u00e9phonique : La meilleure fa\u00e7on d&#8217;int\u00e9grer \u00e0 sa vie le d\u00e9veloppement personnel et la spiritualit\u00e9 Copy\" alt=\"Conf\u00e9rence t\u00e9l\u00e9phonique : La meilleure fa\u00e7on d&#8217;int\u00e9grer \u00e0 sa vie le d\u00e9veloppement personnel et la spiritualit\u00e9 Copy\">    \n        <\/div>\n    <!-- \/image-wrap -->\n    \n        <\/div>\n<!-- \/module image -->        <\/div>\n                    <\/div>\n                <\/div>\n                        <\/div>\n        <\/div>\n                        <div  data-lazy=\"1\" class=\"module_row themify_builder_row tb_5ujz000 tf_w\">\n                        <div class=\"row_inner col_align_top tb_col_count_1 tf_box tf_rel\">\n                        <div  data-lazy=\"1\" class=\"module_column tb-column col-full  tb_ckmp011 first\">\n                    <!-- module text -->\n<div  class=\"module module-text tb_qnng000   \" data-lazy=\"1\">\n        <div  class=\"tb_text_wrap\">\n        <p style=\"text-align: center;\"><div style='display:none;' class='shareaholic-canvas' data-app='share_buttons' data-title='Conf\u00e9rence t\u00e9l\u00e9phonique : La meilleure fa\u00e7on d&#039;int\u00e9grer \u00e0 sa vie le d\u00e9veloppement personnel et la spiritualit\u00e9 Copy' data-link='https:\/\/lhommevrai-diffusion.com\/OHV\/services\/conference-telephonique-gratuite-janvier-2016-2\/' data-app-id='307594'><\/div><\/p>    <\/div>\n<\/div>\n<!-- \/module text -->        <\/div>\n                        <\/div>\n        <\/div>\n        <\/div>\n<!--\/themify_builder_content-->","protected":false},"excerpt":{"rendered":"<p>Conf\u00e9rence t\u00e9l\u00e9phonique gratuite La meilleure fa\u00e7on d&#8217;int\u00e9grer \u00e0 sa viele d\u00e9veloppement personnel et la spiritualit\u00e9 Samedi 30 janvier 2016 \u00e0 15h (heure France m\u00e9tropole) Cela fait des dizaines d&#8217;ann\u00e9es que l&#8217;offre en solutions pour le bien \u00eatre int\u00e9rieur ne cesse d&#8217;augmenter. Des personnes reconnues estiment que leur plus grande d\u00e9couverte est la n\u00e9cessit\u00e9, pour une [&hellip;]<\/p>\n","protected":false},"author":1,"featured_media":0,"parent":127,"menu_order":0,"comment_status":"closed","ping_status":"closed","template":"","meta":{"_bbp_topic_count":0,"_bbp_reply_count":0,"_bbp_total_topic_count":0,"_bbp_total_reply_count":0,"_bbp_voice_count":0,"_bbp_anonymous_reply_count":0,"_bbp_topic_count_hidden":0,"_bbp_reply_count_hidden":0,"_bbp_forum_subforum_count":0,"jetpack_post_was_ever_published":false,"footnotes":""},"class_list":["post-4563","page","type-page","status-publish","hentry","has-post-title","has-post-date","has-post-category","has-post-tag","has-post-comment","has-post-author",""],"jetpack_shortlink":"https:\/\/wp.me\/P77fPY-1bB","jetpack_sharing_enabled":true,"_links":{"self":[{"href":"https:\/\/lhommevrai-diffusion.com\/OHV\/wp-json\/wp\/v2\/pages\/4563","targetHints":{"allow":["GET"]}}],"collection":[{"href":"https:\/\/lhommevrai-diffusion.com\/OHV\/wp-json\/wp\/v2\/pages"}],"about":[{"href":"https:\/\/lhommevrai-diffusion.com\/OHV\/wp-json\/wp\/v2\/types\/page"}],"author":[{"embeddable":true,"href":"https:\/\/lhommevrai-diffusion.com\/OHV\/wp-json\/wp\/v2\/users\/1"}],"replies":[{"embeddable":true,"href":"https:\/\/lhommevrai-diffusion.com\/OHV\/wp-json\/wp\/v2\/comments?post=4563"}],"version-history":[{"count":1,"href":"https:\/\/lhommevrai-diffusion.com\/OHV\/wp-json\/wp\/v2\/pages\/4563\/revisions"}],"predecessor-version":[{"id":4564,"href":"https:\/\/lhommevrai-diffusion.com\/OHV\/wp-json\/wp\/v2\/pages\/4563\/revisions\/4564"}],"up":[{"embeddable":true,"href":"https:\/\/lhommevrai-diffusion.com\/OHV\/wp-json\/wp\/v2\/pages\/127"}],"wp:attachment":[{"href":"https:\/\/lhommevrai-diffusion.com\/OHV\/wp-json\/wp\/v2\/media?parent=4563"}],"curies":[{"name":"wp","href":"https:\/\/api.w.org\/{rel}","templated":true}]}}