{"id":4907,"date":"2016-09-02T18:26:43","date_gmt":"2016-09-02T16:26:43","guid":{"rendered":"http:\/\/lhommevrai-diffusion.com\/OHV\/services\/entretien-telephonique-copy\/"},"modified":"2019-10-24T01:51:47","modified_gmt":"2019-10-23T23:51:47","slug":"entretien-telephonique-inscription","status":"publish","type":"page","link":"https:\/\/lhommevrai-diffusion.com\/OHV\/services\/entretien-telephonique-inscription\/","title":{"rendered":"Entretien t\u00e9l\u00e9phonique Inscription"},"content":{"rendered":"<!--themify_builder_content-->\n<div id=\"themify_builder_content-4907\" data-postid=\"4907\" class=\"themify_builder_content themify_builder_content-4907 themify_builder tf_clear\">\n                    <div  data-css_id=\"3bss700\" data-lazy=\"1\" class=\"module_row themify_builder_row fullwidth_row_container tb_3bss700 tb_first tf_w\">\n                        <div class=\"row_inner col_align_top tb_col_count_1 tf_box tf_rel\">\n                        <div  data-lazy=\"1\" class=\"module_column tb-column col-full   tb_593g003 first\">\n                    <!-- module text -->\n<div  class=\"module module-text tb_nnk1033  fullcover \" data-lazy=\"1\">\n        <div  class=\"tb_text_wrap\">\n        <h1 style=\"text-align: right;\">INSCRIPTION<\/h1>    <\/div>\n<\/div>\n<!-- \/module text -->        <\/div>\n                        <\/div>\n        <\/div>\n                        <div  data-lazy=\"1\" class=\"module_row themify_builder_row tb_hfz8203 tf_w\">\n                        <div class=\"row_inner col_align_top tb_col_count_1 tf_box tf_rel\">\n                        <div  data-lazy=\"1\" class=\"module_column tb-column col-full   tb_tcim330 first\">\n                    <!-- module text -->\n<div  class=\"module module-text tb_2b9c307   \" data-lazy=\"1\">\n        <div  class=\"tb_text_wrap\">\n        <h3 style=\"text-align: center;\">2 possibilit\u00e9s de paiements en ligne<\/h3>    <\/div>\n<\/div>\n<!-- \/module text -->        <div  data-lazy=\"1\" class=\"module_subrow themify_builder_sub_row tf_w col_align_top tb_col_count_2 tb_tig6030\">\n                <div  data-lazy=\"1\" class=\"module_column sub_column col4-2  tb_tgnr000 first\">\n                    <!-- module text -->\n<div  class=\"module module-text tb_pc78000   \" data-lazy=\"1\">\n    <h3 class=\"module-title\">Carte bleue<\/h3>    <div  class=\"tb_text_wrap\">\n        <h3 style=\"text-align: center;\">Mode de paiement pr\u00e9f\u00e9r\u00e9<br \/>100% s\u00e9curis\u00e9 sur\u00a0<\/h3><p style=\"text-align: center;\"><img data-recalc-dims=\"1\" loading=\"lazy\" decoding=\"async\" class=\"size-full wp-image-4892 aligncenter\" src=\"https:\/\/i0.wp.com\/lhommevrai-diffusion.com\/OHV\/wp-content\/uploads\/2016\/09\/helloasso-logo.png?resize=220%2C51\" alt=\"helloasso logo\" width=\"220\" height=\"51\" srcset=\"https:\/\/i0.wp.com\/lhommevrai-diffusion.com\/OHV\/wp-content\/uploads\/2016\/09\/helloasso-logo.png?w=220&amp;ssl=1 220w, https:\/\/i0.wp.com\/lhommevrai-diffusion.com\/OHV\/wp-content\/uploads\/2016\/09\/helloasso-logo.png?resize=60%2C14&amp;ssl=1 60w, https:\/\/i0.wp.com\/lhommevrai-diffusion.com\/OHV\/wp-content\/uploads\/2016\/09\/helloasso-logo.png?resize=200%2C46&amp;ssl=1 200w\" sizes=\"auto, (max-width: 220px) 100vw, 220px\" \/><\/p><p style=\"text-align: center;\">66% du montant est d\u00e9ductible de vos imp\u00f4ts. Le re\u00e7u fiscal est envoy\u00e9 directement apr\u00e8s le paiement par la plateforme HelloAsso<\/p>    <\/div>\n<\/div>\n<!-- \/module text --><!-- module button pro -->\n<div  id=\"tb_4j27353\" class=\"module module-button tb_4j27353 button-link-external  tb_default_color\" data-lazy=\"1\">\n\t\n    <a class=\"ui builder_button tb_default_color rounded gradient\" href=\"https:\/\/www.helloasso.com\/associations\/organisation-de-l-homme-vrai\/adhesions\/entretien-telephonique-avec-christophe-yann\" target=\"_blank\" rel=\"noopener\">\n\t\t<span><svg  class=\"tf_fa tf-fas-angle-double-down\" aria-hidden=\"true\"><use href=\"#tf-fas-angle-double-down\"><\/use><\/svg><\/span> \t\t<span>Payer sur Helloasso<\/span>\n    <\/a>\n\n\t\n\t<\/div>\n<!-- \/module button pro -->\n        <\/div>\n                    <div  data-lazy=\"1\" class=\"module_column sub_column col4-2  tb_g2sa705 last\">\n                    <!-- module text -->\n<div  class=\"module module-text tb_ac1h000   \" data-lazy=\"1\">\n    <h3 class=\"module-title\">Sur notre boutique en ligne<\/h3>    <div  class=\"tb_text_wrap\">\n        <h3 style=\"text-align: center;\">Mode de paiement 100%\u00a0s\u00e9curis\u00e9<br \/> sur notre boutique en ligne<br \/>Carte bleue ou ch\u00e8que<\/h3>    <\/div>\n<\/div>\n<!-- \/module text --><!-- module button pro -->\n<div  id=\"tb_mhhb033\" class=\"module module-button tb_mhhb033 button-link-external  tb_default_color\" data-lazy=\"1\">\n\t\n    <a class=\"ui builder_button tb_default_color rounded gradient\" href=\"http:\/\/www.lhommevrai-diffusion.com\/ebook\/product.php?id_product=35\" target=\"_blank\">\n\t\t<span><svg  class=\"tf_fa tf-fas-cart-plus\" aria-hidden=\"true\"><use href=\"#tf-fas-cart-plus\"><\/use><\/svg><\/span> \t\t<span>Sur notre boutique<\/span>\n    <\/a>\n\n\t\n\t<\/div>\n<!-- \/module button pro -->\n<!-- module icon -->\n<div  class=\"module module-icon tb_nzvl603  xlarge none icon_horizontal \" data-lazy=\"1\">\n\t\t\t<div class=\"module-icon-item\">\n\t\t\t\t\t\t\t\t\t\t\t\t\t\t\t\t<em class=\"tf_boxblue\"\n\t\t\t\t\t\t\t\t\t\t\t\t\t\t\t\t\t><svg  class=\"tf_fa tf-fab-cc-paypal\" aria-hidden=\"true\"><use href=\"#tf-fab-cc-paypal\"><\/use><\/svg><\/em>\n\t\t\t\t\t\t\t\t\t\t\t\t\t\t<\/div>\n\t\t\t<div class=\"module-icon-item\">\n\t\t\t\t\t\t\t\t\t\t\t\t\t\t\t\t<em class=\"tf_boxgreen\"\n\t\t\t\t\t\t\t\t\t\t\t\t\t\t\t\t\t><svg  class=\"tf_fa tf-fab-cc-visa\" aria-hidden=\"true\"><use href=\"#tf-fab-cc-visa\"><\/use><\/svg><\/em>\n\t\t\t\t\t\t\t\t\t\t\t\t\t\t<\/div>\n\t\t\t<div class=\"module-icon-item\">\n\t\t\t\t\t\t\t\t\t\t\t\t\t\t\t\t<em class=\"tf_boxblue\"\n\t\t\t\t\t\t\t\t\t\t\t\t\t\t\t\t\t><svg  class=\"tf_fa tf-far-credit-card\" aria-hidden=\"true\"><use href=\"#tf-far-credit-card\"><\/use><\/svg><\/em>\n\t\t\t\t\t\t\t\t\t\t\t\t\t\t<\/div>\n\t\t\t<div class=\"module-icon-item\">\n\t\t\t\t\t\t\t\t\t\t\t\t\t\t\t\t\t\t\t\t\t<\/div>\n\t<\/div>\n<!-- \/module icon -->\n        <\/div>\n                    <\/div>\n                <\/div>\n                        <\/div>\n        <\/div>\n                        <div  data-lazy=\"1\" class=\"module_row themify_builder_row tb_6jlk609 tf_w\">\n                        <div class=\"row_inner col_align_top tb_col_count_1 tf_box tf_rel\">\n                        <div  data-lazy=\"1\" class=\"module_column tb-column col-full   tb_jjde737 first\">\n                    <!-- module text -->\n<div  class=\"module module-text tb_2ts4500   \" data-lazy=\"1\">\n        <div  class=\"tb_text_wrap\">\n        <iframe id=\"haWidget\" src=\"\/\/www.helloasso.com\/widgets\/adhesion.aspx?beneficiaire=organisation-de-l-homme-vrai&#038;campagne=entretien-telephonique-avec-christophe-yann&#038;color=%233111d4\" style=\"width:1200px;height:750px;border:none;\" onload=\"scroll(0,0);\"><\/iframe> ?    <\/div>\n<\/div>\n<!-- \/module text -->        <\/div>\n                        <\/div>\n        <\/div>\n        <\/div>\n<!--\/themify_builder_content-->","protected":false},"excerpt":{"rendered":"<p>INSCRIPTION 2 possibilit\u00e9s de paiements en ligne Carte bleue Mode de paiement pr\u00e9f\u00e9r\u00e9100% s\u00e9curis\u00e9 sur\u00a0 66% du montant est d\u00e9ductible de vos imp\u00f4ts. Le re\u00e7u fiscal est envoy\u00e9 directement apr\u00e8s le paiement par la plateforme HelloAsso Payer sur Helloasso Sur notre boutique en ligne Mode de paiement 100%\u00a0s\u00e9curis\u00e9 sur notre boutique en ligneCarte bleue ou [&hellip;]<\/p>\n","protected":false},"author":1,"featured_media":0,"parent":127,"menu_order":0,"comment_status":"closed","ping_status":"open","template":"","meta":{"_bbp_topic_count":0,"_bbp_reply_count":0,"_bbp_total_topic_count":0,"_bbp_total_reply_count":0,"_bbp_voice_count":0,"_bbp_anonymous_reply_count":0,"_bbp_topic_count_hidden":0,"_bbp_reply_count_hidden":0,"_bbp_forum_subforum_count":0,"jetpack_post_was_ever_published":false,"footnotes":""},"class_list":["post-4907","page","type-page","status-publish","hentry","has-post-title","has-post-date","has-post-category","has-post-tag","has-post-comment","has-post-author",""],"jetpack_shortlink":"https:\/\/wp.me\/P77fPY-1h9","jetpack_sharing_enabled":true,"_links":{"self":[{"href":"https:\/\/lhommevrai-diffusion.com\/OHV\/wp-json\/wp\/v2\/pages\/4907","targetHints":{"allow":["GET"]}}],"collection":[{"href":"https:\/\/lhommevrai-diffusion.com\/OHV\/wp-json\/wp\/v2\/pages"}],"about":[{"href":"https:\/\/lhommevrai-diffusion.com\/OHV\/wp-json\/wp\/v2\/types\/page"}],"author":[{"embeddable":true,"href":"https:\/\/lhommevrai-diffusion.com\/OHV\/wp-json\/wp\/v2\/users\/1"}],"replies":[{"embeddable":true,"href":"https:\/\/lhommevrai-diffusion.com\/OHV\/wp-json\/wp\/v2\/comments?post=4907"}],"version-history":[{"count":19,"href":"https:\/\/lhommevrai-diffusion.com\/OHV\/wp-json\/wp\/v2\/pages\/4907\/revisions"}],"predecessor-version":[{"id":4990,"href":"https:\/\/lhommevrai-diffusion.com\/OHV\/wp-json\/wp\/v2\/pages\/4907\/revisions\/4990"}],"up":[{"embeddable":true,"href":"https:\/\/lhommevrai-diffusion.com\/OHV\/wp-json\/wp\/v2\/pages\/127"}],"wp:attachment":[{"href":"https:\/\/lhommevrai-diffusion.com\/OHV\/wp-json\/wp\/v2\/media?parent=4907"}],"curies":[{"name":"wp","href":"https:\/\/api.w.org\/{rel}","templated":true}]}}