{"id":5063,"date":"2016-11-11T18:00:47","date_gmt":"2016-11-11T17:00:47","guid":{"rendered":"http:\/\/lhommevrai-diffusion.com\/OHV\/?page_id=5063"},"modified":"2016-11-26T14:52:40","modified_gmt":"2016-11-26T13:52:40","slug":"les-editions-de-lhomme-vrai-et-christophe-yann-se-dissocient-de-thierry-salmeron","status":"publish","type":"page","link":"https:\/\/lhommevrai-diffusion.com\/OHV\/les-editions-de-lhomme-vrai-et-christophe-yann-se-dissocient-de-thierry-salmeron\/","title":{"rendered":"Les \u00e9ditions de l\u2019Homme vrai et Christophe Yann se dissocient de Thierry Salmeron"},"content":{"rendered":"<!--themify_builder_content-->\n<div id=\"themify_builder_content-5063\" data-postid=\"5063\" class=\"themify_builder_content themify_builder_content-5063 themify_builder tf_clear\">\n                    <div  data-lazy=\"1\" class=\"module_row themify_builder_row tb_xj8y795 tb_first tf_w\">\n                        <div class=\"row_inner col_align_top tb_col_count_1 tf_box tf_rel\">\n                        <div  data-lazy=\"1\" class=\"module_column tb-column col-full   tb_szxi066 first\">\n                    <!-- module text -->\n<div  class=\"module module-text tb_fam6076   \" data-lazy=\"1\">\n    <h3 class=\"module-title\">Les \u00e9ditions de l\u2019Homme vrai et Christophe Yann se dissocient de Thierry Salmeron<\/h3>    <div  class=\"tb_text_wrap\">\n        <h4>Communiqu\u00e9 du 29 octobre 2016<\/h4><h4>Thierry Salmeron est un chercheur spirituel ayant multipli\u00e9 les lectures et les stages de connaissance de soi. Au cours de cette qu\u00eate il rencontre Christophe Yann via leur famille par alliance commune. Les deux hommes sont tellement diff\u00e9rents que l\\&#8217;entente n\\&#8217;est pas au rendez-vous. Cependant \u00e0 plusieurs reprises Christophe re\u00e7oit des messages d\\&#8217;alerte qu\\&#8217;il doit transmettre \u00e0 Thierry. Ce dernier surpris par l\\&#8217;exactitude des messages* alors que plusieurs milliers de kilom\u00e8tres les s\u00e9parent comprend que Christophe a plus \u00e0 donner qu\\&#8217;il n\\&#8217;y para\u00eet. A son contact il met un terme \u00e0 sa qu\u00eate, du moins en apparence, et lui propose une association pour transmettre son message. Thierry r\u00eave d\u2019\u00eatre sur le devant de la sc\u00e8ne, Christophe accepte que son message soit transmis par \u00e9crit sous le nom de Thierry Salmeron.<\/h4><h4>C\\&#8217;est ainsi que les premiers livres \u00e9dit\u00e9s en 2005** portent le message de Christophe Yann agr\u00e9ment\u00e9s d\\&#8217;anecdotes invent\u00e9es par Thierry Salmeron. Ces derni\u00e8res laissent \u00e0 penser par exemple que Thierry Salmeron a eu une exp\u00e9rience de mort imminente en moto alors que c\\&#8217;est une exp\u00e9rience faite par Christophe Yann lors d\\&#8217;un accident de voiture. Thierry Salmeron a bien eu un accident de moto occasionnant la mort d\\&#8217;une personne mais qui n\\&#8217;est pas revenue \u00e0 la vie.<\/h4><h4>Alert\u00e9es par les lecteurs et les journalistes, les \u00e9ditions de l\\&#8217;Homme vrai ont pris la d\u00e9cision de rendre public cette v\u00e9rit\u00e9 suite aux derniers agissements de Thierry Salmeron en compl\u00e8te opposition avec le message de Christophe Yann.<\/h4><h4>Les propos de Thierry Salmeron ne sont ni en accord ni en lien avec les actions de Christophe Yann et des \u00e9ditions de l\\&#8217;Homme vrai.<\/h4><h4>Nous pr\u00e9cisons notre d\u00e9saccord notamment sur le fait que Thierry ne s\u2019est jamais gu\u00e9ri du cancer comme il le pr\u00e9tend et l\u2019\u00e9crit sur son site internet. <br \/>Nous n\u2019adh\u00e9rons pas non plus \u00e0 l\u2019id\u00e9e d\u2019une exp\u00e9rience d\u2019\u00e9veil soudaine laissant un \u00e9tat de joie permanent. Ces affirmations laissent \u00e0 penser qu\u2019un \u00e9tat sp\u00e9cial serait \u00e0 atteindre et qui entretient une qu\u00eate pr\u00e9judiciable pour tous ceux qui la commencent. Concernant particuli\u00e8rement Thierry Salmeron nous savons que tout est invent\u00e9 tout comme les diff\u00e9rentes bio qu\u2019il s\u2019est attribu\u00e9 en 2016 (il a notamment diffus\u00e9 une vid\u00e9o o\u00f9 il pr\u00e9tendait \u00eatre le seul \u00e0 avoir fait une exp\u00e9rience de mort imminente et \u00eatre revenu avec un enseignement).<\/h4><h4>A l\u2019annonce de cette r\u00e9v\u00e9lation aux premiers lecteurs nous avons re\u00e7u deux types de r\u00e9actions.<\/h4><h4>La premi\u00e8re est tr\u00e8s surprenante puisque certains lecteurs nous ont dit l\\&#8217;avoir d\u00e9couvert par eux m\u00eame. Ils arrivent m\u00eame \u00e0 reconna\u00eetre les passages \u00e9crits par Christophe et non retouch\u00e9s par Thierry et avouent pr\u00e9f\u00e9rer les livres \u00e9crits par Christophe seul***.<\/h4><h4>La deuxi\u00e8me est moins amicale, certains nous disent avoir \u00e9t\u00e9 choqu\u00e9s et font preuve de beaucoup moins de tol\u00e9rance. Nous aimerions dire \u00e0 tous ceux qui se trouvent dans ce deuxi\u00e8me cas de figure que cette exp\u00e9rience litt\u00e9raire aussi f\u00e2cheuse soit elle, ne doit pas faire oublier le fond. C\\&#8217;est la raison pour laquelle les \u00e9ditions ont choisi pendant toutes ces ann\u00e9es de conserver les \u00e9crits tels quels.<\/h4><h4>Nous allons maintenant rectifier les ouvrages, les rendre coh\u00e9rents dans la forme pour que le fond soit red\u00e9couvert.<\/h4><h4>Une conf\u00e9rence t\u00e9l\u00e9phonique anim\u00e9e par Christophe Yann pr\u00e9cise ce communiqu\u00e9 et apporte un \u00e9clairage suppl\u00e9mentaire sur cette situation peu commune.<\/h4><p>[themify_button style=\\&#8221;large green\\&#8221; link=\\&#8221;http:\/\/lhommevrai-diffusion.com\/OHV\/les-editions-de-l-homme-vrai-se-dissocient-de-thierry-salmeron\/\\&#8221; target=\\&#8221;_blanck\\&#8221;]En savoir plus sur la conf\u00e9rence[\/themify_button]<\/p><p>* L\u2019origine des messages que re\u00e7oit Christophe est relat\u00e9e dans \u00ab\u00a0La sagesse en action\u00a0\u00bb qui retrace le parcours de Christophe Yann.<\/p><p>** R\u00e9apprivoiser le bonheur (2014)<br \/><i>\u00c9dition de \u00ab\u00a0L\u2019Homme est un dieu\u2026 D\u00e9guis\u00e9 en \u00e2ne\u00a0\u00bb (2005) et la retranscription d\u2019un s\u00e9minaire.<\/i><\/p><p>La vie sous un nouveau regard (2014)<br \/><i>\u00c9dition des livres \u00ab\u00a0De la vision de l\u2019\u00e2ne\u2026 A la vision divine\u00a0\u00bb (2006) et \u00ab\u00a0Il suffira d\u2019un signe\u00a0\u00bb (2010)<\/i><\/p><p>*** Tout ce qui passe pr\u00e8s de moi me parle Tome 1 et 2<br \/>Nous sommes faits pour vivre ensemble (2012)<br \/><i>\u00c9dition des livres \u00ab\u00a0Le couple\u00a0: 1+1 = Dieu\u00a0\u00bb (2009) et \u00ab\u00a0L\u2019enfant\u00a0: l\u2019apprentissage du je\u00a0\u00bb (2011)<br \/><\/i>La sagesse en action (2012)<br \/>Seconde chance Tome 1 (2013)<br \/>R\u00e9union de talents (2014)<br \/>Dans les yeux de Yann Tome 1 (2016)<\/p>    <\/div>\n<\/div>\n<!-- \/module text -->        <\/div>\n                        <\/div>\n        <\/div>\n        <\/div>\n<!--\/themify_builder_content-->\n","protected":false},"excerpt":{"rendered":"<p>Communiqu\u00e9 du 29 octobre 2016Thierry Salmeron est un chercheur spirituel ayant multipli\u00e9 les lectures et les stages de connaissance de soi. Au cours de cette qu\u00eate il rencontre Christophe Yann via leur famille par alliance commune. Les deux hommes sont tellement diff\u00e9rents que l\\&#8217;entente n\\&#8217;est pas au rendez-vous. Cependant \u00e0 plusieurs reprises Christophe re\u00e7oit des [&hellip;]<\/p>\n","protected":false},"author":1,"featured_media":0,"parent":0,"menu_order":0,"comment_status":"closed","ping_status":"closed","template":"","meta":{"_bbp_topic_count":0,"_bbp_reply_count":0,"_bbp_total_topic_count":0,"_bbp_total_reply_count":0,"_bbp_voice_count":0,"_bbp_anonymous_reply_count":0,"_bbp_topic_count_hidden":0,"_bbp_reply_count_hidden":0,"_bbp_forum_subforum_count":0,"jetpack_post_was_ever_published":false,"footnotes":""},"class_list":["post-5063","page","type-page","status-publish","hentry","has-post-title","has-post-date","has-post-category","has-post-tag","has-post-comment","has-post-author",""],"jetpack_shortlink":"https:\/\/wp.me\/P77fPY-1jF","jetpack_sharing_enabled":true,"_links":{"self":[{"href":"https:\/\/lhommevrai-diffusion.com\/OHV\/wp-json\/wp\/v2\/pages\/5063","targetHints":{"allow":["GET"]}}],"collection":[{"href":"https:\/\/lhommevrai-diffusion.com\/OHV\/wp-json\/wp\/v2\/pages"}],"about":[{"href":"https:\/\/lhommevrai-diffusion.com\/OHV\/wp-json\/wp\/v2\/types\/page"}],"author":[{"embeddable":true,"href":"https:\/\/lhommevrai-diffusion.com\/OHV\/wp-json\/wp\/v2\/users\/1"}],"replies":[{"embeddable":true,"href":"https:\/\/lhommevrai-diffusion.com\/OHV\/wp-json\/wp\/v2\/comments?post=5063"}],"version-history":[{"count":4,"href":"https:\/\/lhommevrai-diffusion.com\/OHV\/wp-json\/wp\/v2\/pages\/5063\/revisions"}],"predecessor-version":[{"id":5103,"href":"https:\/\/lhommevrai-diffusion.com\/OHV\/wp-json\/wp\/v2\/pages\/5063\/revisions\/5103"}],"wp:attachment":[{"href":"https:\/\/lhommevrai-diffusion.com\/OHV\/wp-json\/wp\/v2\/media?parent=5063"}],"curies":[{"name":"wp","href":"https:\/\/api.w.org\/{rel}","templated":true}]}}