{"id":5115,"date":"2016-11-26T18:30:17","date_gmt":"2016-11-26T17:30:17","guid":{"rendered":"http:\/\/lhommevrai-diffusion.com\/OHV\/services\/conferences-telephoniques\/les-conferences-telephoniques-2015-copy\/"},"modified":"2019-11-10T07:48:35","modified_gmt":"2019-11-10T06:48:35","slug":"les-conferences-telephoniques-2016","status":"publish","type":"page","link":"https:\/\/lhommevrai-diffusion.com\/OHV\/services\/conferences-telephoniques\/les-conferences-telephoniques-2016\/","title":{"rendered":"Les conf\u00e9rences t\u00e9l\u00e9phoniques 2016"},"content":{"rendered":"<!--themify_builder_content-->\n<div id=\"themify_builder_content-5115\" data-postid=\"5115\" class=\"themify_builder_content themify_builder_content-5115 themify_builder tf_clear\">\n                    <div  data-desktop-padding=\"5%,5%\" data-css_id=\"bwkg215\" data-lazy=\"1\" class=\"module_row themify_builder_row fullwidth_row_container tb_bwkg215 tb_first tf_w\">\n                        <div class=\"row_inner col_align_top tb_col_count_1 tf_box tf_rel\">\n                        <div  data-lazy=\"1\" class=\"module_column tb-column col-full  tb_uqpt125 first\">\n                            <div  data-lazy=\"1\" class=\"module_subrow themify_builder_sub_row tf_w col_align_top tb_col_count_2 tb_ba6x221\">\n                <div  data-lazy=\"1\" class=\"module_column sub_column col4-2  tb_gp11507 first\">\n                    <!-- module text -->\n<div  class=\"module module-text tb_ifqt105   \" data-lazy=\"1\">\n        <div  class=\"tb_text_wrap\">\n        <h2>Les 6 conf\u00e9rences de 2016<\/h2><h3>Les th\u00e8mes\u00a0<\/h3>    <\/div>\n<\/div>\n<!-- \/module text --><!-- module accordion -->\n<div  class=\"module module-accordion tb_x4eb276 \" data-behavior=\"accordion\" data-lazy=\"1\">\n    \n    <ul class=\"ui module-accordion separate   light-purple\">\n            <li>\n            <div class=\"accordion-title tf_rel\">\n                <a href=\"#acc-x4eb276-0\" class=\"tb_title_accordion\" aria-controls=\"acc-x4eb276-0-content\" aria-expanded=\"false\">\n                                                            <span class=\"accordion-title-wrap\">Le syndrome du gu\u00e9risseur malade<\/span>                <\/a>\n            <\/div><!-- .accordion-title -->\n            <div id=\"acc-x4eb276-0-content\" data-id=\"acc-x4eb276-0\" aria-hidden=\"true\" class=\"accordion-content tf_hide tf_clearfix\">\n                                    <div class=\"tb_text_wrap\">\n                        <h3>Les indiens Kogis en Colombie, une des plus anciennes civilisations au monde, ont une m\u00e9decine capable de prouesses \u00e0 rendre jalouse la m\u00e9decine moderne.<\/h3><h3>En occident justement la m\u00e9decine conventionnelle est de plus en plus associ\u00e9e \u00e0 une m\u00e9decine alternative. Les soins \u00e9nerg\u00e9tiques se d\u00e9mocratisent et les m\u00e9dias en parlent de plus en plus librement, m\u00eame si bien s\u00fbr rien ne peut \u00eatre prouv\u00e9.<\/h3><h3>Cet \u00e9lan que l\u2019on pourrait appeler l\u2019\u00e9volution fait \u00e9merger des signes, \u00e0 un niveau que nous aux \u00e9ditions de l\u2019Homme vrai nous appelons des \u00e9vidences, qui indiquent la pr\u00e9sence d\u2019une\u00a0erreur.<\/h3><h3>Pourtant immanquables si on y regarde bien\u00a0! En voici un parmi les plus gros, accessible dans le monde entier. Un m\u00e9decin atteint d\u2019un cancer se tourne vers la m\u00e9decine alternative qui le soigne. Il \u00e9crit un livre, un best-seller international, intitul\u00e9 Gu\u00e9rir. Dix ans plus tard il succombe \u00e0 un cancer.<\/h3><h3>Nous avons des centaines d\u2019exemples parce que nous regardons le monde tel qu\u2019il est et que nous aimons la mani\u00e8re dont nous enseigne la Vie.<\/h3><h3>Les tendances actuelles civilis\u00e9es ne nous font pas oublier ce que les Kogis savent maitriser, loin tr\u00e8s loin de nos connaissances.<\/h3><h3>Alors qu\u2019avons-nous manqu\u00e9\u00a0? Qu\u2019est <a href=\"http:\/\/lhommevrai-diffusion.com\/OHV\/reapprivoiser-le-bonheur\/\" target=\"_blank\">ce qui est cach\u00e9 aux sages et aux intelligents<\/a>, pour reprendre le titre d\u2019un de nos livres\u00a0?<\/h3><h3>Quels sont les enseignements de\u00a0ces signes grossiers ? Y aurait-il une mani\u00e8re d\u2019aborder la maladie d\u2019une autre fa\u00e7on\u00a0?<\/h3><h3>Nous pr\u00e9cisons, encore, que nous n\u2019avons rien contre la m\u00e9decine alternative ou les gu\u00e9risseurs et nous ne cherchons pas la pol\u00e9mique sur ce sujet. Notre but est d\u2019apporter un \u00e9clairage sur des comportements de masse qui ne tiennent pas compte de ce que la vie nous dit.<\/h3><h3>Prenez un raccourci, suivez la vie\u00a0!<\/h3>                    <\/div>\n                            <\/div><!-- .accordion-content -->\n        <\/li>\n            <li>\n            <div class=\"accordion-title tf_rel\">\n                <a href=\"#acc-x4eb276-1\" class=\"tb_title_accordion\" aria-controls=\"acc-x4eb276-1-content\" aria-expanded=\"false\">\n                                                            <span class=\"accordion-title-wrap\">Mener une vie en \u00e9tant vigilant \u00e7a change quoi ?<\/span>                <\/a>\n            <\/div><!-- .accordion-title -->\n            <div id=\"acc-x4eb276-1-content\" data-id=\"acc-x4eb276-1\" aria-hidden=\"true\" class=\"accordion-content tf_hide tf_clearfix\">\n                                    <div class=\"tb_text_wrap\">\n                        <h3>Si vous \u00e9coutez les promesses de vie plus l\u00e9g\u00e8re, de mieux \u00eatre, d\u2019\u00e9volution spirituelle etc. alors le message de Christophe Yann n\u2019est pas fait pour vous, tout de suite\u2026<\/h3><h3>Etre vigilant et conscient ne permet pas d\u2019\u00e9viter les \u00e9preuves de la vie. Je repense \u00e0 mon \u00e9pouse qui regardait ma fa\u00e7on de vivre d\u2019un air presque moqueur. Je n\u2019ai jamais cherch\u00e9 \u00e0 lui en parler, j\u2019ai accept\u00e9 le fait qu\u2019elle ne voit pas la vie de la m\u00eame mani\u00e8re que moi. Un jour pourtant la tendance me montrait bien qu\u2019une \u00e9preuve s\u2019annon\u00e7ait en lien avec son obstination. J\u2019aurais pu faire en sorte que cela ne se produise pas en essayant de la convaincre. La veille j\u2019en discutais avec Christophe qui \u201cpr\u00e9parait le terrain\u201d afin que je sois pr\u00eat le jour J. Je n\u2019ai pas cherch\u00e9 \u00e0 \u00e9viter ce qui allait se produire, j\u2019ai simplement pr\u00e9par\u00e9 mon \u00e9pouse \u00e0 \u201cquelque chose\u201d.<\/h3><h3>Le choc frontal a \u00e9t\u00e9 violent, 3 voitures \u00e0 la casse, ma femme et ma fille aux urgences sans blessure physique, 3 bless\u00e9s l\u00e9gers dont une voyante (!) bien touch\u00e9e quand m\u00eame. Cet \u00e9v\u00e9nement qui peut paraitre injuste avait en fait toute sa raison d\u2019\u00eatre. La pr\u00e9paration des jours pr\u00e9c\u00e9dents a permis de d\u00e9clencher une cascade de prises de conscience chez mon \u00e9pouse. Inutile de vous dire qu\u2019elle ne se moque plus de moi !<\/h3><h3>Cet exemple est une des nombreuses facettes qu\u2019une vie v\u00e9cue de mani\u00e8re vigilante peut apporter. Appr\u00e9hender l\u2019enseignement de la vie en toute circonstance participe \u00e0 l\u2019\u00e9quilibre et nous invite \u00e0 mener une vie pleine.<\/h3>                    <\/div>\n                            <\/div><!-- .accordion-content -->\n        <\/li>\n            <li>\n            <div class=\"accordion-title tf_rel\">\n                <a href=\"#acc-x4eb276-2\" class=\"tb_title_accordion\" aria-controls=\"acc-x4eb276-2-content\" aria-expanded=\"false\">\n                                                            <span class=\"accordion-title-wrap\">L\u2019aventure et la libert\u00e9<\/span>                <\/a>\n            <\/div><!-- .accordion-title -->\n            <div id=\"acc-x4eb276-2-content\" data-id=\"acc-x4eb276-2\" aria-hidden=\"true\" class=\"accordion-content tf_hide tf_clearfix\">\n                                    <div class=\"tb_text_wrap\">\n                        <h3>L\u2019aventure est, selon le dictionnaire, un ensemble d\u2019activit\u00e9s, d\u2019exp\u00e9riences qui comportent du risque. On est souvent amen\u00e9 \u00e0 simplement croire comme st\u00e9r\u00e9otype qu\u2019explorer ce qui n\u2019a jamais \u00e9t\u00e9 abord\u00e9 par soi-m\u00eame ou l\u2019homme, comme explorer des terres intactes, inconnues, et pratiquer des sports extr\u00eames, est la seule vraie aventure. N\u00e9anmoins, selon moi, En ce sens, chacun est un aventurier si on ch\u00e9rit la vie et essaie de r\u00e9soudre des probl\u00e8mes et de les surmonter soi-m\u00eame. D\u2019un emploi quotidien aussi banal et anodin qu\u2019il semble \u00e0 une vaste entreprise qui concerne le bien-\u00eatre de l\u2019homme ou m\u00eame le salut de l\u2019humanit\u00e9, des aventures sont omnipr\u00e9sentes. Ces derni\u00e8res valent certes l\u2019admiration mais des aventuriers de la vie quotidienne m\u00e9ritent aussi des louanges. Ils font du quotidien la merveille. En plus de l\u2019aventure physique, il existe une autre aventure spirituelle. Un \u00e9crivain, un philosophe, un artiste, un scientifique\u2026 Ils marchent seuls dans le domaine spirituel et y d\u00e9ploient un univers changeant de couleurs et de dimensions. C\u2019est un tableau color\u00e9 peint par l\u2019\u00e2me. Chaque ligne est le fruit d\u2019une aventure pendant laquelle ils traversent des \u00e9pines (difficult\u00e9s) et des marais (pi\u00e8ges de l\u2019esprit). Cet univers est un labyrinthe o\u00f9 g\u00eet le secret de l\u2019humanit\u00e9.<\/h3><h3>Quelle que soit l\u2019aventure, physique ou spirituelle, ces entreprises manifestent des tentations d\u2019\u00e9manciper des contraintes qu\u2019impose la nature.\u00a0<\/h3>                    <\/div>\n                            <\/div><!-- .accordion-content -->\n        <\/li>\n            <li>\n            <div class=\"accordion-title tf_rel\">\n                <a href=\"#acc-x4eb276-3\" class=\"tb_title_accordion\" aria-controls=\"acc-x4eb276-3-content\" aria-expanded=\"false\">\n                                                            <span class=\"accordion-title-wrap\">Comment appr\u00e9hender le d\u00e9c\u00e8s d\u2019un proche<\/span>                <\/a>\n            <\/div><!-- .accordion-title -->\n            <div id=\"acc-x4eb276-3-content\" data-id=\"acc-x4eb276-3\" aria-hidden=\"true\" class=\"accordion-content tf_hide tf_clearfix\">\n                                    <div class=\"tb_text_wrap\">\n                        <h3>Ce sujet a \u00e9t\u00e9 demand\u00e9 par l\u2019une de nos participantes dont la famille a \u00e9t\u00e9 touch\u00e9e par la disparition soudaine d\u2019une adolescente.\u00a0<\/h3><h3>Comment faire face et comment aider les proches dans une telle situation ? Sujet d\u2019actualit\u00e9 pour de nombreuses familles !<\/h3>                    <\/div>\n                            <\/div><!-- .accordion-content -->\n        <\/li>\n            <li>\n            <div class=\"accordion-title tf_rel\">\n                <a href=\"#acc-x4eb276-4\" class=\"tb_title_accordion\" aria-controls=\"acc-x4eb276-4-content\" aria-expanded=\"false\">\n                                                            <span class=\"accordion-title-wrap\">Pourquoi suivre les lanceurs de promesses ?<\/span>                <\/a>\n            <\/div><!-- .accordion-title -->\n            <div id=\"acc-x4eb276-4-content\" data-id=\"acc-x4eb276-4\" aria-hidden=\"true\" class=\"accordion-content tf_hide tf_clearfix\">\n                                    <div class=\"tb_text_wrap\">\n                        <h3>Christophe Yann profite du <a href=\"http:\/\/lhommevrai-diffusion.com\/OHV\/les-editions-de-lhomme-vrai-et-christophe-yann-se-dissocient-de-thierry-salmeron\/\" target=\"_blank\">communiqu\u00e9 <\/a>annon\u00e7ant la dissociation des \u00e9ditions de l\u2019Homme vrai de Thierry Salmeron pour revenir sur leur quotidien qui a \u00e9t\u00e9 le leur pendant plusieurs ann\u00e9es.<\/h3><h3>Il r\u00e9pond aussi aux questions des lecteurs et des participants \u00e0 la conf\u00e9rences qui s\u2019\u00e9tonnent d\u2019un tel parcours.<\/h3>                    <\/div>\n                            <\/div><!-- .accordion-content -->\n        <\/li>\n        <\/ul>\n\n<\/div><!-- \/module accordion -->        <\/div>\n                    <div  data-lazy=\"1\" class=\"module_column sub_column col4-2  tb_hmvh000 last\">\n                    <!-- module text -->\n<div  class=\"module module-text tb_l1hn380   \" data-lazy=\"1\">\n        <div  class=\"tb_text_wrap\">\n        <h1 style=\"text-align: center;\">L&#8217;acc\u00e8s aux conf\u00e9rences est r\u00e9serv\u00e9 aux inscrits.<\/h1>    <\/div>\n<\/div>\n<!-- \/module text --><!-- module button pro -->\n<div  id=\"tb_v72g455\" class=\"module module-button tb_v72g455 button-link-external  green\" data-lazy=\"1\">\n\t\n    <a  class=\"ui builder_button light-green rounded gradient\" href=\"http:\/\/lhommevrai-diffusion.com\/OHV\/services\/conferences-telephoniques\/\" target=\"_blank\">\n\t\t<span><svg  class=\"tf_fa tf-fas-angle-double-right\" aria-hidden=\"true\"><use href=\"#tf-fas-angle-double-right\"><\/use><\/svg><\/span> \t\t<span>Inscription<\/span>\n    <\/a>\n\n\t\n\t<\/div>\n<!-- \/module button pro -->\n<!-- module text -->\n<div  class=\"module module-text tb_hk85092   \" data-lazy=\"1\">\n    <h3 class=\"module-title\">S'identifier<\/h3>    <div  class=\"tb_text_wrap\">\n        <p style=\"text-align: center;\">[ultimatemember form_id=4599]<\/p>    <\/div>\n<\/div>\n<!-- \/module text -->        <\/div>\n                    <\/div>\n        <!-- module post -->\n<div  class=\"module module-post tb_hlnj354 \">\n    <div  class=\"builder-posts-wrap loops-wrapper grid3 masonry classic tf_rel tf_clear tf_clearfix\" data-lazy=\"1\">\n        <\/div><!-- .builder-posts-wrap -->\n            <\/div>\n<!-- \/module post -->\n            <\/div>\n                        <\/div>\n        <\/div>\n                        <div  data-lazy=\"1\" class=\"module_row themify_builder_row tb_upxu004 tf_w\">\n                        <div class=\"row_inner col_align_top tb_col_count_1 tf_box tf_rel\">\n                        <div  data-lazy=\"1\" class=\"module_column tb-column col-full  tb_55sp211 first\">\n                    <!-- module text -->\n<div  class=\"module module-text tb_het1000   \" data-lazy=\"1\">\n        <div  class=\"tb_text_wrap\">\n        <p style=\"text-align: center;\"><div style='display:none;' class='shareaholic-canvas' data-app='share_buttons' data-title='Les conf\u00e9rences t\u00e9l\u00e9phoniques 2016' data-link='https:\/\/lhommevrai-diffusion.com\/OHV\/services\/conferences-telephoniques\/les-conferences-telephoniques-2016\/' data-app-id='307594'><\/div><\/p>    <\/div>\n<\/div>\n<!-- \/module text -->        <\/div>\n                        <\/div>\n        <\/div>\n        <\/div>\n<!--\/themify_builder_content-->","protected":false},"excerpt":{"rendered":"<p>Les 6 conf\u00e9rences de 2016 Les th\u00e8mes\u00a0 Le syndrome du gu\u00e9risseur malade Les indiens Kogis en Colombie, une des plus anciennes civilisations au monde, ont une m\u00e9decine capable de prouesses \u00e0 rendre jalouse la m\u00e9decine moderne. En occident justement la m\u00e9decine conventionnelle est de plus en plus associ\u00e9e \u00e0 une m\u00e9decine alternative. Les soins \u00e9nerg\u00e9tiques [&hellip;]<\/p>\n","protected":false},"author":1,"featured_media":0,"parent":4456,"menu_order":0,"comment_status":"closed","ping_status":"closed","template":"","meta":{"_bbp_topic_count":0,"_bbp_reply_count":0,"_bbp_total_topic_count":0,"_bbp_total_reply_count":0,"_bbp_voice_count":0,"_bbp_anonymous_reply_count":0,"_bbp_topic_count_hidden":0,"_bbp_reply_count_hidden":0,"_bbp_forum_subforum_count":0,"jetpack_post_was_ever_published":false,"footnotes":""},"class_list":["post-5115","page","type-page","status-publish","hentry","has-post-title","has-post-date","has-post-category","has-post-tag","has-post-comment","has-post-author",""],"jetpack_shortlink":"https:\/\/wp.me\/P77fPY-1kv","jetpack_sharing_enabled":true,"_links":{"self":[{"href":"https:\/\/lhommevrai-diffusion.com\/OHV\/wp-json\/wp\/v2\/pages\/5115","targetHints":{"allow":["GET"]}}],"collection":[{"href":"https:\/\/lhommevrai-diffusion.com\/OHV\/wp-json\/wp\/v2\/pages"}],"about":[{"href":"https:\/\/lhommevrai-diffusion.com\/OHV\/wp-json\/wp\/v2\/types\/page"}],"author":[{"embeddable":true,"href":"https:\/\/lhommevrai-diffusion.com\/OHV\/wp-json\/wp\/v2\/users\/1"}],"replies":[{"embeddable":true,"href":"https:\/\/lhommevrai-diffusion.com\/OHV\/wp-json\/wp\/v2\/comments?post=5115"}],"version-history":[{"count":9,"href":"https:\/\/lhommevrai-diffusion.com\/OHV\/wp-json\/wp\/v2\/pages\/5115\/revisions"}],"predecessor-version":[{"id":5133,"href":"https:\/\/lhommevrai-diffusion.com\/OHV\/wp-json\/wp\/v2\/pages\/5115\/revisions\/5133"}],"up":[{"embeddable":true,"href":"https:\/\/lhommevrai-diffusion.com\/OHV\/wp-json\/wp\/v2\/pages\/4456"}],"wp:attachment":[{"href":"https:\/\/lhommevrai-diffusion.com\/OHV\/wp-json\/wp\/v2\/media?parent=5115"}],"curies":[{"name":"wp","href":"https:\/\/api.w.org\/{rel}","templated":true}]}}