{"id":5171,"date":"2017-02-16T16:24:48","date_gmt":"2017-02-16T15:24:48","guid":{"rendered":"http:\/\/lhommevrai-diffusion.com\/OHV\/services\/conferences-telephoniques\/les-conferences-telephoniques-2016-copy\/"},"modified":"2019-10-24T01:49:41","modified_gmt":"2019-10-23T23:49:41","slug":"les-conferences-telephoniques-2017","status":"publish","type":"page","link":"https:\/\/lhommevrai-diffusion.com\/OHV\/services\/conferences-telephoniques\/les-conferences-telephoniques-2017\/","title":{"rendered":"Les conf\u00e9rences t\u00e9l\u00e9phoniques 2017"},"content":{"rendered":"<!--themify_builder_content-->\n<div id=\"themify_builder_content-5171\" data-postid=\"5171\" class=\"themify_builder_content themify_builder_content-5171 themify_builder tf_clear\">\n                    <div  data-css_id=\"wpbk088\" data-lazy=\"1\" class=\"module_row themify_builder_row fullwidth tb_wpbk088 tb_first tf_w\">\n                        <div class=\"row_inner gutter-narrow col_align_top tb_col_count_1 tf_box tf_rel\">\n                        <div  data-lazy=\"1\" class=\"module_column tb-column col-full tb_znrj677 first\">\n                    <!-- module text -->\n<div  class=\"module module-text tb_ncr3080  repeat \" data-lazy=\"1\">\n        <div  class=\"tb_text_wrap\">\n        <h1 style=\"text-align: center;\">Les 12 conf\u00e9rences de 2017 : Place \u00e0 l&#8217;action<\/h1>\n<h3>Depuis 2005 Christophe Yann fait passer un message simple qui incite \u00e0 passer \u00e0 l\u2019action. En d\u00e9cembre 2016 alors qu\u2019il travaillait en tant que consultant pour un grand restaurant \u00e0 La R\u00e9union, il remarque le comportement \u00e9trange d\u2019un cuisinier. Ils se c\u00f4toient depuis plusieurs semaines, travaillent ensemble parfois mais rien d\u2019anormal jusqu\u2019\u00e0 ce jour. Intrigu\u00e9 et curieux par nature Christophe demande au cuisinier les raisons du changement d\u2019attitude. Il ne s\u2019attendait pas \u00e0 sa r\u00e9ponse. Le cuisinier commence par bafouiller, il cherche ses mots et finit par demander, <em>\u00ab\u00a0tu es bien le Christophe Yann\u00a0?\u00a0\u00bb.<\/em> Christophe comprend instantan\u00e9ment le sens de sa question mais demande des pr\u00e9cisions. <em>\u00ab\u00a0Tu es bien le Christophe Yann, l\u2019auteur de plusieurs livres\u00a0? Je t\u2019ai reconnu avec les photos sur internet.\u00a0\u00bb \u2026 \u00ab\u00a0J\u2019ai lu tous tes livres \u00e0 une \u00e9poque o\u00f9 j\u2019\u00e9tais barr\u00e9, tes livres sont responsables du plus gros changement dans ma vie, ils sont la raison pour laquelle je suis devenu cuisinier\u00a0\u00bb, \u00ab\u00a0J\u2019ai demand\u00e9 en m\u00e9ditant de pouvoir avoir la chance de te rencontrer et l\u00e0 je r\u00e9alise que je travaille avec toi depuis plusieurs mois\u00a0\u00bb<\/em><\/h3>\n<h3>Cadeau de la Vie juste avant No\u00ebl, tout en \u00e9tant exceptionnel, ce genre de rencontre n\u2019est pas une premi\u00e8re pour Christophe. Petite pr\u00e9cision pour ceux qui ne connaissent pas les livres, Christophe n\u2019a pas \u00e9crit de livre sur la cuisine\u00a0! Ou bien il me l\u2019a bien cach\u00e9\u2026<\/h3>\n<h3>Non il s\u2019agit de livres qui incitent \u00e0 passer \u00e0 l\u2019action. L\u00e2cher cette qu\u00eate de connaissances spirituelles pour vivre les exp\u00e9riences dont nous avons r\u00e9ellement besoin.<\/h3>\n<h3>Il y a des anonymes comme ce cuisinier qui ont os\u00e9 passer \u00e0 la pratique et aller vers leurs peurs. Peut-\u00eatre sont-ils nombreux nous ne savons pas. Ce que nous savons c\u2019est que le monde a encore besoin d\u2019\u00eatre encourag\u00e9 et inspir\u00e9 pour tenter cette exp\u00e9rience. Christophe a remis son tablier depuis plusieurs ann\u00e9es pour incarner une nouvelle fois ses propos et les remettre \u00e0 jour.<\/h3>\n<h3>Nous vous proposons un nouveau format d\u2019\u00e9change o\u00f9 sont abord\u00e9es toutes les questions en rapport avec le changement qu\u2019apporte la voie de l\u2019action. Les doutes, les peurs, les retours en arri\u00e8re, les \u00e9motions, les solutions face \u00e0 l\u2019\u00e9v\u00e8nement\u2026<\/h3>\n<h3>Christophe y partage aussi sa propre exp\u00e9rience et conseille tous les nouveaux aventuriers.<\/h3>    <\/div>\n<\/div>\n<!-- \/module text -->        <\/div>\n                        <\/div>\n        <\/div>\n                        <div  data-css_id=\"ogj1050\" data-lazy=\"1\" class=\"module_row themify_builder_row fullwidth_row_container tb_ogj1050 tf_w\">\n                        <div class=\"row_inner col_align_top tb_col_count_1 tf_box tf_rel\">\n                        <div  data-lazy=\"1\" class=\"module_column tb-column col-full tb_vhk5088 first\">\n                    <!-- module text -->\n<div  class=\"module module-text tb_re3r555  repeat \" data-lazy=\"1\">\n        <div  class=\"tb_text_wrap\">\n        <h2 style=\"text-align: center;\">Les conf\u00e9rences ont \u00e9t\u00e9 enregistr\u00e9es et sont disponibles \u00e0 la r\u00e9\u00e9coute.<\/h2>\n<h2 style=\"text-align: center;\">Merci \u00e0 tous les participants<\/h2>    <\/div>\n<\/div>\n<!-- \/module text --><!-- module image -->\n<div  class=\"module module-image tb_k64j118 image-center rounded  tf_mw\" data-lazy=\"1\">\n        <div class=\"image-wrap tf_rel tf_mw\">\n            <img data-recalc-dims=\"1\" decoding=\"async\" src=\"https:\/\/i0.wp.com\/lhommevrai-diffusion.com\/OHV\/wp-content\/uploads\/2018\/02\/Conf%C3%A9rences-t%C3%A9l%C3%A9phoniques-2017-Place-%C3%A0-laction.jpg?w=500\"  title=\"Les conf\u00e9rences t\u00e9l\u00e9phoniques 2017\" alt=\"Les conf\u00e9rences t\u00e9l\u00e9phoniques 2017\">    \n        <\/div>\n    <!-- \/image-wrap -->\n    \n        <\/div>\n<!-- \/module image -->        <div  data-lazy=\"1\" class=\"module_subrow themify_builder_sub_row tf_w col_align_top tb_col_count_3 tb_2ny7228\">\n                <div  data-lazy=\"1\" class=\"module_column sub_column col3-1 tb_i95q408 first\">\n                    <!-- module feature -->\n<div  class=\"module module-feature tb_f239000 with-chart layout-icon-top size-large \" data-layout-mobile=\"icon-top\" data-layout-desktop=\"icon-top\" data-lazy=\"1\">\n        <div class=\"module-feature-image tf_textc tf_rel\">\n                            <span class=\"module-feature-chart-html5 tf_box tf_rel tf_inline_b\">\n                                    <svg class=\"tf_abs tf_w tf_h\">\n                    <circle class=\"tb_feature_fill\" r=\"calc(50% - 1.50px)\" cx=\"50%\" cy=\"50%\" stroke-width=\"3\"\/>\n                    <circle class=\"tb_feature_stroke\" r=\"calc(50% - 1.50px)\" cx=\"50%\" cy=\"50%\" stroke=\"#1babb8\" stroke-width=\"3\" data-progress=\"100\" stroke-dasharray=\"0,10000\"\/>\n                                        <\/svg>\n                                <span class=\"chart-html5-circle tf_w tf_h\">\n                                            <em class=\"module-feature-icon tf_rel\" style=\"color:#1babb8\"><svg  class=\"tf_fa tf-far-clock-o\" aria-hidden=\"true\"><use href=\"#tf-far-clock-o\"><\/use><\/svg><\/em>\n                                    <\/span>\n\n                \n            <\/span>\n                <\/div>\n    <div class=\"module-feature-content tf_textc\">\n                    <h3 class=\"module-feature-title\">\n                            Cycle de 12 conf\u00e9rences                        <\/h3>\n                    <div class=\"tb_text_wrap\">\n            <h4>Plus de 12h d&#8217;\u00e9coute<\/h4>        <\/div>\n    <\/div>\n<\/div>\n<!-- \/module feature -->\n        <\/div>\n                    <div  data-lazy=\"1\" class=\"module_column sub_column col3-1 tb_tflu885\">\n                    <!-- module image -->\n<div  class=\"module module-image tb_l2ip503 image-top   tf_mw\" data-lazy=\"1\">\n        <div class=\"image-wrap tf_rel tf_mw\">\n            <img data-recalc-dims=\"1\" loading=\"lazy\" decoding=\"async\" src=\"https:\/\/i0.wp.com\/themify.me\/demo\/themes\/ultra\/files\/2015\/04\/3791963712_cca06f69cc.jpg?resize=500%2C500&#038;ssl=1\" width=\"500\" height=\"500\" title=\"Les conf\u00e9rences t\u00e9l\u00e9phoniques 2017\" alt=\"Les conf\u00e9rences t\u00e9l\u00e9phoniques 2017\">    \n        <\/div>\n    <!-- \/image-wrap -->\n    \n        <\/div>\n<!-- \/module image -->        <\/div>\n                    <div  data-lazy=\"1\" class=\"module_column sub_column col3-1 tb_82wg855 last\">\n                    <!-- module feature -->\n<div  class=\"module module-feature tb_ryt1185 with-chart layout-icon-top size-large \" data-layout-mobile=\"icon-top\" data-layout-desktop=\"icon-top\" data-lazy=\"1\">\n        <div class=\"module-feature-image tf_textc tf_rel\">\n                            <a href=\"http:\/\/lhommevrai-diffusion.com\/OHV\/courses\/cycle-de-conferences-place-a-laction-2017\/\" aria-label=\"INSCRIPTION\">\n                        <span class=\"module-feature-chart-html5 tf_box tf_rel tf_inline_b\">\n                                    <svg class=\"tf_abs tf_w tf_h\">\n                    <circle class=\"tb_feature_fill\" r=\"calc(50% - 1.50px)\" cx=\"50%\" cy=\"50%\" stroke-width=\"3\"\/>\n                    <circle class=\"tb_feature_stroke\" r=\"calc(50% - 1.50px)\" cx=\"50%\" cy=\"50%\" stroke=\"#ed7a07\" stroke-width=\"3\" data-progress=\"100\" stroke-dasharray=\"0,10000\"\/>\n                                        <\/svg>\n                                <span class=\"chart-html5-circle tf_w tf_h\">\n                                            <em class=\"module-feature-icon tf_rel\" style=\"color:#ed7a07\"><svg  class=\"tf_fa tf-fas-caret-square-o-right\" aria-hidden=\"true\"><use href=\"#tf-fas-caret-square-o-right\"><\/use><\/svg><\/em>\n                                    <\/span>\n\n                \n            <\/span>\n                        <\/a>\n            <\/div>\n    <div class=\"module-feature-content tf_textc\">\n                    <h3 class=\"module-feature-title\">\n                            <a href=\"http:\/\/lhommevrai-diffusion.com\/OHV\/courses\/cycle-de-conferences-place-a-laction-2017\/\" aria-label=\"INSCRIPTION\">INSCRIPTION<\/a>\n                        <\/h3>\n                    <div class=\"tb_text_wrap\">\n                    <\/div>\n    <\/div>\n<\/div>\n<!-- \/module feature -->\n        <\/div>\n                    <\/div>\n                <\/div>\n                        <\/div>\n        <\/div>\n        <\/div>\n<!--\/themify_builder_content-->","protected":false},"excerpt":{"rendered":"<p>Les 12 conf\u00e9rences de 2017 : Place \u00e0 l&#8217;action Depuis 2005 Christophe Yann fait passer un message simple qui incite \u00e0 passer \u00e0 l\u2019action. En d\u00e9cembre 2016 alors qu\u2019il travaillait en tant que consultant pour un grand restaurant \u00e0 La R\u00e9union, il remarque le comportement \u00e9trange d\u2019un cuisinier. Ils se c\u00f4toient depuis plusieurs semaines, travaillent [&hellip;]<\/p>\n","protected":false},"author":1,"featured_media":0,"parent":4456,"menu_order":0,"comment_status":"closed","ping_status":"closed","template":"","meta":{"_bbp_topic_count":0,"_bbp_reply_count":0,"_bbp_total_topic_count":0,"_bbp_total_reply_count":0,"_bbp_voice_count":0,"_bbp_anonymous_reply_count":0,"_bbp_topic_count_hidden":0,"_bbp_reply_count_hidden":0,"_bbp_forum_subforum_count":0,"jetpack_post_was_ever_published":false,"footnotes":""},"class_list":["post-5171","page","type-page","status-publish","hentry","has-post-title","has-post-date","has-post-category","has-post-tag","has-post-comment","has-post-author",""],"jetpack_shortlink":"https:\/\/wp.me\/P77fPY-1lp","jetpack_sharing_enabled":true,"_links":{"self":[{"href":"https:\/\/lhommevrai-diffusion.com\/OHV\/wp-json\/wp\/v2\/pages\/5171","targetHints":{"allow":["GET"]}}],"collection":[{"href":"https:\/\/lhommevrai-diffusion.com\/OHV\/wp-json\/wp\/v2\/pages"}],"about":[{"href":"https:\/\/lhommevrai-diffusion.com\/OHV\/wp-json\/wp\/v2\/types\/page"}],"author":[{"embeddable":true,"href":"https:\/\/lhommevrai-diffusion.com\/OHV\/wp-json\/wp\/v2\/users\/1"}],"replies":[{"embeddable":true,"href":"https:\/\/lhommevrai-diffusion.com\/OHV\/wp-json\/wp\/v2\/comments?post=5171"}],"version-history":[{"count":29,"href":"https:\/\/lhommevrai-diffusion.com\/OHV\/wp-json\/wp\/v2\/pages\/5171\/revisions"}],"predecessor-version":[{"id":6115,"href":"https:\/\/lhommevrai-diffusion.com\/OHV\/wp-json\/wp\/v2\/pages\/5171\/revisions\/6115"}],"up":[{"embeddable":true,"href":"https:\/\/lhommevrai-diffusion.com\/OHV\/wp-json\/wp\/v2\/pages\/4456"}],"wp:attachment":[{"href":"https:\/\/lhommevrai-diffusion.com\/OHV\/wp-json\/wp\/v2\/media?parent=5171"}],"curies":[{"name":"wp","href":"https:\/\/api.w.org\/{rel}","templated":true}]}}