{"id":5348,"date":"2017-11-30T18:26:28","date_gmt":"2017-11-30T17:26:28","guid":{"rendered":"http:\/\/lhommevrai-diffusion.com\/OHV\/?page_id=5348"},"modified":"2019-06-22T13:47:18","modified_gmt":"2019-06-22T11:47:18","slug":"rencontres-au-jardin-le-spectacle","status":"publish","type":"page","link":"https:\/\/lhommevrai-diffusion.com\/OHV\/rencontres-au-jardin-le-spectacle\/","title":{"rendered":"Rencontres au jardin &#8211; Le spectacle"},"content":{"rendered":"<!--themify_builder_content-->\n<div id=\"themify_builder_content-5348\" data-postid=\"5348\" class=\"themify_builder_content themify_builder_content-5348 themify_builder tf_clear\">\n                    <div  data-css_id=\"c0nz217\" data-lazy=\"1\" class=\"module_row themify_builder_row fullwidth tb_c0nz217 tb_first tf_w\">\n                        <div class=\"row_inner col_align_top tb_col_count_1 tf_box tf_rel\">\n                        <div  data-lazy=\"1\" class=\"module_column tb-column col-full tb_yn6t230 first\">\n                            <div  data-lazy=\"1\" class=\"module_subrow themify_builder_sub_row tf_w gutter-none col_align_top tb_col_count_2 tb_blo6233\">\n                <div  data-lazy=\"1\" class=\"module_column sub_column col4-2 tb_u84v236 first\">\n                    <!-- module text -->\n<div  class=\"module module-text tb_59v4243  repeat \" data-lazy=\"1\">\n        <div  class=\"tb_text_wrap\">\n        <h1>RENCONTRES AU JARDIN<br \/>CONTE MUSICAL<br \/>DE DELPHINE BASSOLS<\/h1>    <\/div>\n<\/div>\n<!-- \/module text -->        <\/div>\n                    <div  data-lazy=\"1\" class=\"module_column sub_column col4-2 tb_u1ay242 last\">\n                    <!-- module image -->\n<div  class=\"module module-image tb_4tl8244 image-top   auto_fullwidth tf_mw\" data-lazy=\"1\">\n        <div class=\"image-wrap tf_rel tf_mw\">\n            <img data-recalc-dims=\"1\" loading=\"lazy\" decoding=\"async\" src=\"https:\/\/i0.wp.com\/lhommevrai-diffusion.com\/OHV\/wp-content\/uploads\/2017\/11\/19399648_1854817154836953_2053239947901272010_n.jpg?resize=740%2C1100&#038;ssl=1\" width=\"740\" height=\"1100\" class=\"wp-post-image wp-image-5354\" title=\"19399648_1854817154836953_2053239947901272010_n\" alt=\"19399648_1854817154836953_2053239947901272010_n\">    \n        <\/div>\n    <!-- \/image-wrap -->\n    \n        <\/div>\n<!-- \/module image -->        <\/div>\n                    <\/div>\n                <div  data-lazy=\"1\" class=\"module_subrow themify_builder_sub_row tf_w gutter-none col_align_top tb_col_count_2 tb_ose5246\">\n                <div  data-lazy=\"1\" class=\"module_column sub_column col4-2 tb_6o5q247 first\">\n                    <!-- module text -->\n<div  class=\"module module-text tb_5vab248  repeat \" data-lazy=\"1\">\n        <div  class=\"tb_text_wrap\">\n        <h4><b>Spectacle cont\u00e9, chant\u00e9 et marionnettes<\/b><\/h4>\n<h1>Adapt\u00e9 des albums \u00ab Rencontres au jardin\u00bb tome 1 et 2<\/h1>    <\/div>\n<\/div>\n<!-- \/module text --><!-- module icon -->\n<div  class=\"module module-icon tb_rp6o248  xlarge none icon_horizontal \" data-lazy=\"1\">\n\t\t\t<div class=\"module-icon-item\">\n\t\t\t\t\t\t\t<a href=\"https:\/\/www.facebook.com\/contemusicalrencontresaujardin\/\" rel=\"noopener\" target=\"_blank\">\n\t\t\t\t\t\t\t\t\t\t\t\t\t\t\t\t\t<em class=\"tf_boxbrown\"\n\t\t\t\t\t\t\t\t\t\t\t\t\t\t\t\t\t><svg  class=\"tf_fa tf-fab-facebook-square\" aria-hidden=\"true\"><use href=\"#tf-fab-facebook-square\"><\/use><\/svg><\/em>\n\t\t\t\t\t\t\t\t\t\t\t\t\t\t\t\t<\/a>\n\t\t\t\t\t<\/div>\n\t<\/div>\n<!-- \/module icon -->\n<!-- module image -->\n<div  class=\"module module-image tb_c8gd252 image-center   tf_mw\" data-lazy=\"1\">\n        <div class=\"image-wrap tf_rel tf_mw\">\n            <img data-recalc-dims=\"1\" loading=\"lazy\" decoding=\"async\" src=\"https:\/\/i0.wp.com\/lhommevrai-diffusion.com\/OHV\/wp-content\/uploads\/2015\/08\/recontres-au-jardin-tome-1-cover-front.jpg?resize=670%2C670&#038;ssl=1\" width=\"670\" height=\"670\" class=\"wp-post-image wp-image-4374\" title=\"recontres au jardin tome 1 cover front\" alt=\"recontres au jardin tome 1 cover front\" srcset=\"https:\/\/i0.wp.com\/lhommevrai-diffusion.com\/OHV\/wp-content\/uploads\/2015\/08\/recontres-au-jardin-tome-1-cover-front.jpg?resize=670%2C670&amp;ssl=1 670w, https:\/\/i0.wp.com\/lhommevrai-diffusion.com\/OHV\/wp-content\/uploads\/2015\/08\/recontres-au-jardin-tome-1-cover-front.jpg?resize=150%2C150&amp;ssl=1 150w, https:\/\/i0.wp.com\/lhommevrai-diffusion.com\/OHV\/wp-content\/uploads\/2015\/08\/recontres-au-jardin-tome-1-cover-front.jpg?resize=300%2C300&amp;ssl=1 300w, https:\/\/i0.wp.com\/lhommevrai-diffusion.com\/OHV\/wp-content\/uploads\/2015\/08\/recontres-au-jardin-tome-1-cover-front.jpg?resize=600%2C600&amp;ssl=1 600w, https:\/\/i0.wp.com\/lhommevrai-diffusion.com\/OHV\/wp-content\/uploads\/2015\/08\/recontres-au-jardin-tome-1-cover-front.jpg?resize=60%2C60&amp;ssl=1 60w, https:\/\/i0.wp.com\/lhommevrai-diffusion.com\/OHV\/wp-content\/uploads\/2015\/08\/recontres-au-jardin-tome-1-cover-front.jpg?resize=200%2C200&amp;ssl=1 200w, https:\/\/i0.wp.com\/lhommevrai-diffusion.com\/OHV\/wp-content\/uploads\/2015\/08\/recontres-au-jardin-tome-1-cover-front.jpg?resize=450%2C450&amp;ssl=1 450w, https:\/\/i0.wp.com\/lhommevrai-diffusion.com\/OHV\/wp-content\/uploads\/2015\/08\/recontres-au-jardin-tome-1-cover-front.jpg?resize=500%2C500&amp;ssl=1 500w, https:\/\/i0.wp.com\/lhommevrai-diffusion.com\/OHV\/wp-content\/uploads\/2015\/08\/recontres-au-jardin-tome-1-cover-front.jpg?resize=270%2C270&amp;ssl=1 270w, https:\/\/i0.wp.com\/lhommevrai-diffusion.com\/OHV\/wp-content\/uploads\/2015\/08\/recontres-au-jardin-tome-1-cover-front.jpg?resize=65%2C65&amp;ssl=1 65w, https:\/\/i0.wp.com\/lhommevrai-diffusion.com\/OHV\/wp-content\/uploads\/2015\/08\/recontres-au-jardin-tome-1-cover-front.jpg?resize=340%2C340&amp;ssl=1 340w, https:\/\/i0.wp.com\/lhommevrai-diffusion.com\/OHV\/wp-content\/uploads\/2015\/08\/recontres-au-jardin-tome-1-cover-front.jpg?resize=978%2C978&amp;ssl=1 978w, https:\/\/i0.wp.com\/lhommevrai-diffusion.com\/OHV\/wp-content\/uploads\/2015\/08\/recontres-au-jardin-tome-1-cover-front.jpg?resize=260%2C260&amp;ssl=1 260w, https:\/\/i0.wp.com\/lhommevrai-diffusion.com\/OHV\/wp-content\/uploads\/2015\/08\/recontres-au-jardin-tome-1-cover-front.jpg?resize=400%2C400&amp;ssl=1 400w, https:\/\/i0.wp.com\/lhommevrai-diffusion.com\/OHV\/wp-content\/uploads\/2015\/08\/recontres-au-jardin-tome-1-cover-front.jpg?resize=47%2C48&amp;ssl=1 47w, https:\/\/i0.wp.com\/lhommevrai-diffusion.com\/OHV\/wp-content\/uploads\/2015\/08\/recontres-au-jardin-tome-1-cover-front.jpg?w=790&amp;ssl=1 790w\" sizes=\"auto, (max-width: 670px) 100vw, 670px\" \/>    \n        <\/div>\n    <!-- \/image-wrap -->\n    \n        <\/div>\n<!-- \/module image -->        <\/div>\n                    <div  data-lazy=\"1\" class=\"module_column sub_column col4-2 tb_2any249 last\">\n                    <!-- module image -->\n<div  class=\"module module-image tb_kywh249 image-top   tf_mw\" data-lazy=\"1\">\n        <div class=\"image-wrap tf_rel tf_mw\">\n            <img data-recalc-dims=\"1\" loading=\"lazy\" decoding=\"async\" src=\"https:\/\/i0.wp.com\/lhommevrai-diffusion.com\/OHV\/wp-content\/uploads\/2016\/05\/1ere-de-couverture-tome-2.jpg?resize=570%2C570&#038;ssl=1\" width=\"570\" height=\"570\" class=\"wp-post-image wp-image-4645\" title=\"Rencontres au jardin tome 2\" alt=\"Rencontres au jardin tome 2\" srcset=\"https:\/\/i0.wp.com\/lhommevrai-diffusion.com\/OHV\/wp-content\/uploads\/2016\/05\/1ere-de-couverture-tome-2.jpg?resize=570%2C570&amp;ssl=1 570w, https:\/\/i0.wp.com\/lhommevrai-diffusion.com\/OHV\/wp-content\/uploads\/2016\/05\/1ere-de-couverture-tome-2.jpg?resize=150%2C149&amp;ssl=1 150w, https:\/\/i0.wp.com\/lhommevrai-diffusion.com\/OHV\/wp-content\/uploads\/2016\/05\/1ere-de-couverture-tome-2.jpg?resize=300%2C299&amp;ssl=1 300w, https:\/\/i0.wp.com\/lhommevrai-diffusion.com\/OHV\/wp-content\/uploads\/2016\/05\/1ere-de-couverture-tome-2.jpg?resize=768%2C766&amp;ssl=1 768w, https:\/\/i0.wp.com\/lhommevrai-diffusion.com\/OHV\/wp-content\/uploads\/2016\/05\/1ere-de-couverture-tome-2.jpg?resize=60%2C60&amp;ssl=1 60w, https:\/\/i0.wp.com\/lhommevrai-diffusion.com\/OHV\/wp-content\/uploads\/2016\/05\/1ere-de-couverture-tome-2.jpg?resize=200%2C199&amp;ssl=1 200w, https:\/\/i0.wp.com\/lhommevrai-diffusion.com\/OHV\/wp-content\/uploads\/2016\/05\/1ere-de-couverture-tome-2.jpg?resize=450%2C449&amp;ssl=1 450w, https:\/\/i0.wp.com\/lhommevrai-diffusion.com\/OHV\/wp-content\/uploads\/2016\/05\/1ere-de-couverture-tome-2.jpg?resize=270%2C269&amp;ssl=1 270w, https:\/\/i0.wp.com\/lhommevrai-diffusion.com\/OHV\/wp-content\/uploads\/2016\/05\/1ere-de-couverture-tome-2.jpg?resize=65%2C65&amp;ssl=1 65w, https:\/\/i0.wp.com\/lhommevrai-diffusion.com\/OHV\/wp-content\/uploads\/2016\/05\/1ere-de-couverture-tome-2.jpg?resize=260%2C259&amp;ssl=1 260w, https:\/\/i0.wp.com\/lhommevrai-diffusion.com\/OHV\/wp-content\/uploads\/2016\/05\/1ere-de-couverture-tome-2.jpg?resize=47%2C48&amp;ssl=1 47w, https:\/\/i0.wp.com\/lhommevrai-diffusion.com\/OHV\/wp-content\/uploads\/2016\/05\/1ere-de-couverture-tome-2.jpg?w=792&amp;ssl=1 792w\" sizes=\"auto, (max-width: 570px) 100vw, 570px\" \/>    \n        <\/div>\n    <!-- \/image-wrap -->\n    \n        <\/div>\n<!-- \/module image --><!-- module text -->\n<div  class=\"module module-text tb_e4gg254  repeat \" data-lazy=\"1\">\n        <div  class=\"tb_text_wrap\">\n        <h3 style=\\\"text-align: left;\\\">Dur\u00e9e : 40 mn<\/h3>\n<h3 style=\\\"text-align: left;\\\">Public : \u00e0 partir de 4 ans et sans limite d\u2019\u00e2ge <br \/>(le spectacle offre divers degr\u00e9s de compr\u00e9hension).\u00a0<\/h3>    <\/div>\n<\/div>\n<!-- \/module text -->        <\/div>\n                    <\/div>\n                <div  data-lazy=\"1\" class=\"module_subrow themify_builder_sub_row tf_w gutter-none col_align_top tb_col_count_1 tb_qgru250\">\n                <div  data-lazy=\"1\" class=\"module_column sub_column col-full tb_at0h251 first\">\n                            <\/div>\n                    <\/div>\n                <\/div>\n                        <\/div>\n        <\/div>\n                        <div  data-parallax-bg=\"desktop\" data-css_id=\"3na8217\" data-lazy=\"1\" class=\"module_row themify_builder_row fullwidth_row_container tb_3na8217 tf_w\">\n            <span  class=\"builder_row_cover tf_abs\" data-lazy=\"1\"><\/span>            <div class=\"row_inner col_align_top tb_col_count_1 tf_box tf_rel\">\n                        <div  data-lazy=\"1\" class=\"module_column tb-column col-full tb_n2ym259 first\">\n                            <div  data-lazy=\"1\" class=\"module_subrow themify_builder_sub_row tf_w gutter-none col_align_top tb_col_count_2 tb_yhyi260\">\n                <div  data-lazy=\"1\" class=\"module_column sub_column col4-2 tb_rq58261 first\">\n                    <!-- module image -->\n<div  class=\"module module-image tb_aosq262 image-center   tf_mw\" data-lazy=\"1\">\n        <div class=\"image-wrap tf_rel tf_mw\">\n            <img data-recalc-dims=\"1\" loading=\"lazy\" decoding=\"async\" src=\"https:\/\/i0.wp.com\/lhommevrai-diffusion.com\/OHV\/wp-content\/uploads\/2017\/11\/18922569_1846590092326326_751827980795551797_o.jpg?resize=600%2C600&#038;ssl=1\" width=\"600\" height=\"600\" class=\"wp-post-image wp-image-5355\" title=\"18922569_1846590092326326_751827980795551797_o\" alt=\"18922569_1846590092326326_751827980795551797_o\" srcset=\"https:\/\/i0.wp.com\/lhommevrai-diffusion.com\/OHV\/wp-content\/uploads\/2017\/11\/18922569_1846590092326326_751827980795551797_o.jpg?resize=600%2C600&amp;ssl=1 600w, https:\/\/i0.wp.com\/lhommevrai-diffusion.com\/OHV\/wp-content\/uploads\/2017\/11\/18922569_1846590092326326_751827980795551797_o.jpg?resize=150%2C150&amp;ssl=1 150w\" sizes=\"auto, (max-width: 600px) 100vw, 600px\" \/>    \n        <\/div>\n    <!-- \/image-wrap -->\n    \n        <\/div>\n<!-- \/module image -->        <\/div>\n                    <div  data-lazy=\"1\" class=\"module_column sub_column col4-2 tb_t40q262 last\">\n                    <!-- module text -->\n<div  class=\"module module-text tb_58u6263  repeat \" data-lazy=\"1\">\n        <div  class=\"tb_text_wrap\">\n        <h3>Spectacle riche en messages et en \u00e9motions<\/h3>    <\/div>\n<\/div>\n<!-- \/module text -->        <\/div>\n                    <\/div>\n                <\/div>\n                        <\/div>\n        <\/div>\n                        <div  data-lazy=\"1\" class=\"module_row themify_builder_row tb_c1ox218 tf_w\">\n                        <div class=\"row_inner col_align_top tb_col_count_1 tf_box tf_rel\">\n                        <div  data-lazy=\"1\" class=\"module_column tb-column col-full tb_rm92265 first\">\n                    <!-- module video -->\n<div  class=\"module module-video tb_hsuq265 video-overlay  \" data-lazy=\"1\">\n                    <div class=\"video-wrap-outer\">\n            <div class=\"video-wrap tf_rel tf_overflow\">\n                                    <noscript><iframe data-no-script src=\"https:\/\/www.youtube.com\/embed\/Lzs68VzrRZY?pip=1&#038;playsinline=1\" allow=\"accelerometer;encrypted-media;gyroscope;picture-in-picture;fullscreen\" class=\"tf_abs tf_w tf_h\"><\/iframe><\/noscript>\n                                <\/div>\n            <!-- \/video-wrap -->\n        <\/div>\n        <!-- \/video-wrap-outer -->\n            <\/div>\n        <\/div>\n                        <\/div>\n        <\/div>\n                        <div  data-lazy=\"1\" class=\"module_row themify_builder_row tb_fcfi218 tf_w\">\n                        <div class=\"row_inner col_align_top tb_col_count_1 tf_box tf_rel\">\n                        <div  data-lazy=\"1\" class=\"module_column tb-column col-full tb_z3ey266 first\">\n                    <!-- module feature -->\n<div  class=\"module module-feature tb_heir267 with-chart layout-icon-top size-small \" data-layout-mobile=\"icon-top\" data-layout-desktop=\"icon-top\" data-lazy=\"1\">\n        <div class=\"module-feature-image tf_textc tf_rel\">\n                            <span class=\"module-feature-chart-html5 tf_box tf_rel tf_inline_b\">\n                                    <svg class=\"tf_abs tf_w tf_h\">\n                    <circle class=\"tb_feature_fill\" r=\"calc(50% - 1.00px)\" cx=\"50%\" cy=\"50%\" stroke-width=\"2\"\/>\n                    <circle class=\"tb_feature_stroke\" r=\"calc(50% - 1.00px)\" cx=\"50%\" cy=\"50%\" stroke=\"#a50eeb\" stroke-width=\"2\" data-progress=\"100\" stroke-dasharray=\"0,10000\"\/>\n                                        <\/svg>\n                                <span class=\"chart-html5-circle tf_w tf_h\">\n                                            <em class=\"module-feature-icon tf_rel\"><svg  class=\"tf_fa tf-far-envelope-o\" aria-hidden=\"true\"><use href=\"#tf-far-envelope-o\"><\/use><\/svg><\/em>\n                                    <\/span>\n\n                \n            <\/span>\n                <\/div>\n    <div class=\"module-feature-content tf_textc\">\n                    <h3 class=\"module-feature-title\">\n                            Contactez-nous                        <\/h3>\n                    <div class=\"tb_text_wrap\">\n            <h4>pour en savoir plus sur le spectacle et recevoir la fiche technique.<\/h4>\n<p>hommevrai@gmail.com<\/p>        <\/div>\n    <\/div>\n<\/div>\n<!-- \/module feature -->\n        <\/div>\n                        <\/div>\n        <\/div>\n        <\/div>\n<!--\/themify_builder_content-->","protected":false},"excerpt":{"rendered":"<p>RENCONTRES AU JARDINCONTE MUSICALDE DELPHINE BASSOLS Spectacle cont\u00e9, chant\u00e9 et marionnettes Adapt\u00e9 des albums \u00ab Rencontres au jardin\u00bb tome 1 et 2 Dur\u00e9e : 40 mn Public : \u00e0 partir de 4 ans et sans limite d\u2019\u00e2ge (le spectacle offre divers degr\u00e9s de compr\u00e9hension).\u00a0 Spectacle riche en messages et en \u00e9motions Contactez-nous pour en savoir [&hellip;]<\/p>\n","protected":false},"author":1,"featured_media":0,"parent":0,"menu_order":0,"comment_status":"closed","ping_status":"closed","template":"","meta":{"_bbp_topic_count":0,"_bbp_reply_count":0,"_bbp_total_topic_count":0,"_bbp_total_reply_count":0,"_bbp_voice_count":0,"_bbp_anonymous_reply_count":0,"_bbp_topic_count_hidden":0,"_bbp_reply_count_hidden":0,"_bbp_forum_subforum_count":0,"jetpack_post_was_ever_published":false,"footnotes":""},"class_list":["post-5348","page","type-page","status-publish","hentry","has-post-title","has-post-date","has-post-category","has-post-tag","has-post-comment","has-post-author",""],"jetpack_shortlink":"https:\/\/wp.me\/P77fPY-1og","jetpack_sharing_enabled":true,"_links":{"self":[{"href":"https:\/\/lhommevrai-diffusion.com\/OHV\/wp-json\/wp\/v2\/pages\/5348","targetHints":{"allow":["GET"]}}],"collection":[{"href":"https:\/\/lhommevrai-diffusion.com\/OHV\/wp-json\/wp\/v2\/pages"}],"about":[{"href":"https:\/\/lhommevrai-diffusion.com\/OHV\/wp-json\/wp\/v2\/types\/page"}],"author":[{"embeddable":true,"href":"https:\/\/lhommevrai-diffusion.com\/OHV\/wp-json\/wp\/v2\/users\/1"}],"replies":[{"embeddable":true,"href":"https:\/\/lhommevrai-diffusion.com\/OHV\/wp-json\/wp\/v2\/comments?post=5348"}],"version-history":[{"count":23,"href":"https:\/\/lhommevrai-diffusion.com\/OHV\/wp-json\/wp\/v2\/pages\/5348\/revisions"}],"predecessor-version":[{"id":6687,"href":"https:\/\/lhommevrai-diffusion.com\/OHV\/wp-json\/wp\/v2\/pages\/5348\/revisions\/6687"}],"wp:attachment":[{"href":"https:\/\/lhommevrai-diffusion.com\/OHV\/wp-json\/wp\/v2\/media?parent=5348"}],"curies":[{"name":"wp","href":"https:\/\/api.w.org\/{rel}","templated":true}]}}