{"id":5370,"date":"2017-12-01T16:49:31","date_gmt":"2017-12-01T15:49:31","guid":{"rendered":"http:\/\/lhommevrai-diffusion.com\/OHV\/?page_id=5370"},"modified":"2019-06-22T13:34:07","modified_gmt":"2019-06-22T11:34:07","slug":"livres-jeunesse","status":"publish","type":"page","link":"https:\/\/lhommevrai-diffusion.com\/OHV\/livres-jeunesse\/","title":{"rendered":"Livres jeunesse"},"content":{"rendered":"<!--themify_builder_content-->\n<div id=\"themify_builder_content-5370\" data-postid=\"5370\" class=\"themify_builder_content themify_builder_content-5370 themify_builder tf_clear\">\n                    <div  data-css_id=\"te3w506\" data-lazy=\"1\" class=\"module_row themify_builder_row fullwidth_row_container tb_te3w506 tb_first tf_w\">\n            <span  class=\"builder_row_cover tf_abs\" data-lazy=\"1\"><\/span>            <div class=\"row_inner col_align_top tb_col_count_1 tf_box tf_rel\">\n                        <div  data-lazy=\"1\" class=\"module_column tb-column col-full tb_bt1z522 first\">\n                    <!-- module text -->\n<div  class=\"module module-text tb_zt1r525  repeat  wow\" data-tf-animation=\"fadeInUp\" data-lazy=\"1\">\n        <div  class=\"tb_text_wrap\">\n        <h1>Livres jeunesse<\/h1>    <\/div>\n<\/div>\n<!-- \/module text --><!-- module divider -->\n<div  class=\"module tf_mw module-divider tb_y3kw527 solid  divider-custom divider-center\" style=\"border-width: 1px;border-color: #ffffff;margin-top: 20px;margin-bottom: 40px;max-width: 100px;\" data-lazy=\"1\">\n    <\/div>\n<!-- \/module divider -->\n<!-- module text -->\n<div  class=\"module module-text tb_7chs528  repeat  wow\" data-tf-animation=\"fadeInUp\" data-lazy=\"1\">\n        <div  class=\"tb_text_wrap\">\n        <h3>Nos auteures ont eu de belles id\u00e9es pour partager avec vos enfants<\/h3>    <\/div>\n<\/div>\n<!-- \/module text -->        <\/div>\n                        <\/div>\n        <\/div>\n                        <div  data-css_id=\"2xcg507\" data-lazy=\"1\" class=\"module_row themify_builder_row fullwidth tb_2xcg507 tf_w\">\n                        <div class=\"row_inner gutter-none col_align_top tb_col_count_2 tf_box tf_rel\">\n                        <div  data-lazy=\"1\" class=\"module_column tb-column col4-2 tb_61mg533 first\">\n        <span  class=\"builder_row_cover tf_abs\" data-lazy=\"1\"><\/span>            <!-- module text -->\n<div  class=\"module module-text tb_i65p535  repeat \" data-lazy=\"1\">\n        <div  class=\"tb_text_wrap\">\n        <h1>Rencontres<br \/>au jardin<\/h1>\n<h3><em>de Delphine Bassols<\/em><\/h3>    <\/div>\n<\/div>\n<!-- \/module text --><!-- module buttons -->\n<div  class=\"module module-buttons tb_b0ua536 buttons-horizontal solid  squared\" data-lazy=\"1\">\n        <div class=\"module-buttons-item tf_in_flx\">\n                        <a href=\"https:\/\/lhommevrai-diffusion.com\/OHV\/rencontres-au-jardin-tome-1\/\" class=\"ui builder_button tf_in_flx green\" target=\"_blank\" rel=\"noopener\">\n                                                Voir le Tome 1                                        <\/a>\n                <\/div>\n            <\/div>\n<!-- \/module buttons -->\n<!-- module buttons -->\n<div  class=\"module module-buttons tb_qluz537 buttons-horizontal solid  squared\" data-lazy=\"1\">\n        <div class=\"module-buttons-item tf_in_flx\">\n                        <a href=\"https:\/\/lhommevrai-diffusion.com\/OHV\/rencontres-au-jardin-tome-2\/\" class=\"ui builder_button tf_in_flx green\" target=\"_blank\" rel=\"noopener\">\n                                                Voir le Tome 2                                        <\/a>\n                <\/div>\n            <\/div>\n<!-- \/module buttons -->\n        <\/div>\n                    <div  data-lazy=\"1\" class=\"module_column tb-column col4-2 tb_bmug538 last\">\n                    <!-- module image -->\n<div  class=\"module module-image tb_rc5j540 image-top   auto_fullwidth tf_mw\" data-lazy=\"1\" data-parallax-element-speed=\"4\" data-lax-translate-y=\"vh 1,0 -250\" data-lax=\"true\">\n        <div class=\"image-wrap tf_rel tf_mw\">\n            <img data-recalc-dims=\"1\" loading=\"lazy\" decoding=\"async\" src=\"https:\/\/i0.wp.com\/lhommevrai-diffusion.com\/OHV\/wp-content\/uploads\/2015\/08\/recontres-au-jardin-tome-1-cover-front.jpg?resize=400%2C400&#038;ssl=1\" width=\"400\" height=\"400\" class=\"wp-post-image wp-image-4374\" title=\"recontres au jardin tome 1 cover front\" alt=\"recontres au jardin tome 1 cover front\" srcset=\"https:\/\/i0.wp.com\/lhommevrai-diffusion.com\/OHV\/wp-content\/uploads\/2015\/08\/recontres-au-jardin-tome-1-cover-front.jpg?resize=400%2C400&amp;ssl=1 400w, https:\/\/i0.wp.com\/lhommevrai-diffusion.com\/OHV\/wp-content\/uploads\/2015\/08\/recontres-au-jardin-tome-1-cover-front.jpg?resize=150%2C150&amp;ssl=1 150w, https:\/\/i0.wp.com\/lhommevrai-diffusion.com\/OHV\/wp-content\/uploads\/2015\/08\/recontres-au-jardin-tome-1-cover-front.jpg?resize=300%2C300&amp;ssl=1 300w, https:\/\/i0.wp.com\/lhommevrai-diffusion.com\/OHV\/wp-content\/uploads\/2015\/08\/recontres-au-jardin-tome-1-cover-front.jpg?resize=600%2C600&amp;ssl=1 600w, https:\/\/i0.wp.com\/lhommevrai-diffusion.com\/OHV\/wp-content\/uploads\/2015\/08\/recontres-au-jardin-tome-1-cover-front.jpg?resize=60%2C60&amp;ssl=1 60w, https:\/\/i0.wp.com\/lhommevrai-diffusion.com\/OHV\/wp-content\/uploads\/2015\/08\/recontres-au-jardin-tome-1-cover-front.jpg?resize=200%2C200&amp;ssl=1 200w, https:\/\/i0.wp.com\/lhommevrai-diffusion.com\/OHV\/wp-content\/uploads\/2015\/08\/recontres-au-jardin-tome-1-cover-front.jpg?resize=450%2C450&amp;ssl=1 450w, https:\/\/i0.wp.com\/lhommevrai-diffusion.com\/OHV\/wp-content\/uploads\/2015\/08\/recontres-au-jardin-tome-1-cover-front.jpg?resize=500%2C500&amp;ssl=1 500w, https:\/\/i0.wp.com\/lhommevrai-diffusion.com\/OHV\/wp-content\/uploads\/2015\/08\/recontres-au-jardin-tome-1-cover-front.jpg?resize=270%2C270&amp;ssl=1 270w, https:\/\/i0.wp.com\/lhommevrai-diffusion.com\/OHV\/wp-content\/uploads\/2015\/08\/recontres-au-jardin-tome-1-cover-front.jpg?resize=65%2C65&amp;ssl=1 65w, https:\/\/i0.wp.com\/lhommevrai-diffusion.com\/OHV\/wp-content\/uploads\/2015\/08\/recontres-au-jardin-tome-1-cover-front.jpg?resize=340%2C340&amp;ssl=1 340w, https:\/\/i0.wp.com\/lhommevrai-diffusion.com\/OHV\/wp-content\/uploads\/2015\/08\/recontres-au-jardin-tome-1-cover-front.jpg?resize=978%2C978&amp;ssl=1 978w, https:\/\/i0.wp.com\/lhommevrai-diffusion.com\/OHV\/wp-content\/uploads\/2015\/08\/recontres-au-jardin-tome-1-cover-front.jpg?resize=260%2C260&amp;ssl=1 260w, https:\/\/i0.wp.com\/lhommevrai-diffusion.com\/OHV\/wp-content\/uploads\/2015\/08\/recontres-au-jardin-tome-1-cover-front.jpg?resize=670%2C670&amp;ssl=1 670w, https:\/\/i0.wp.com\/lhommevrai-diffusion.com\/OHV\/wp-content\/uploads\/2015\/08\/recontres-au-jardin-tome-1-cover-front.jpg?resize=47%2C48&amp;ssl=1 47w, https:\/\/i0.wp.com\/lhommevrai-diffusion.com\/OHV\/wp-content\/uploads\/2015\/08\/recontres-au-jardin-tome-1-cover-front.jpg?w=790&amp;ssl=1 790w\" sizes=\"auto, (max-width: 400px) 100vw, 400px\" \/>    \n        <\/div>\n    <!-- \/image-wrap -->\n    \n        <\/div>\n<!-- \/module image -->        <\/div>\n                        <\/div>\n        <\/div>\n                        <div  data-css_id=\"3fut507\" data-lazy=\"1\" class=\"module_row themify_builder_row fullwidth tb_3fut507 tf_w\">\n                        <div class=\"row_inner gutter-none col_align_top tb_col_count_2 tf_box tf_rel\">\n                        <div  data-lazy=\"1\" class=\"module_column tb-column col4-2 tb_nncg542 first\">\n                    <!-- module image -->\n<div  class=\"module module-image tb_tl98542 image-top   auto_fullwidth tf_mw\" data-lazy=\"1\" data-parallax-element-speed=\"3\" data-lax-translate-y=\"vh 1,0 -180\" data-lax=\"true\">\n        <div class=\"image-wrap tf_rel tf_mw\">\n            <img data-recalc-dims=\"1\" loading=\"lazy\" decoding=\"async\" src=\"https:\/\/i0.wp.com\/lhommevrai-diffusion.com\/OHV\/wp-content\/uploads\/2016\/05\/1ere-de-couverture-tome-2.jpg?resize=821%2C802&#038;ssl=1\" width=\"821\" height=\"802\" class=\"wp-post-image wp-image-4645\" title=\"Rencontres au jardin tome 2\" alt=\"Rencontres au jardin tome 2\" srcset=\"https:\/\/i0.wp.com\/lhommevrai-diffusion.com\/OHV\/wp-content\/uploads\/2016\/05\/1ere-de-couverture-tome-2.jpg?resize=821%2C802&amp;ssl=1 821w, https:\/\/i0.wp.com\/lhommevrai-diffusion.com\/OHV\/wp-content\/uploads\/2016\/05\/1ere-de-couverture-tome-2.jpg?resize=60%2C60&amp;ssl=1 60w\" sizes=\"auto, (max-width: 821px) 100vw, 821px\" \/>    \n        <\/div>\n    <!-- \/image-wrap -->\n    \n        <\/div>\n<!-- \/module image -->        <\/div>\n                    <div  data-lazy=\"1\" class=\"module_column tb-column col4-2 tb_51u4543 last\">\n                    <!-- module text -->\n<div  class=\"module module-text tb_2hu2544  repeat \" data-lazy=\"1\">\n        <div  class=\"tb_text_wrap\">\n        <h2><em>Livres et musiques<\/em><\/h2>\n<h4><em>Les deux tomes de Rencontres au jardin ont donn\u00e9 naissance au conte musical du m\u00eame nom<\/em>,\u00a0<em>mis en sc\u00e8ne, jou\u00e9 et chant\u00e9 par Delphine.\u00a0<\/em><\/h4>    <\/div>\n<\/div>\n<!-- \/module text --><!-- module buttons -->\n<div  class=\"module module-buttons tb_0d65544 buttons-horizontal solid  squared\" data-lazy=\"1\">\n        <div class=\"module-buttons-item tf_in_flx\">\n                        <a href=\"https:\/\/lhommevrai-diffusion.com\/OHV\/rencontres-au-jardin-le-spectacle\/\" class=\"ui builder_button tf_in_flx purple\" target=\"_blank\" rel=\"noopener\">\n                                                D\u00e9couvrir le spectacle                                        <\/a>\n                <\/div>\n            <\/div>\n<!-- \/module buttons -->\n<!-- module icon -->\n<div  class=\"module module-icon tb_7a89544  large none icon_horizontal \" data-lazy=\"1\">\n\t\t\t<div class=\"module-icon-item\">\n\t\t\t\t\t\t\t<a href=\"https:\/\/www.facebook.com\/RencontresAuJardin\/\" target=\"_blank\" rel=\"noopener\">\n\t\t\t\t\t\t\t\t\t\t\t\t\t\t\t\t\t<em class=\"tf_boxpurple\"\n\t\t\t\t\t\t\t\t\t\t\t\t\t\t\t\t\t><svg  class=\"tf_fa tf-fab-facebook\" aria-hidden=\"true\"><use href=\"#tf-fab-facebook\"><\/use><\/svg><\/em>\n\t\t\t\t\t\t\t\t\t\t\t\t\t\t\t\t<\/a>\n\t\t\t\t\t<\/div>\n\t<\/div>\n<!-- \/module icon -->\n<!-- module text -->\n<div  class=\"module module-text tb_4pkf545  repeat \" data-lazy=\"1\">\n        <div  class=\"tb_text_wrap\">\n        <h4>Auteure : Delphine Bassols<br \/>Illustrateur : Manuel Alcantara<\/h4>    <\/div>\n<\/div>\n<!-- \/module text -->        <\/div>\n                        <\/div>\n        <\/div>\n                        <div  data-css_id=\"jfoj508\" data-lazy=\"1\" class=\"module_row themify_builder_row fullwidth tb_jfoj508 tf_w\">\n                        <div class=\"row_inner gutter-none col_align_top tb_col_count_2 tf_box tf_rel\">\n                        <div  data-lazy=\"1\" class=\"module_column tb-column col4-2 tb_ydsr547 first\">\n                    <!-- module text -->\n<div  class=\"module module-text tb_km3j548  repeat \" data-lazy=\"1\">\n        <div  class=\"tb_text_wrap\">\n        <h2><em>Livre et musiques<\/em><\/h2>\n<p>C\\&#8217;est un spectacle jou\u00e9 il y a plusieurs ann\u00e9es qui a donn\u00e9 naissance a ce conte musical.<\/p>    <\/div>\n<\/div>\n<!-- \/module text --><!-- module buttons -->\n<div  class=\"module module-buttons tb_qiox549 buttons-horizontal solid  squared\" data-lazy=\"1\">\n        <div class=\"module-buttons-item tf_in_flx\">\n                        <a href=\"https:\/\/lhommevrai-diffusion.com\/OHV\/la-libellule-voyageuse\/\" class=\"ui builder_button tf_in_flx blue\" target=\"_blank\" rel=\"noopener\">\n                                                Voir le livre                                        <\/a>\n                <\/div>\n            <\/div>\n<!-- \/module buttons -->\n        <\/div>\n                    <div  data-lazy=\"1\" class=\"module_column tb-column col4-2 tb_324n551 last\">\n                    <!-- module image -->\n<div  class=\"module module-image tb_qom0552 image-top   auto_fullwidth tf_mw\" data-lazy=\"1\" data-parallax-element-speed=\"4\" data-lax-translate-y=\"vh 1,0 -250\" data-lax=\"true\">\n        <div class=\"image-wrap tf_rel tf_mw\">\n            <img data-recalc-dims=\"1\" loading=\"lazy\" decoding=\"async\" src=\"https:\/\/i0.wp.com\/lhommevrai-diffusion.com\/OHV\/wp-content\/uploads\/2016\/08\/La-libellule-voyageuse-COVER-1.jpg?resize=792%2C498&#038;ssl=1\" width=\"792\" height=\"498\" class=\"wp-post-image wp-image-4700\" title=\"La libellule voyageuse COVER 1\" alt=\"La libellule voyageuse COVER 1\">    \n        <\/div>\n    <!-- \/image-wrap -->\n    \n        <\/div>\n<!-- \/module image -->        <\/div>\n                        <\/div>\n        <\/div>\n                        <div  data-parallax-bg=\"desktop\" data-css_id=\"p83g508\" data-lazy=\"1\" class=\"module_row themify_builder_row fullwidth tb_p83g508 tf_w\">\n                        <div class=\"row_inner gutter-none col_align_top tb_col_count_2 tf_box tf_rel\">\n                        <div  data-lazy=\"1\" class=\"module_column tb-column col4-2 tb_y0z3553 first\">\n                    <!-- module image -->\n<div  class=\"module module-image tb_5r87554 image-top   auto_fullwidth tf_mw\" data-lazy=\"1\" data-parallax-element-speed=\"4\" data-lax-translate-y=\"vh 1,0 -250\" data-lax=\"true\">\n        <div class=\"image-wrap tf_rel tf_mw\">\n            <img data-recalc-dims=\"1\" loading=\"lazy\" decoding=\"async\" src=\"https:\/\/i0.wp.com\/lhommevrai-diffusion.com\/OHV\/wp-content\/uploads\/2016\/08\/4-pompon.jpg?resize=794%2C608&#038;ssl=1\" width=\"794\" height=\"608\" class=\"wp-post-image wp-image-4721\" title=\"4 pompon\" alt=\"4 pompon\">    \n        <\/div>\n    <!-- \/image-wrap -->\n    \n        <\/div>\n<!-- \/module image -->        <\/div>\n                    <div  data-lazy=\"1\" class=\"module_column tb-column col4-2 tb_obud554 last\">\n                    <!-- module text -->\n<div  class=\"module module-text tb_7133555  repeat \" data-lazy=\"1\">\n        <div  class=\"tb_text_wrap\">\n        <h2>Livre jeunesse \u00e0 partir de 5 ans<\/h2>\n<h4>Auteure : Nathalie Gerarduzzi<br \/>Illustratrice : Victoria Michaud<\/h4>    <\/div>\n<\/div>\n<!-- \/module text --><!-- module buttons -->\n<div  class=\"module module-buttons tb_e1vr555 buttons-horizontal solid  squared\" data-lazy=\"1\">\n        <div class=\"module-buttons-item tf_in_flx\">\n                        <a href=\"https:\/\/lhommevrai-diffusion.com\/OHV\/la-libellule-voyageuse\/\" class=\"ui builder_button tf_in_flx orange\" target=\"_blank\" rel=\"noopener\">\n                                                Voir le livre                                        <\/a>\n                <\/div>\n            <\/div>\n<!-- \/module buttons -->\n        <\/div>\n                        <\/div>\n        <\/div>\n                        <div  data-lazy=\"1\" class=\"module_row themify_builder_row tb_xz11508 tf_w\">\n                        <div class=\"row_inner gutter-none col_align_top tb_col_count_2 tf_box tf_rel\">\n                        <div  data-lazy=\"1\" class=\"module_column tb-column col4-2 tb_jd02557 first\">\n                    <!-- module text -->\n<div  class=\"module module-text tb_4tfv557  repeat \" data-lazy=\"1\">\n        <div  class=\"tb_text_wrap\">\n        <h4>6 chansons \u00e0 \u00e9couter en ligne.<\/h4>    <\/div>\n<\/div>\n<!-- \/module text --><!-- module icon -->\n<div  class=\"module module-icon tb_n5dc558  small none icon_horizontal \" data-lazy=\"1\">\n\t\t\t<div class=\"module-icon-item\">\n\t\t\t\t\t\t\t<a href=\"https:\/\/lhommevrai-diffusion.com\/OHV\/la-libellule-voyageuse\/\" rel=\"noopener\" target=\"_blank\">\n\t\t\t\t\t\t\t\t\t\t\t\t\t\t\t\t\t<em class=\"tf_box\"\n\t\t\t\t\t\t\t\t\t\t\t\t\t\t\t\t\t><svg  class=\"tf_fa tf-fas-angle-right\" aria-hidden=\"true\"><use href=\"#tf-fas-angle-right\"><\/use><\/svg><\/em>\n\t\t\t\t\t\t\t\t\t\t\t\t\t\t\t\t\t\t\t<span>Voir le livre<\/span>\n\t\t\t\t\t\t\t\t\t\t\t\t\t\t\t\t\t<\/a>\n\t\t\t\t\t<\/div>\n\t<\/div>\n<!-- \/module icon -->\n        <\/div>\n                    <div  data-lazy=\"1\" class=\"module_column tb-column col4-2 tb_56mc558 last\">\n                    <!-- module text -->\n<div  class=\"module module-text tb_hbe8559  repeat \" data-lazy=\"1\">\n        <div  class=\"tb_text_wrap\">\n        <h4>Version papier<\/h4>\n<p>52 pages<\/p>    <\/div>\n<\/div>\n<!-- \/module text -->        <\/div>\n                        <\/div>\n        <\/div>\n                        <div  data-css_id=\"3hww508\" data-lazy=\"1\" class=\"module_row themify_builder_row fullwidth_row_container tb_3hww508 tf_w\">\n                        <div class=\"row_inner col_align_top tb_col_count_1 tf_box tf_rel\">\n                        <div  data-lazy=\"1\" class=\"module_column tb-column col-full tb_vx5c560 first\">\n                    <!-- module text -->\n<div  class=\"module module-text tb_4uve562  repeat \" data-lazy=\"1\">\n        <div  class=\"tb_text_wrap\">\n        <h1>Livres imprim\u00e9s \u00e0 la demande en France<\/h1>    <\/div>\n<\/div>\n<!-- \/module text -->        <\/div>\n                        <\/div>\n        <\/div>\n                        <div  data-parallax-bg=\"desktop\" data-css_id=\"u2n8508\" data-lazy=\"1\" class=\"module_row themify_builder_row fullwidth_row_container tb_u2n8508 tf_w\">\n                        <div class=\"row_inner col_align_middle tb_col_count_1 tf_box tf_rel\">\n                        <div  data-lazy=\"1\" class=\"module_column tb-column col-full tb_dyzf563 first\">\n                    <!-- module text -->\n<div  class=\"module module-text tb_lpca565  repeat \" data-lazy=\"1\">\n        <div  class=\"tb_text_wrap\">\n        <h1 style=\\\"text-align: center;\\\">Livr\u00e9s directement \u00e0 l\\&#8217;adresse de votre choix<\/h1>    <\/div>\n<\/div>\n<!-- \/module text --><!-- module image -->\n<div  class=\"module module-image tb_krn8566 image-center   tf_mw\" data-lazy=\"1\">\n        <div class=\"image-wrap tf_rel tf_mw\">\n            <img data-recalc-dims=\"1\" loading=\"lazy\" decoding=\"async\" src=\"https:\/\/i0.wp.com\/themify.me\/demo\/themes\/builder-layouts\/files\/2016\/08\/store-locator.png?resize=69%2C69&#038;ssl=1\" width=\"69\" height=\"69\" title=\"Livraison par la poste\" alt=\"Livraison par la poste\">    \n        <\/div>\n    <!-- \/image-wrap -->\n    \n        <div class=\"image-content\">\n                    <h3 class=\"image-title\">\n                                    Livraison par la poste                            <\/h3>\n                    <\/div>\n    <!-- \/image-content -->\n        <\/div>\n<!-- \/module image -->        <\/div>\n                        <\/div>\n        <\/div>\n        <\/div>\n<!--\/themify_builder_content-->","protected":false},"excerpt":{"rendered":"<p>Livres jeunesse Nos auteures ont eu de belles id\u00e9es pour partager avec vos enfants Rencontresau jardin de Delphine Bassols Voir le Tome 1 Voir le Tome 2 Livres et musiques Les deux tomes de Rencontres au jardin ont donn\u00e9 naissance au conte musical du m\u00eame nom,\u00a0mis en sc\u00e8ne, jou\u00e9 et chant\u00e9 par Delphine.\u00a0 D\u00e9couvrir le [&hellip;]<\/p>\n","protected":false},"author":1,"featured_media":0,"parent":0,"menu_order":0,"comment_status":"closed","ping_status":"closed","template":"","meta":{"_bbp_topic_count":0,"_bbp_reply_count":0,"_bbp_total_topic_count":0,"_bbp_total_reply_count":0,"_bbp_voice_count":0,"_bbp_anonymous_reply_count":0,"_bbp_topic_count_hidden":0,"_bbp_reply_count_hidden":0,"_bbp_forum_subforum_count":0,"jetpack_post_was_ever_published":false,"footnotes":""},"class_list":["post-5370","page","type-page","status-publish","hentry","has-post-title","has-post-date","has-post-category","has-post-tag","has-post-comment","has-post-author",""],"jetpack_shortlink":"https:\/\/wp.me\/P77fPY-1oC","jetpack_sharing_enabled":true,"_links":{"self":[{"href":"https:\/\/lhommevrai-diffusion.com\/OHV\/wp-json\/wp\/v2\/pages\/5370","targetHints":{"allow":["GET"]}}],"collection":[{"href":"https:\/\/lhommevrai-diffusion.com\/OHV\/wp-json\/wp\/v2\/pages"}],"about":[{"href":"https:\/\/lhommevrai-diffusion.com\/OHV\/wp-json\/wp\/v2\/types\/page"}],"author":[{"embeddable":true,"href":"https:\/\/lhommevrai-diffusion.com\/OHV\/wp-json\/wp\/v2\/users\/1"}],"replies":[{"embeddable":true,"href":"https:\/\/lhommevrai-diffusion.com\/OHV\/wp-json\/wp\/v2\/comments?post=5370"}],"version-history":[{"count":20,"href":"https:\/\/lhommevrai-diffusion.com\/OHV\/wp-json\/wp\/v2\/pages\/5370\/revisions"}],"predecessor-version":[{"id":6682,"href":"https:\/\/lhommevrai-diffusion.com\/OHV\/wp-json\/wp\/v2\/pages\/5370\/revisions\/6682"}],"wp:attachment":[{"href":"https:\/\/lhommevrai-diffusion.com\/OHV\/wp-json\/wp\/v2\/media?parent=5370"}],"curies":[{"name":"wp","href":"https:\/\/api.w.org\/{rel}","templated":true}]}}