{"id":5402,"date":"2018-01-22T17:45:21","date_gmt":"2018-01-22T16:45:21","guid":{"rendered":"http:\/\/lhommevrai-diffusion.com\/OHV\/services\/conferences-telephoniques\/les-conferences-telephoniques-2017-copy\/"},"modified":"2019-10-24T01:50:05","modified_gmt":"2019-10-23T23:50:05","slug":"les-conferences-telephoniques-2018","status":"publish","type":"page","link":"https:\/\/lhommevrai-diffusion.com\/OHV\/services\/conferences-telephoniques\/les-conferences-telephoniques-2018\/","title":{"rendered":"Les conf\u00e9rences t\u00e9l\u00e9phoniques 2018"},"content":{"rendered":"<!--themify_builder_content-->\n<div id=\"themify_builder_content-5402\" data-postid=\"5402\" class=\"themify_builder_content themify_builder_content-5402 themify_builder tf_clear\">\n                    <div  data-parallax-bg=\"desktop\" data-css_id=\"ptow810\" data-lazy=\"1\" class=\"module_row themify_builder_row fullwidth_row_container tb_ptow810 tb_first tf_w\">\n            <span  class=\"builder_row_cover tf_abs\" data-lazy=\"1\"><\/span>            <div class=\"row_inner col_align_top tb_col_count_1 tf_box tf_rel\">\n                        <div  data-lazy=\"1\" class=\"module_column tb-column col-full tb_zkq8088 first\">\n                    <!-- module text -->\n<div  class=\"module module-text tb_qir2084  repeat \" data-lazy=\"1\">\n        <div  class=\"tb_text_wrap\">\n        <h1 style=\"text-align: center;\">Conf\u00e9rences t\u00e9l\u00e9phoniques 2018<\/h1>\n<h2 style=\"text-align: center;\">anim\u00e9es par Christophe Yann<\/h2>\n<h3 style=\"text-align: center;\">Retrouvez-nous une \u00e0 plusieurs fois par mois, \u00e0 19h (heure France m\u00e9tropole)<\/h3>    <\/div>\n<\/div>\n<!-- \/module text --><!-- module buttons -->\n<div  class=\"module module-buttons tb_7zxs600 buttons-horizontal outline  xlarge\" data-lazy=\"1\">\n        <div class=\"module-buttons-item tf_in_flx\">\n                        <a href=\"http:\/\/lhommevrai-diffusion.com\/OHV\/courses\/action-collective-2018\/\" class=\"ui builder_button tf_in_flx tb_default_color\" target=\"_blank\" rel=\"noopener\">\n                                                ECOUTER LA CONFERENCE GRATUITE                                        <\/a>\n                <\/div>\n            <\/div>\n<!-- \/module buttons -->\n        <\/div>\n                        <\/div>\n        <\/div>\n                        <div  data-css_id=\"4b9z880\" data-lazy=\"1\" class=\"module_row themify_builder_row fullwidth tb_4b9z880 tf_w\">\n                        <div class=\"row_inner col_align_middle tb_col_count_2 tf_box tf_rel\">\n                        <div  data-lazy=\"1\" class=\"module_column tb-column col4-2 tb_nr1u444 first\">\n                            <div  data-lazy=\"1\" class=\"module_subrow themify_builder_sub_row tf_w col_align_top tb_col_count_2 tb_ycq9865\">\n                <div  data-lazy=\"1\" class=\"module_column sub_column col4-1 tb_7og3084 first\">\n                            <\/div>\n                    <div  data-lazy=\"1\" class=\"module_column sub_column col4-3 tb_v2vm677 last\">\n                    <!-- module image -->\n<div  class=\"module module-image tb_1eu6650 image-center rounded  tf_mw\" data-lazy=\"1\">\n        <div class=\"image-wrap tf_rel tf_mw\">\n            <img data-recalc-dims=\"1\" loading=\"lazy\" decoding=\"async\" src=\"https:\/\/i0.wp.com\/lhommevrai-diffusion.com\/OHV\/wp-content\/uploads\/2018\/01\/micro-conference-tel-2018.jpg?resize=300%2C300\" width=\"300\" height=\"300\" title=\"Les conf\u00e9rences t\u00e9l\u00e9phoniques 2018\" alt=\"Les conf\u00e9rences t\u00e9l\u00e9phoniques 2018\">    \n        <\/div>\n    <!-- \/image-wrap -->\n    \n        <\/div>\n<!-- \/module image -->        <\/div>\n                    <\/div>\n                <\/div>\n                    <div  data-lazy=\"1\" class=\"module_column tb-column col4-2 tb_2hov088 last\">\n                            <div  data-lazy=\"1\" class=\"module_subrow themify_builder_sub_row tf_w col_align_top tb_col_count_2 tb_vxf2020\">\n                <div  data-lazy=\"1\" class=\"module_column sub_column col4-3 tb_z62e857 first\">\n                    <!-- module text -->\n<div  class=\"module module-text tb_b5z1004  repeat \" data-lazy=\"1\">\n        <div  class=\"tb_text_wrap\">\n        <h2 style=\"text-align: left;\">Les conf\u00e9rences sont enregistr\u00e9es<\/h2><p>Avec l&#8217;abonnement annuel vous avez acc\u00e8s aux enregistrements !<\/p>    <\/div>\n<\/div>\n<!-- \/module text --><!-- module buttons -->\n<div  class=\"module module-buttons tb_tf1k000 buttons-horizontal outline  xlarge\" data-lazy=\"1\">\n        <div class=\"module-buttons-item tf_in_flx\">\n                        <a href=\"http:\/\/lhommevrai-diffusion.com\/OHV\/courses\/action-collective-2018\/\" class=\"ui builder_button tf_in_flx tb_default_color\" target=\"_blank\" rel=\"noopener\">\n                                                INSCRIPTION                                        <\/a>\n                <\/div>\n            <\/div>\n<!-- \/module buttons -->\n        <\/div>\n                    <div  data-lazy=\"1\" class=\"module_column sub_column col4-1 tb_tl81076 last\">\n                            <\/div>\n                    <\/div>\n                <\/div>\n                        <\/div>\n        <\/div>\n                        <div  data-parallax-bg=\"desktop\" data-css_id=\"ah1j480\" data-lazy=\"1\" class=\"module_row themify_builder_row fullwidth_row_container tb_ah1j480 tf_w\">\n            <span  class=\"builder_row_cover tf_abs\" data-lazy=\"1\"><\/span>            <div class=\"row_inner col_align_top tb_col_count_3 tf_box tf_rel\">\n                        <div  data-lazy=\"1\" class=\"module_column tb-column col4-2 tb_6kz7727 first\">\n                    <!-- module text -->\n<div  class=\"module module-text tb_7hn3370  repeat \" data-lazy=\"1\">\n        <div  class=\"tb_text_wrap\">\n        <h1 style=\"text-align: left;\"><strong>Ce que r\u00e9v\u00e8le l&#8217;action !<\/strong><\/h1>\n<h3 style=\"text-align: left;\"><a href=\"http:\/\/lhommevrai-diffusion.com\/OHV\/services\/conferences-telephoniques\/les-conferences-telephoniques-2017\/\" target=\"_blank\" rel=\"noopener\">Depuis 2017<\/a>, les conf\u00e9rences ont comme th\u00e8me principal, l&#8217;action. Les messages transmis dans les livres ou les s\u00e9minaires prennent une toute autre dimension lorsque qu&#8217;ils sont v\u00e9hicul\u00e9s \u00e0 partir de la sc\u00e8ne du terrain. Nulle place o\u00f9 se cacher, la r\u00e9alit\u00e9 nous rattrape tous et permet de v\u00e9rifier si nous sommes en accord avec nos propos.<\/h3>\n<h3>Nous avons repris le chemin de l&#8217;action en cr\u00e9ant plusieurs entreprises et nous profitons de ces exp\u00e9riences pour vous part de ce qui nous semble essentiel. Aux participants de partager aussi leurs exp\u00e9riences.\u00a0<\/h3>\n<h3>Ce que nous avons entam\u00e9 ces derni\u00e8res ann\u00e9es m\u00e9rite que l&#8217;aventure des conf\u00e9rences t\u00e9l\u00e9phoniques continue&#8230;<\/h3>    <\/div>\n<\/div>\n<!-- \/module text -->        <\/div>\n                    <div  data-lazy=\"1\" class=\"module_column tb-column col4-1 tb_7cc7038\">\n                            <\/div>\n                    <div  data-lazy=\"1\" class=\"module_column tb-column col4-1 tb_659e807 last\">\n                            <\/div>\n                        <\/div>\n        <\/div>\n                        <div  data-css_id=\"qh2x060\" data-lazy=\"1\" class=\"module_row themify_builder_row fullwidth_row_container tb_qh2x060 tf_w\">\n            <span  class=\"builder_row_cover tf_abs\" data-lazy=\"1\"><\/span>            <div class=\"row_inner col_align_top tb_col_count_1 tf_box tf_rel\">\n                        <div  data-lazy=\"1\" class=\"module_column tb-column col-full tb_z3m3688 first\">\n                            <div  data-lazy=\"1\" class=\"module_subrow themify_builder_sub_row tf_w col_align_top tb_col_count_3 tb_abtq058\">\n                <div  data-lazy=\"1\" class=\"module_column sub_column col4-1 tb_8k7d668 first\">\n                            <\/div>\n                    <div  data-lazy=\"1\" class=\"module_column sub_column col4-2 tb_nmas005\">\n                    <!-- module text -->\n<div  class=\"module module-text tb_qufg076  repeat \" data-lazy=\"1\">\n        <div  class=\"tb_text_wrap\">\n        <h2 style=\"text-align: center;\">Ecouter gratuitement la conf\u00e9rence de pr\u00e9sentation du nouveau concept 2018<\/h2>    <\/div>\n<\/div>\n<!-- \/module text -->        <\/div>\n                    <div  data-lazy=\"1\" class=\"module_column sub_column col4-1 tb_zd6y040 last\">\n                            <\/div>\n                    <\/div>\n                <div  data-lazy=\"1\" class=\"module_subrow themify_builder_sub_row tf_w col_align_top tb_col_count_3 tb_a2bz680\">\n                <div  data-lazy=\"1\" class=\"module_column sub_column col3-1 tb_bwd8476 first\">\n                            <\/div>\n                    <div  data-lazy=\"1\" class=\"module_column sub_column col3-1 tb_drf2608\">\n                    <!-- module buttons -->\n<div  class=\"module module-buttons tb_0ev8778 buttons-horizontal outline  xlarge buttons-fullwidth\" data-lazy=\"1\">\n        <div class=\"module-buttons-item tf_in_flx\">\n                        <a href=\"http:\/\/lhommevrai-diffusion.com\/OHV\/courses\/action-collective-2018\/\" class=\"ui builder_button tf_in_flx green\" target=\"_blank\" rel=\"noopener\">\n                                                INSCRIPTION                                        <\/a>\n                <\/div>\n            <\/div>\n<!-- \/module buttons -->\n        <\/div>\n                    <div  data-lazy=\"1\" class=\"module_column sub_column col3-1 tb_u7ht887 last\">\n                            <\/div>\n                    <\/div>\n                <\/div>\n                        <\/div>\n        <\/div>\n                        <div  data-lazy=\"1\" class=\"module_row themify_builder_row tb_fc19884 tf_w\">\n                        <div class=\"row_inner col_align_top tb_col_count_1 tf_box tf_rel\">\n                        <div  data-lazy=\"1\" class=\"module_column tb-column col-full tb_uudo048 first\">\n                    <!-- module text -->\n<div  class=\"module module-text tb_7mz9804   \" data-lazy=\"1\">\n        <div  class=\"tb_text_wrap\">\n        <p style=\"text-align: center;\"><div style='display:none;' class='shareaholic-canvas' data-app='share_buttons' data-title='Les conf\u00e9rences t\u00e9l\u00e9phoniques 2018' data-link='https:\/\/lhommevrai-diffusion.com\/OHV\/services\/conferences-telephoniques\/les-conferences-telephoniques-2018\/' data-app-id='307594'><\/div><\/p>    <\/div>\n<\/div>\n<!-- \/module text -->        <\/div>\n                        <\/div>\n        <\/div>\n        <\/div>\n<!--\/themify_builder_content-->","protected":false},"excerpt":{"rendered":"<p>Conf\u00e9rences t\u00e9l\u00e9phoniques 2018 anim\u00e9es par Christophe Yann Retrouvez-nous une \u00e0 plusieurs fois par mois, \u00e0 19h (heure France m\u00e9tropole) ECOUTER LA CONFERENCE GRATUITE Les conf\u00e9rences sont enregistr\u00e9es Avec l&#8217;abonnement annuel vous avez acc\u00e8s aux enregistrements ! INSCRIPTION Ce que r\u00e9v\u00e8le l&#8217;action ! Depuis 2017, les conf\u00e9rences ont comme th\u00e8me principal, l&#8217;action. Les messages transmis dans [&hellip;]<\/p>\n","protected":false},"author":1,"featured_media":0,"parent":4456,"menu_order":0,"comment_status":"closed","ping_status":"closed","template":"","meta":{"_bbp_topic_count":0,"_bbp_reply_count":0,"_bbp_total_topic_count":0,"_bbp_total_reply_count":0,"_bbp_voice_count":0,"_bbp_anonymous_reply_count":0,"_bbp_topic_count_hidden":0,"_bbp_reply_count_hidden":0,"_bbp_forum_subforum_count":0,"jetpack_post_was_ever_published":false,"footnotes":""},"class_list":["post-5402","page","type-page","status-publish","hentry","has-post-title","has-post-date","has-post-category","has-post-tag","has-post-comment","has-post-author",""],"jetpack_shortlink":"https:\/\/wp.me\/P77fPY-1p8","jetpack_sharing_enabled":true,"_links":{"self":[{"href":"https:\/\/lhommevrai-diffusion.com\/OHV\/wp-json\/wp\/v2\/pages\/5402","targetHints":{"allow":["GET"]}}],"collection":[{"href":"https:\/\/lhommevrai-diffusion.com\/OHV\/wp-json\/wp\/v2\/pages"}],"about":[{"href":"https:\/\/lhommevrai-diffusion.com\/OHV\/wp-json\/wp\/v2\/types\/page"}],"author":[{"embeddable":true,"href":"https:\/\/lhommevrai-diffusion.com\/OHV\/wp-json\/wp\/v2\/users\/1"}],"replies":[{"embeddable":true,"href":"https:\/\/lhommevrai-diffusion.com\/OHV\/wp-json\/wp\/v2\/comments?post=5402"}],"version-history":[{"count":21,"href":"https:\/\/lhommevrai-diffusion.com\/OHV\/wp-json\/wp\/v2\/pages\/5402\/revisions"}],"predecessor-version":[{"id":5577,"href":"https:\/\/lhommevrai-diffusion.com\/OHV\/wp-json\/wp\/v2\/pages\/5402\/revisions\/5577"}],"up":[{"embeddable":true,"href":"https:\/\/lhommevrai-diffusion.com\/OHV\/wp-json\/wp\/v2\/pages\/4456"}],"wp:attachment":[{"href":"https:\/\/lhommevrai-diffusion.com\/OHV\/wp-json\/wp\/v2\/media?parent=5402"}],"curies":[{"name":"wp","href":"https:\/\/api.w.org\/{rel}","templated":true}]}}