{"id":6315,"date":"2018-06-16T16:05:09","date_gmt":"2018-06-16T14:05:09","guid":{"rendered":"http:\/\/lhommevrai-diffusion.com\/OHV\/?page_id=6315"},"modified":"2019-10-24T00:27:47","modified_gmt":"2019-10-23T22:27:47","slug":"au-coeur-de-laction-seminaire-a-distance","status":"publish","type":"page","link":"https:\/\/lhommevrai-diffusion.com\/OHV\/au-coeur-de-laction-seminaire-a-distance\/","title":{"rendered":"Au coeur de l&#8217;action &#8211; s\u00e9minaire \u00e0 distance"},"content":{"rendered":"<!--themify_builder_content-->\n<div id=\"themify_builder_content-6315\" data-postid=\"6315\" class=\"themify_builder_content themify_builder_content-6315 themify_builder tf_clear\">\n                    <div  data-parallax-bg=\"desktop\" data-css_id=\"k0y4705\" data-lazy=\"1\" class=\"module_row themify_builder_row fullheight fullwidth tb_k0y4705 tb_first tf_w\">\n            <span  class=\"builder_row_cover tf_abs\" data-lazy=\"1\"><\/span>            <div class=\"row_inner col_align_top tb_col_count_1 tf_box tf_rel\">\n                        <div  data-lazy=\"1\" class=\"module_column tb-column col-full tb_ou7k507 first\">\n                    <!-- module text -->\n<div  class=\"module module-text tb_wz7r707  repeat \" data-lazy=\"1\">\n        <div  class=\"tb_text_wrap\">\n        <h1>Au c\u0153ur de l&#8217;action<\/h1>    <\/div>\n<\/div>\n<!-- \/module text --><!-- module text -->\n<div  class=\"module module-text tb_4yha705  repeat \" data-lazy=\"1\">\n        <div  class=\"tb_text_wrap\">\n        <h3>s\u00e9minaire \u00e0 distance<\/h3>\n<h4><em>anim\u00e9 par<\/em><\/h4>    <\/div>\n<\/div>\n<!-- \/module text --><!-- module image -->\n<div  class=\"module module-image tb_7e7g270 image-center circle  tf_mw\" data-lazy=\"1\">\n        <div class=\"image-wrap tf_rel tf_mw\">\n            <img data-recalc-dims=\"1\" loading=\"lazy\" decoding=\"async\" src=\"https:\/\/i0.wp.com\/lhommevrai-diffusion.com\/OHV\/wp-content\/uploads\/2015\/11\/Christophe-Yann-C.jpg?resize=100%2C100\" width=\"100\" height=\"100\" title=\"Christophe Yann\" alt=\"Consultant, formateur, auteur\">    \n        <\/div>\n    <!-- \/image-wrap -->\n    \n        <div class=\"image-content\">\n                    <h3 class=\"image-title\">\n                                    Christophe Yann                            <\/h3>\n                        <div class=\"image-caption tb_text_wrap\">\n            Consultant, formateur, auteur\n        <\/div>\n        <!-- \/image-caption -->\n            <\/div>\n    <!-- \/image-content -->\n        <\/div>\n<!-- \/module image --><!-- module icon -->\n<div  class=\"module module-icon tb_8vbg250  normal none icon_horizontal \" data-lazy=\"1\">\n\t\t\t<div class=\"module-icon-item\">\n\t\t\t\t\t\t\t\t\t\t\t\t\t\t\t\t<em class=\"tf_box\"\n\t\t\t\t\t\t\t\t\t\t\t\t\t\t\t\t\t><svg  class=\"tf_fa tf-far-calendar-o\" aria-hidden=\"true\"><use href=\"#tf-far-calendar-o\"><\/use><\/svg><\/em>\n\t\t\t\t\t\t\t\t\t\t\t\t\t\t\t\t\t\t\t<span>06 sept 2018 - 08 jan 2019<\/span>\n\t\t\t\t\t\t\t\t\t\t\t\t\t\t\t<\/div>\n\t\t\t<div class=\"module-icon-item\">\n\t\t\t\t\t\t\t\t\t\t\t\t\t\t\t\t<em class=\"tf_box\"\n\t\t\t\t\t\t\t\t\t\t\t\t\t\t\t\t\t><svg  class=\"tf_fa tf-far-map-marker\" aria-hidden=\"true\"><use href=\"#tf-far-map-marker\"><\/use><\/svg><\/em>\n\t\t\t\t\t\t\t\t\t\t\t\t\t\t\t\t\t\t\t<span>Accessible depuis le monde entier<\/span>\n\t\t\t\t\t\t\t\t\t\t\t\t\t\t\t<\/div>\n\t\t\t<div class=\"module-icon-item\">\n\t\t\t\t\t\t\t\t\t\t\t\t\t\t\t\t<em class=\"tf_box\"\n\t\t\t\t\t\t\t\t\t\t\t\t\t\t\t\t\t><svg  class=\"tf_fa tf-fas-phone\" aria-hidden=\"true\"><use href=\"#tf-fas-phone\"><\/use><\/svg><\/em>\n\t\t\t\t\t\t\t\t\t\t\t\t\t\t\t\t\t\t\t<span>par t\u00e9l\u00e9phone<\/span>\n\t\t\t\t\t\t\t\t\t\t\t\t\t\t\t<\/div>\n\t<\/div>\n<!-- \/module icon -->\n<!-- module accordion -->\n<div  class=\"module module-accordion tb_9mp1050 \" data-behavior=\"toggle\" data-lazy=\"1\">\n    \n    <ul class=\"ui module-accordion   red\">\n            <li>\n            <div class=\"accordion-title tf_rel\">\n                <a href=\"#acc-9mp1050-0\" class=\"tb_title_accordion\" aria-controls=\"acc-9mp1050-0-content\" aria-expanded=\"false\">\n                                                            <span class=\"accordion-title-wrap\">INSCRIPTION<\/span>                <\/a>\n            <\/div><!-- .accordion-title -->\n            <div id=\"acc-9mp1050-0-content\" data-id=\"acc-9mp1050-0\" aria-hidden=\"true\" class=\"accordion-content tf_hide tf_clearfix\">\n                                    <div class=\"tb_text_wrap\">\n                        <p>Pour vous inscrire, merci de contacter Xavier au 06 85 97 01 23<\/p>                    <\/div>\n                            <\/div><!-- .accordion-content -->\n        <\/li>\n        <\/ul>\n\n<\/div><!-- \/module accordion --><!-- module text -->\n<div  class=\"module module-text tb_zyao985  repeat \" data-lazy=\"1\">\n        <div  class=\"tb_text_wrap\">\n        <blockquote>\n<h3>Ce qui est \u00e9crit dans mes livres prend tout son sens d\u00e8s que cela se concr\u00e9tise dans l&#8217;action.<\/h3>\n<h3>Encore plus aujourd&#8217;hui mes actes illustrent mes propos et montrent que cette utopie est accessible \u00e0 tous.<\/h3>\n<p>Christophe Yann<\/p>\n<\/blockquote>    <\/div>\n<\/div>\n<!-- \/module text -->        <\/div>\n                        <\/div>\n        <\/div>\n                        <div  data-lazy=\"1\" class=\"module_row themify_builder_row tb_wk29020 tf_w\">\n                        <div class=\"row_inner col_align_top tb_col_count_1 tf_box tf_rel\">\n                        <div  data-lazy=\"1\" class=\"module_column tb-column col-full tb_6j85052 first\">\n                    <!-- module feature -->\n<div  class=\"module module-feature tb_31x4195 with-chart layout-icon-left size-small  wow\" data-tf-animation=\"fadeIn\" data-layout-mobile=\"icon-top\" data-layout-desktop=\"icon-left\" data-lazy=\"1\">\n        <div class=\"module-feature-image tf_textc tf_rel\">\n                            <span class=\"module-feature-chart-html5 tf_box tf_rel tf_inline_b\">\n                                    <svg class=\"tf_abs tf_w tf_h\">\n                    <circle class=\"tb_feature_fill\" r=\"calc(50% - 1.00px)\" cx=\"50%\" cy=\"50%\" stroke-width=\"2\"\/>\n                    <circle class=\"tb_feature_stroke\" r=\"calc(50% - 1.00px)\" cx=\"50%\" cy=\"50%\" stroke=\"rgba(88,117,245, 0.98)\" stroke-width=\"2\" data-progress=\"100\" stroke-dasharray=\"0,10000\"\/>\n                                        <\/svg>\n                                <span class=\"chart-html5-circle tf_w tf_h\">\n                                            <em class=\"module-feature-icon tf_rel\" style=\"color:#5875f5\"><svg  class=\"tf_fa tf-fas-crosshairs\" aria-hidden=\"true\"><use href=\"#tf-fas-crosshairs\"><\/use><\/svg><\/em>\n                                    <\/span>\n\n                \n            <\/span>\n                <\/div>\n    <div class=\"module-feature-content tf_textc\">\n                    <h3 class=\"module-feature-title\">\n                            OBJECTIFS                        <\/h3>\n                    <div class=\"tb_text_wrap\">\n            <ul>\n<li style=\"text-align: left\">\n<h4>Appr\u00e9hender une r\u00e9alit\u00e9 qui ouvre le champ des possibles<\/h4>\n<\/li>\n<li style=\"text-align: left\">\n<h4>Identifier les possibilit\u00e9s qui correspondent au parcours de chacun<\/h4>\n<\/li>\n<li style=\"text-align: left\">\n<h4>Actionner les leviers n\u00e9cessaires pour initier ce changement<\/h4>\n<\/li>\n<li style=\"text-align: left\">\n<h4>S\u2019adapter \u00e0 cette nouvelle fa\u00e7on d\u2019agir<\/h4>\n<\/li>\n<li style=\"text-align: left\">\n<h4>Lever les freins qui surgissent au fur et \u00e0 mesure<\/h4>\n<\/li>\n<li style=\"text-align: left\">\n<h4>Dynamiser les actions et p\u00e9renniser la d\u00e9marche<\/h4>\n<\/li>\n<\/ul>        <\/div>\n    <\/div>\n<\/div>\n<!-- \/module feature -->\n<!-- module feature -->\n<div  class=\"module module-feature tb_2k7z325 with-chart layout-icon-left size-small  wow\" data-tf-animation=\"fadeIn\" data-layout-mobile=\"icon-top\" data-layout-desktop=\"icon-left\" data-lazy=\"1\">\n        <div class=\"module-feature-image tf_textc tf_rel\">\n                            <span class=\"module-feature-chart-html5 tf_box tf_rel tf_inline_b\">\n                                    <svg class=\"tf_abs tf_w tf_h\">\n                    <circle class=\"tb_feature_fill\" r=\"calc(50% - 1.00px)\" cx=\"50%\" cy=\"50%\" stroke-width=\"2\"\/>\n                    <circle class=\"tb_feature_stroke\" r=\"calc(50% - 1.00px)\" cx=\"50%\" cy=\"50%\" stroke=\"rgba(88,117,245, 0.98)\" stroke-width=\"2\" data-progress=\"100\" stroke-dasharray=\"0,10000\"\/>\n                                        <\/svg>\n                                <span class=\"chart-html5-circle tf_w tf_h\">\n                                            <em class=\"module-feature-icon tf_rel\" style=\"color:#5875f5\"><svg  class=\"tf_fa tf-fas-cogs\" aria-hidden=\"true\"><use href=\"#tf-fas-cogs\"><\/use><\/svg><\/em>\n                                    <\/span>\n\n                \n            <\/span>\n                <\/div>\n    <div class=\"module-feature-content tf_textc\">\n                    <h3 class=\"module-feature-title\">\n                            MOYENS TECHNIQUES                        <\/h3>\n                    <div class=\"tb_text_wrap\">\n            <ul>\n<li style=\"text-align: left\">\n<h4>Le s\u00e9minaire est accessible par t\u00e9l\u00e9phone fixe, mobile ou forfait internet (skype\u2026). Le num\u00e9ro appel\u00e9 est un num\u00e9ro fixe en France m\u00e9tropole non surtax\u00e9.<\/h4>\n<\/li>\n<li style=\"text-align: left\">\n<h4>Les s\u00e9ances sont enregistr\u00e9es et disponibles en ligne \u00e0 la r\u00e9\u00e9coute sur une plateforme d\u2019enseignement \u00e0 distance.<\/h4>\n<\/li>\n<li style=\"text-align: left\">\n<h4>Un groupe priv\u00e9 sur facebook pourra \u00eatre cr\u00e9\u00e9 sur demande pour faciliter les questions et les \u00e9changes entre participants.<\/h4>\n<\/li>\n<li style=\"text-align: left\">\n<h4>En fonction de la dynamique du groupe, un \u00e9change de cl\u00f4ture pourra \u00eatre organis\u00e9 en France m\u00e9tropole dans la r\u00e9gion de Narbonne (11) ou Chamonix (74).<\/h4>\n<\/li>\n<\/ul>        <\/div>\n    <\/div>\n<\/div>\n<!-- \/module feature -->\n<!-- module feature -->\n<div  class=\"module module-feature tb_ko1c200 with-chart layout-icon-left size-small  wow\" data-tf-animation=\"fadeIn\" data-layout-mobile=\"icon-top\" data-layout-desktop=\"icon-left\" data-lazy=\"1\">\n        <div class=\"module-feature-image tf_textc tf_rel\">\n                            <span class=\"module-feature-chart-html5 tf_box tf_rel tf_inline_b\">\n                                    <svg class=\"tf_abs tf_w tf_h\">\n                    <circle class=\"tb_feature_fill\" r=\"calc(50% - 1.00px)\" cx=\"50%\" cy=\"50%\" stroke-width=\"2\"\/>\n                    <circle class=\"tb_feature_stroke\" r=\"calc(50% - 1.00px)\" cx=\"50%\" cy=\"50%\" stroke=\"rgba(88,117,245, 0.98)\" stroke-width=\"2\" data-progress=\"100\" stroke-dasharray=\"0,10000\"\/>\n                                        <\/svg>\n                                <span class=\"chart-html5-circle tf_w tf_h\">\n                                            <em class=\"module-feature-icon tf_rel\" style=\"color:#5875f5\"><svg  class=\"tf_fa tf-far-calendar-plus-o\" aria-hidden=\"true\"><use href=\"#tf-far-calendar-plus-o\"><\/use><\/svg><\/em>\n                                    <\/span>\n\n                \n            <\/span>\n                <\/div>\n    <div class=\"module-feature-content tf_textc\">\n                    <h3 class=\"module-feature-title\">\n                            DATES                        <\/h3>\n                    <div class=\"tb_text_wrap\">\n            <h4>du 06\/09\/2018 au 08\/01\/2019<\/h4>        <\/div>\n    <\/div>\n<\/div>\n<!-- \/module feature -->\n<!-- module feature -->\n<div  class=\"module module-feature tb_zn7p558 with-chart layout-icon-left size-small  wow\" data-tf-animation=\"fadeIn\" data-layout-mobile=\"icon-top\" data-layout-desktop=\"icon-left\" data-lazy=\"1\">\n        <div class=\"module-feature-image tf_textc tf_rel\">\n                            <span class=\"module-feature-chart-html5 tf_box tf_rel tf_inline_b\">\n                                    <svg class=\"tf_abs tf_w tf_h\">\n                    <circle class=\"tb_feature_fill\" r=\"calc(50% - 1.00px)\" cx=\"50%\" cy=\"50%\" stroke-width=\"2\"\/>\n                    <circle class=\"tb_feature_stroke\" r=\"calc(50% - 1.00px)\" cx=\"50%\" cy=\"50%\" stroke=\"rgba(88,117,245, 0.98)\" stroke-width=\"2\" data-progress=\"100\" stroke-dasharray=\"0,10000\"\/>\n                                        <\/svg>\n                                <span class=\"chart-html5-circle tf_w tf_h\">\n                                            <em class=\"module-feature-icon tf_rel\" style=\"color:#5875f5\"><svg  class=\"tf_fa tf-far-clock-o\" aria-hidden=\"true\"><use href=\"#tf-far-clock-o\"><\/use><\/svg><\/em>\n                                    <\/span>\n\n                \n            <\/span>\n                <\/div>\n    <div class=\"module-feature-content tf_textc\">\n                    <h3 class=\"module-feature-title\">\n                            DUR\u00c9E                        <\/h3>\n                    <div class=\"tb_text_wrap\">\n            <h4>14 heures (14 conf\u00e9rences d\u2019une heure) \u00e0 raison de 3 conf\u00e9rences par mois les jeudis de 19h \u00e0 20h.<\/h4>        <\/div>\n    <\/div>\n<\/div>\n<!-- \/module feature -->\n<!-- module feature -->\n<div  class=\"module module-feature tb_cuvj202 with-chart layout-icon-left size-small  wow\" data-tf-animation=\"fadeIn\" data-layout-mobile=\"icon-top\" data-layout-desktop=\"icon-left\" data-lazy=\"1\">\n        <div class=\"module-feature-image tf_textc tf_rel\">\n                            <span class=\"module-feature-chart-html5 tf_box tf_rel tf_inline_b\">\n                                    <svg class=\"tf_abs tf_w tf_h\">\n                    <circle class=\"tb_feature_fill\" r=\"calc(50% - 1.00px)\" cx=\"50%\" cy=\"50%\" stroke-width=\"2\"\/>\n                    <circle class=\"tb_feature_stroke\" r=\"calc(50% - 1.00px)\" cx=\"50%\" cy=\"50%\" stroke=\"rgba(88,117,245, 0.98)\" stroke-width=\"2\" data-progress=\"100\" stroke-dasharray=\"0,10000\"\/>\n                                        <\/svg>\n                                <span class=\"chart-html5-circle tf_w tf_h\">\n                                            <em class=\"module-feature-icon tf_rel\" style=\"color:#5875f5\"><svg  class=\"tf_fa tf-far-user-o\" aria-hidden=\"true\"><use href=\"#tf-far-user-o\"><\/use><\/svg><\/em>\n                                    <\/span>\n\n                \n            <\/span>\n                <\/div>\n    <div class=\"module-feature-content tf_textc\">\n                    <h3 class=\"module-feature-title\">\n                            PUBLIC                        <\/h3>\n                    <div class=\"tb_text_wrap\">\n            <h4>Ce s\u00e9minaire \u00e0 distance est destin\u00e9 \u00e0 toute personne majeure. Aucun pr\u00e9 requis n\u2019est n\u00e9cessaire pour y assister.<\/h4>        <\/div>\n    <\/div>\n<\/div>\n<!-- \/module feature -->\n<!-- module feature -->\n<div  class=\"module module-feature tb_wigs500 with-chart layout-icon-left size-small  wow\" data-tf-animation=\"fadeIn\" data-layout-mobile=\"icon-top\" data-layout-desktop=\"icon-left\" data-lazy=\"1\">\n        <div class=\"module-feature-image tf_textc tf_rel\">\n                            <span class=\"module-feature-chart-html5 tf_box tf_rel tf_inline_b\">\n                                    <svg class=\"tf_abs tf_w tf_h\">\n                    <circle class=\"tb_feature_fill\" r=\"calc(50% - 1.00px)\" cx=\"50%\" cy=\"50%\" stroke-width=\"2\"\/>\n                    <circle class=\"tb_feature_stroke\" r=\"calc(50% - 1.00px)\" cx=\"50%\" cy=\"50%\" stroke=\"rgba(88,117,245, 0.98)\" stroke-width=\"2\" data-progress=\"100\" stroke-dasharray=\"0,10000\"\/>\n                                        <\/svg>\n                                <span class=\"chart-html5-circle tf_w tf_h\">\n                                            <em class=\"module-feature-icon tf_rel\" style=\"color:#5875f5\"><svg  class=\"tf_fa tf-fas-users\" aria-hidden=\"true\"><use href=\"#tf-fas-users\"><\/use><\/svg><\/em>\n                                    <\/span>\n\n                \n            <\/span>\n                <\/div>\n    <div class=\"module-feature-content tf_textc\">\n                    <h3 class=\"module-feature-title\">\n                            NOMBRE DE PARTICIPANTS                        <\/h3>\n                    <div class=\"tb_text_wrap\">\n            <h4>47 maximum<\/h4>        <\/div>\n    <\/div>\n<\/div>\n<!-- \/module feature -->\n        <\/div>\n                        <\/div>\n        <\/div>\n                        <div  data-parallax-bg=\"desktop\" data-css_id=\"0g3e255\" data-lazy=\"1\" class=\"module_row themify_builder_row fullwidth_row_container tb_0g3e255 tf_w wow\" data-tf-animation=\"fadeInRight\">\n            <span  class=\"builder_row_cover tf_abs\" data-lazy=\"1\"><\/span>            <div class=\"row_inner col_align_top tb_col_count_1 tf_box tf_rel\">\n                        <div  data-lazy=\"1\" class=\"module_column tb-column col-full tb_htwv858 first\">\n                    <!-- module text -->\n<div  class=\"module module-text tb_f67b850  repeat \" data-lazy=\"1\">\n        <div  class=\"tb_text_wrap\">\n        <h2 style=\"text-align: center;\">Tarif<\/h2>    <\/div>\n<\/div>\n<!-- \/module text -->        <div  data-lazy=\"1\" class=\"module_subrow themify_builder_sub_row tf_w col_align_top tb_col_count_3 tb_e7nb505\">\n                <div  data-lazy=\"1\" class=\"module_column sub_column col3-1 tb_qbfd505 first\">\n                            <\/div>\n                    <div  data-lazy=\"1\" class=\"module_column sub_column col3-1 tb_9wjr050\">\n                    <!-- module text -->\n<div  class=\"module module-text tb_w40g000  repeat \" data-lazy=\"1\">\n        <div  class=\"tb_text_wrap\">\n        <h2>270 \u20ac<\/h2>    <\/div>\n<\/div>\n<!-- \/module text --><!-- module divider -->\n<div  class=\"module tf_mw module-divider tb_jxr9820 solid  divider-custom divider-center\" style=\"border-width: 1px;border-color: rgba(255,255,255, 0.25);margin-top: 10px;margin-bottom: 40px;max-width: 150px;\" data-lazy=\"1\">\n    <\/div>\n<!-- \/module divider -->\n<!-- module text -->\n<div  class=\"module module-text tb_neuh865  repeat \" data-lazy=\"1\">\n        <div  class=\"tb_text_wrap\">\n        <p>14 conf\u00e9rences t\u00e9l\u00e9phoniques d&#8217;une heure<\/p>\n<p>Acc\u00e8s \u00e0 la plateforme en ligne pour la r\u00e9\u00e9coute des conf\u00e9rences<\/p>\n<p>Acc\u00e8s au groupe facebook le cas \u00e9ch\u00e9ant<\/p>    <\/div>\n<\/div>\n<!-- \/module text --><!-- module accordion -->\n<div  class=\"module module-accordion tb_f5zd862 \" data-behavior=\"toggle\" data-lazy=\"1\">\n    \n    <ul class=\"ui module-accordion   red\">\n            <li>\n            <div class=\"accordion-title tf_rel\">\n                <a href=\"#acc-f5zd862-0\" class=\"tb_title_accordion\" aria-controls=\"acc-f5zd862-0-content\" aria-expanded=\"false\">\n                                                            <span class=\"accordion-title-wrap\">INSCRIPTION<\/span>                <\/a>\n            <\/div><!-- .accordion-title -->\n            <div id=\"acc-f5zd862-0-content\" data-id=\"acc-f5zd862-0\" aria-hidden=\"true\" class=\"accordion-content tf_hide tf_clearfix\">\n                                    <div class=\"tb_text_wrap\">\n                        <p>Pour vous inscrire, merci de contacter Xavier au 06 85 97 01 23<\/p>                    <\/div>\n                            <\/div><!-- .accordion-content -->\n        <\/li>\n        <\/ul>\n\n<\/div><!-- \/module accordion -->        <\/div>\n                    <div  data-lazy=\"1\" class=\"module_column sub_column col3-1 tb_651v221 last\">\n                            <\/div>\n                    <\/div>\n                <\/div>\n                        <\/div>\n        <\/div>\n        <\/div>\n<!--\/themify_builder_content-->","protected":false},"excerpt":{"rendered":"<p>Au c\u0153ur de l&#8217;action s\u00e9minaire \u00e0 distance anim\u00e9 par Christophe Yann Consultant, formateur, auteur 06 sept 2018 &#8211; 08 jan 2019 Accessible depuis le monde entier par t\u00e9l\u00e9phone INSCRIPTION Pour vous inscrire, merci de contacter Xavier au 06 85 97 01 23 Ce qui est \u00e9crit dans mes livres prend tout son sens d\u00e8s que [&hellip;]<\/p>\n","protected":false},"author":1,"featured_media":0,"parent":0,"menu_order":0,"comment_status":"closed","ping_status":"closed","template":"","meta":{"_bbp_topic_count":0,"_bbp_reply_count":0,"_bbp_total_topic_count":0,"_bbp_total_reply_count":0,"_bbp_voice_count":0,"_bbp_anonymous_reply_count":0,"_bbp_topic_count_hidden":0,"_bbp_reply_count_hidden":0,"_bbp_forum_subforum_count":0,"jetpack_post_was_ever_published":false,"footnotes":""},"class_list":["post-6315","page","type-page","status-publish","hentry","has-post-title","has-post-date","has-post-category","has-post-tag","has-post-comment","has-post-author",""],"jetpack_shortlink":"https:\/\/wp.me\/P77fPY-1DR","jetpack_sharing_enabled":true,"_links":{"self":[{"href":"https:\/\/lhommevrai-diffusion.com\/OHV\/wp-json\/wp\/v2\/pages\/6315","targetHints":{"allow":["GET"]}}],"collection":[{"href":"https:\/\/lhommevrai-diffusion.com\/OHV\/wp-json\/wp\/v2\/pages"}],"about":[{"href":"https:\/\/lhommevrai-diffusion.com\/OHV\/wp-json\/wp\/v2\/types\/page"}],"author":[{"embeddable":true,"href":"https:\/\/lhommevrai-diffusion.com\/OHV\/wp-json\/wp\/v2\/users\/1"}],"replies":[{"embeddable":true,"href":"https:\/\/lhommevrai-diffusion.com\/OHV\/wp-json\/wp\/v2\/comments?post=6315"}],"version-history":[{"count":10,"href":"https:\/\/lhommevrai-diffusion.com\/OHV\/wp-json\/wp\/v2\/pages\/6315\/revisions"}],"predecessor-version":[{"id":6325,"href":"https:\/\/lhommevrai-diffusion.com\/OHV\/wp-json\/wp\/v2\/pages\/6315\/revisions\/6325"}],"wp:attachment":[{"href":"https:\/\/lhommevrai-diffusion.com\/OHV\/wp-json\/wp\/v2\/media?parent=6315"}],"curies":[{"name":"wp","href":"https:\/\/api.w.org\/{rel}","templated":true}]}}