{"id":99,"date":"2012-01-20T18:30:33","date_gmt":"2012-01-20T17:30:33","guid":{"rendered":"http:\/\/lhommevrai-diffusion.com\/OHV\/?page_id=99"},"modified":"2015-02-10T17:26:15","modified_gmt":"2015-02-10T16:26:15","slug":"qui-sommes-nous","status":"publish","type":"page","link":"https:\/\/lhommevrai-diffusion.com\/OHV\/qui-sommes-nous\/","title":{"rendered":"Qui sommes-nous ?"},"content":{"rendered":"<h1>Qu\u2019est-ce que l\u2019Homme vrai\u00a0?<\/h1>\n<p style=\"text-align: justify;\"><span style=\"color: #000000;\">C\u2019est avant tout un groupe d\u2019amis qui ont d\u00e9cid\u00e9 de partager leurs visions d\u2019une vie plus simple, sans dogmes, sans religions, sans croyances limitatives. Voyant la Vie comme un superbe terrain d\u2019enseignement et un magnifique jeu. Ici, pas de m\u00e9thode, seulement de la vigilance, du bon sens, et l\u2019envie d\u2019avancer. C\u2019est aussi l\u2019envie d\u2019\u00eatre conscient de ce qui nous entoure. Ils ne pr\u00f4nent pas la recherche spirituelle, ni aucun d\u00e9veloppement personnel, sachant que la vie de chaque jour nous y pr\u00e9pare d\u00e9j\u00e0. En quelques mots, \u00ab\u00a0<em>il n\u2019y a rien \u00e0 chercher, tout nous sera donn\u00e9 chaque seconde,\u00a0 par la Vie elle-m\u00eame<\/em>\u00a0\u00bb. Au travers de leurs s\u00e9minaires, ils nous transmettent avec beaucoup d\u2019humour et de simplicit\u00e9 ce que nous avions toujours su. Ils d\u00e9dramatisent notre exp\u00e9rience humaine. C\u2019est une exp\u00e9rience \u00e0 ne surtout pas manquer.<\/span><\/p>\n<p><span style=\"color: #000000;\"><strong>Les fondateurs<\/strong><\/span><\/p>\n<p style=\"text-align: justify;\"><a href=\"https:\/\/i0.wp.com\/lhommevrai-diffusion.com\/OHV\/wp-content\/uploads\/2012\/01\/Yann-Christophe1.jpg\"><img data-recalc-dims=\"1\" loading=\"lazy\" decoding=\"async\" class=\"alignleft  wp-image-434\" style=\"margin: 5px;\" title=\"Christophe Yann\" src=\"https:\/\/i0.wp.com\/lhommevrai-diffusion.com\/OHV\/wp-content\/uploads\/2012\/01\/Yann-Christophe1-300x262.jpg?resize=126%2C110\" alt=\"Christophe Yann\" width=\"126\" height=\"110\" srcset=\"https:\/\/i0.wp.com\/lhommevrai-diffusion.com\/OHV\/wp-content\/uploads\/2012\/01\/Yann-Christophe1.jpg?resize=300%2C262&amp;ssl=1 300w, https:\/\/i0.wp.com\/lhommevrai-diffusion.com\/OHV\/wp-content\/uploads\/2012\/01\/Yann-Christophe1.jpg?w=508&amp;ssl=1 508w\" sizes=\"auto, (max-width: 126px) 100vw, 126px\" \/><\/a><span style=\"color: #000000;\">\u00a0<\/span>Christophe Yann<\/p>\n<p style=\"text-align: justify;\">Ancien sportif de haut niveau, Christophe Yann subit un terrible accident qui le plonge dans une exp\u00e9rience de mort imminente. \u00c0 son retour il reconsid\u00e8re sa propre vie. Il se lance dans les aventures professionnelles les plus vari\u00e9es, comme le rachat de soci\u00e9t\u00e9s qu\u2019il relance avec la d\u00e9termination qui le caract\u00e9rise. Ce passionn\u00e9 de la Vie se d\u00e9finit comme un serviteur de celle-ci. Aujourd\u2019hui, il dispense dans ses s\u00e9minaires et conf\u00e9rences l\u2019enseignement de la Vie, pour qui souhaite vraiment se sortir de l\u2019engrenage de l&#8217;insatisfaction et retrouver la sagesse dans sa propre aventure.<\/p>\n<p style=\"text-align: justify;\"><a href=\"https:\/\/i0.wp.com\/lhommevrai-diffusion.com\/OHV\/wp-content\/uploads\/2012\/01\/Xavier-Julien1.jpg\"><img data-recalc-dims=\"1\" loading=\"lazy\" decoding=\"async\" class=\"alignleft  wp-image-435\" style=\"margin: 5px;\" title=\"Xavier Julien\" src=\"https:\/\/i0.wp.com\/lhommevrai-diffusion.com\/OHV\/wp-content\/uploads\/2012\/01\/Xavier-Julien1-247x300.jpg?resize=104%2C126\" alt=\"Xavier Julien\" width=\"104\" height=\"126\" srcset=\"https:\/\/i0.wp.com\/lhommevrai-diffusion.com\/OHV\/wp-content\/uploads\/2012\/01\/Xavier-Julien1.jpg?resize=247%2C300&amp;ssl=1 247w, https:\/\/i0.wp.com\/lhommevrai-diffusion.com\/OHV\/wp-content\/uploads\/2012\/01\/Xavier-Julien1.jpg?w=284&amp;ssl=1 284w\" sizes=\"auto, (max-width: 104px) 100vw, 104px\" \/><\/a><\/p>\n<p style=\"text-align: justify;\">Xavier Julien<\/p>\n<p style=\"text-align: justify;\">Apr\u00e8s quelques ann\u00e9es en tant qu&#8217;ing\u00e9nieur dans l&#8217;industrie a\u00e9ronautique et spatiale, il d\u00e9cide de donner une nouvelle direction \u00e0 sa vie et de tirer le meilleur parti d&#8217;une maladie g\u00e9n\u00e9tique. Cette transformation aura lieu au sein de l&#8217;organisation de l&#8217;Homme vrai o\u00f9 il est responsable des \u00e9ditions et des partenariats.<\/p>\n","protected":false},"excerpt":{"rendered":"<p>Qu\u2019est-ce que l\u2019Homme vrai\u00a0? C\u2019est avant tout un groupe d\u2019amis qui ont d\u00e9cid\u00e9 de partager leurs visions d\u2019une vie plus simple, sans dogmes, sans religions, sans croyances limitatives. Voyant la Vie comme un superbe terrain d\u2019enseignement et un magnifique jeu. Ici, pas de m\u00e9thode, seulement de la vigilance, du bon sens, et l\u2019envie d\u2019avancer. C\u2019est [&hellip;]<\/p>\n","protected":false},"author":1,"featured_media":0,"parent":0,"menu_order":0,"comment_status":"closed","ping_status":"open","template":"","meta":{"_bbp_topic_count":0,"_bbp_reply_count":0,"_bbp_total_topic_count":0,"_bbp_total_reply_count":0,"_bbp_voice_count":0,"_bbp_anonymous_reply_count":0,"_bbp_topic_count_hidden":0,"_bbp_reply_count_hidden":0,"_bbp_forum_subforum_count":0,"jetpack_post_was_ever_published":false,"footnotes":""},"class_list":["post-99","page","type-page","status-publish","hentry","has-post-title","has-post-date","has-post-category","has-post-tag","has-post-comment","has-post-author",""],"jetpack_shortlink":"https:\/\/wp.me\/P77fPY-1B","jetpack_sharing_enabled":true,"_links":{"self":[{"href":"https:\/\/lhommevrai-diffusion.com\/OHV\/wp-json\/wp\/v2\/pages\/99","targetHints":{"allow":["GET"]}}],"collection":[{"href":"https:\/\/lhommevrai-diffusion.com\/OHV\/wp-json\/wp\/v2\/pages"}],"about":[{"href":"https:\/\/lhommevrai-diffusion.com\/OHV\/wp-json\/wp\/v2\/types\/page"}],"author":[{"embeddable":true,"href":"https:\/\/lhommevrai-diffusion.com\/OHV\/wp-json\/wp\/v2\/users\/1"}],"replies":[{"embeddable":true,"href":"https:\/\/lhommevrai-diffusion.com\/OHV\/wp-json\/wp\/v2\/comments?post=99"}],"version-history":[{"count":30,"href":"https:\/\/lhommevrai-diffusion.com\/OHV\/wp-json\/wp\/v2\/pages\/99\/revisions"}],"predecessor-version":[{"id":1878,"href":"https:\/\/lhommevrai-diffusion.com\/OHV\/wp-json\/wp\/v2\/pages\/99\/revisions\/1878"}],"wp:attachment":[{"href":"https:\/\/lhommevrai-diffusion.com\/OHV\/wp-json\/wp\/v2\/media?parent=99"}],"curies":[{"name":"wp","href":"https:\/\/api.w.org\/{rel}","templated":true}]}}